{"id":9889,"date":"2026-02-05T12:10:43","date_gmt":"2026-02-05T10:10:43","guid":{"rendered":"https:\/\/ort.fi\/turku\/?page_id=9889"},"modified":"2026-04-29T08:56:04","modified_gmt":"2026-04-29T05:56:04","slug":"vuoden-2026-seurakunnanneuvoston-poytakirjat","status":"publish","type":"page","link":"https:\/\/ort.fi\/turku\/vuoden-2026-seurakunnanneuvoston-poytakirjat\/","title":{"rendered":"Vuoden 2026 seurakunnanneuvoston p\u00f6yt\u00e4kirjat"},"content":{"rendered":"\n<p class=\"has-medium-font-size\"><a href=\"https:\/\/ort.fi\/turku\/wp-content\/uploads\/2026\/04\/Neuvosto_4_2026_pk.pdf\" title=\"Seurakunnanneuvoston p\u00f6yt\u00e4kirja 27.4.2026\">Seurakunnanneuvoston p\u00f6yt\u00e4kirja 27.4.2026<\/a><\/p>\n\n\n\n<p class=\"has-medium-font-size\"><a href=\"https:\/\/ort.fi\/turku\/wp-content\/uploads\/2026\/03\/Neuvosto_3_2026_pk.pdf\" title=\"\">Seurakunnaneuvoston p\u00f6yt\u00e4kirja 23.3.2026<\/a><\/p>\n\n\n\n<p class=\"has-medium-font-size\"><a href=\"https:\/\/ort.fi\/turku\/wp-content\/uploads\/2026\/03\/Neuvosto_2_2026_pk.pdf\">Seurakunnanneuvoston p\u00f6yt\u00e4kirja 23.2.2026<\/a><\/p>\n\n\n\n<p class=\"has-medium-font-size\"><a href=\"https:\/\/ort.fi\/turku\/wp-content\/uploads\/2026\/02\/Neuvosto_1_2026_pk.pdf\" title=\"\">Seurakunnanneuvoston p\u00f6yt\u00e4kirja 2.2.2026<\/a><\/p>\n","protected":false},"excerpt":{"rendered":"<p>Seurakunnanneuvoston p\u00f6yt\u00e4kirja 27.4.2026 Seurakunnaneuvoston p\u00f6yt\u00e4kirja 23.3.2026 Seurakunnanneuvoston p\u00f6yt\u00e4kirja 23.2.2026 Seurakunnanneuvoston p\u00f6yt\u00e4kirja 2.2.2026<\/p>\n","protected":false},"author":13,"featured_media":0,"parent":0,"menu_order":0,"comment_status":"closed","ping_status":"closed","template":"","meta":{"slim_seo":{"title":"Vuoden 2026 seurakunnanneuvoston p\u00f6yt\u00e4kirjat - Turun ortodoksinen seurakunta","description":"Seurakunnanneuvoston p\u00f6yt\u00e4kirja 27.4.2026 Seurakunnaneuvoston p\u00f6yt\u00e4kirja 23.3.2026 Seurakunnanneuvoston p\u00f6yt\u00e4kirja 23.2.2026 Seurakunnanneuvoston p\u00f6yt\u00e4kirja 2.2"},"footnotes":""},"class_list":["post-9889","page","type-page","status-publish"],"_links":{"self":[{"href":"https:\/\/ort.fi\/turku\/wp-json\/wp\/v2\/pages\/9889","targetHints":{"allow":["GET"]}}],"collection":[{"href":"https:\/\/ort.fi\/turku\/wp-json\/wp\/v2\/pages"}],"about":[{"href":"https:\/\/ort.fi\/turku\/wp-json\/wp\/v2\/types\/page"}],"author":[{"embeddable":true,"href":"https:\/\/ort.fi\/turku\/wp-json\/wp\/v2\/users\/13"}],"replies":[{"embeddable":true,"href":"https:\/\/ort.fi\/turku\/wp-json\/wp\/v2\/comments?post=9889"}],"version-history":[{"count":5,"href":"https:\/\/ort.fi\/turku\/wp-json\/wp\/v2\/pages\/9889\/revisions"}],"predecessor-version":[{"id":10797,"href":"https:\/\/ort.fi\/turku\/wp-json\/wp\/v2\/pages\/9889\/revisions\/10797"}],"wp:attachment":[{"href":"https:\/\/ort.fi\/turku\/wp-json\/wp\/v2\/media?parent=9889"}],"curies":[{"name":"wp","href":"https:\/\/api.w.org\/{rel}","templated":true}]}}