{"id":957,"date":"2024-06-11T08:10:09","date_gmt":"2024-06-11T05:10:09","guid":{"rendered":"https:\/\/ort.fi\/ortturkusrk\/?page_id=957"},"modified":"2026-03-30T16:43:31","modified_gmt":"2026-03-30T13:43:31","slug":"etusivu","status":"publish","type":"page","link":"https:\/\/ort.fi\/turku\/","title":{"rendered":"AJANKOHTAISTA"},"content":{"rendered":"\n<div class=\"wp-block-buttons is-layout-flex wp-block-buttons-is-layout-flex\">\n<div class=\"wp-block-button has-custom-width wp-block-button__width-50\"><a class=\"wp-block-button__link has-accent-background-color has-background wp-element-button\" href=\"https:\/\/ort.fi\/turku\/jumalanpalveluskalenteri\/\" style=\"border-radius:0px\">Jumalanpalveluskalenteri<\/a><\/div>\n\n\n\n<div class=\"wp-block-button has-custom-width wp-block-button__width-50 is-style-fill\"><a class=\"wp-block-button__link has-accent-background-color has-background wp-element-button\" href=\"https:\/\/ort.fi\/turku\/tapahtumakalenteri\/\" style=\"border-radius:0px\">Tapahtumakalenteri<\/a><\/div>\n<\/div>\n\n\n\n<hr class=\"wp-block-separator has-alpha-channel-opacity\"\/>\n\n\n\n<div class=\"wp-block-columns is-layout-flex wp-container-core-columns-is-layout-9d6595d7 wp-block-columns-is-layout-flex\">\n<div class=\"wp-block-column is-layout-flow wp-block-column-is-layout-flow\" style=\"flex-basis:100%\">\n<h2 class=\"wp-block-heading\">AJANKOHTAISTA<\/h2>\n\n\n<ul class=\"wp-block-latest-posts__list wp-block-latest-posts\"><li><a class=\"wp-block-latest-posts__post-title\" href=\"https:\/\/ort.fi\/turku\/2026\/03\/03\/kysely-kupoli-lehdesta\/\">Kysely Kupoli-lehdest\u00e4<\/a><div class=\"wp-block-latest-posts__post-excerpt\">Hyv\u00e4 lukija, Haluamme kuulla ajatuksiasi Kupoli-lehden sis\u00e4lt\u00f6\u00f6n ja kokonaisuuteen liittyen. Palautteesi auttaa meit\u00e4 kehitt\u00e4m\u00e4\u00e4n lehte\u00e4 ja varmistamaan, ett\u00e4 se palvelee seurakuntalaisia mahdollisimman hyvin my\u00f6s tulevaisuudessa. Jokainen palaute on&nbsp;arvokas!&nbsp; Kupoli -lehden lukijakysely Kupoli-tidningens l\u00e4sarunders\u00f6kning Kupoli magazine reader survey \u041e\u043f\u0438\u0442\u0443\u0432\u0430\u043d\u043d\u044f \u0447\u0438\u0442\u0430\u0447\u0456\u0432 \u0436\u0443\u0440\u043d\u0430\u043b\u0443 Kupoli \u041e\u043f\u0440\u043e\u0441 \u0447\u0438\u0442\u0430\u0442\u0435\u043b\u0435\u0439 \u0436\u0443\u0440\u043d\u0430\u043b\u0430 Kupoli Chestionar pentru cititorii revistei Kupoli<\/div><\/li>\n<\/ul>\n\n<ul class=\"wp-block-latest-posts__list is-grid columns-2 has-dates wp-block-latest-posts\"><li><div class=\"wp-block-latest-posts__featured-image\"><a href=\"https:\/\/ort.fi\/turku\/2026\/05\/04\/seurakunnanvaltuuston-kokous-20-5-2026\/\" aria-label=\"Seurakunnanvaltuuston kokous 20.5.2026\"><img loading=\"lazy\" decoding=\"async\" width=\"1024\" height=\"768\" src=\"https:\/\/ort.fi\/turku\/wp-content\/uploads\/2025\/09\/20250514_102318-1024x768.jpg\" class=\"attachment-large size-large wp-post-image\" alt=\"20250514 102318\" style=\"max-width:256px;max-height:256px;\" srcset=\"https:\/\/ort.fi\/turku\/wp-content\/uploads\/2025\/09\/20250514_102318-1024x768.jpg 1024w, https:\/\/ort.fi\/turku\/wp-content\/uploads\/2025\/09\/20250514_102318-300x225.jpg 300w, https:\/\/ort.fi\/turku\/wp-content\/uploads\/2025\/09\/20250514_102318-768x576.jpg 768w, https:\/\/ort.fi\/turku\/wp-content\/uploads\/2025\/09\/20250514_102318-1536x1152.jpg 1536w, https:\/\/ort.fi\/turku\/wp-content\/uploads\/2025\/09\/20250514_102318-2048x1536.jpg 2048w\" sizes=\"auto, (max-width: 1024px) 100vw, 1024px\" \/><\/a><\/div><a class=\"wp-block-latest-posts__post-title\" href=\"https:\/\/ort.fi\/turku\/2026\/05\/04\/seurakunnanvaltuuston-kokous-20-5-2026\/\">Seurakunnanvaltuuston kokous 20.5.2026<\/a><time datetime=\"2026-05-04T13:20:36+03:00\" class=\"wp-block-latest-posts__post-date\">4.5.2026<\/time><div class=\"wp-block-latest-posts__post-excerpt\">Seurakunnanvaltuuston ensimm\u00e4inen s\u00e4\u00e4nt\u00f6m\u00e4\u00e4r\u00e4inen kokous pidet\u00e4\u00e4n keskiviikkona 20.5.2024 klo 18. Kokouksessa k\u00e4sitelt\u00e4v\u00e4t asiat ovat n\u00e4ht\u00e4viss\u00e4 t\u00e4m\u00e4n&hellip; <a class=\"continue\" href=\"https:\/\/ort.fi\/turku\/\">Continue Reading<span> AJANKOHTAISTA<\/span><\/a><\/div><\/li>\n<li><div class=\"wp-block-latest-posts__featured-image\"><a href=\"https:\/\/ort.fi\/turku\/2026\/05\/02\/tiedote-pyhan-aleksandran-kirkon-vaistotilajarjestelyt-kevaasta-2027\/\" aria-label=\"TIEDOTE \/ Pyh\u00e4n Aleksandran kirkon v\u00e4ist\u00f6tilaj\u00e4rjestelyt kev\u00e4\u00e4st\u00e4 2027\"><img loading=\"lazy\" decoding=\"async\" width=\"1024\" height=\"682\" src=\"https:\/\/ort.fi\/turku\/wp-content\/uploads\/2026\/05\/VPK_talo_jalkipeliNet-1024x682.jpg\" class=\"attachment-large size-large wp-post-image\" alt=\"VPK talo j\u00e4lkipeliNet\" style=\"max-width:256px;max-height:256px;\" srcset=\"https:\/\/ort.fi\/turku\/wp-content\/uploads\/2026\/05\/VPK_talo_jalkipeliNet-1024x682.jpg 1024w, https:\/\/ort.fi\/turku\/wp-content\/uploads\/2026\/05\/VPK_talo_jalkipeliNet-300x200.jpg 300w, https:\/\/ort.fi\/turku\/wp-content\/uploads\/2026\/05\/VPK_talo_jalkipeliNet-768x512.jpg 768w, https:\/\/ort.fi\/turku\/wp-content\/uploads\/2026\/05\/VPK_talo_jalkipeliNet.jpg 1520w\" sizes=\"auto, (max-width: 1024px) 100vw, 1024px\" \/><\/a><\/div><a class=\"wp-block-latest-posts__post-title\" href=\"https:\/\/ort.fi\/turku\/2026\/05\/02\/tiedote-pyhan-aleksandran-kirkon-vaistotilajarjestelyt-kevaasta-2027\/\">TIEDOTE \/ Pyh\u00e4n Aleksandran kirkon v\u00e4ist\u00f6tilaj\u00e4rjestelyt kev\u00e4\u00e4st\u00e4 2027<\/a><time datetime=\"2026-05-02T15:28:20+03:00\" class=\"wp-block-latest-posts__post-date\">2.5.2026<\/time><div class=\"wp-block-latest-posts__post-excerpt\">Seurakunnanneuvosto on 27.4.2026 p\u00e4\u00e4tt\u00e4nyt Pyh\u00e4n Aleksandran kirkkoa koskevista &nbsp;v\u00e4ist\u00f6tilaj\u00e4rjestelyist\u00e4.Kev\u00e4\u00e4ll\u00e4 2027, Turun Pyh\u00e4n Aleksandran kirkossa aloitetaan&hellip; <a class=\"continue\" href=\"https:\/\/ort.fi\/turku\/\">Continue Reading<span> AJANKOHTAISTA<\/span><\/a><\/div><\/li>\n<li><div class=\"wp-block-latest-posts__featured-image\"><a href=\"https:\/\/ort.fi\/turku\/2026\/05\/02\/tiedote-seurakunnanneuvoston-kokouksen-27-4-2026-paatokset\/\" aria-label=\"Tiedote \/ Seurakunnanneuvoston kokouksen 27.4.2026 p\u00e4\u00e4t\u00f6kset\"><img loading=\"lazy\" decoding=\"async\" width=\"576\" height=\"1024\" src=\"https:\/\/ort.fi\/turku\/wp-content\/uploads\/2026\/05\/1000053385-576x1024.jpg\" class=\"attachment-large size-large wp-post-image\" alt=\"1000053385\" style=\"max-width:256px;max-height:256px;\" srcset=\"https:\/\/ort.fi\/turku\/wp-content\/uploads\/2026\/05\/1000053385-576x1024.jpg 576w, https:\/\/ort.fi\/turku\/wp-content\/uploads\/2026\/05\/1000053385-169x300.jpg 169w, https:\/\/ort.fi\/turku\/wp-content\/uploads\/2026\/05\/1000053385-768x1365.jpg 768w, https:\/\/ort.fi\/turku\/wp-content\/uploads\/2026\/05\/1000053385-864x1536.jpg 864w, https:\/\/ort.fi\/turku\/wp-content\/uploads\/2026\/05\/1000053385-1152x2048.jpg 1152w, https:\/\/ort.fi\/turku\/wp-content\/uploads\/2026\/05\/1000053385-rotated.jpg 1301w\" sizes=\"auto, (max-width: 576px) 100vw, 576px\" \/><\/a><\/div><a class=\"wp-block-latest-posts__post-title\" href=\"https:\/\/ort.fi\/turku\/2026\/05\/02\/tiedote-seurakunnanneuvoston-kokouksen-27-4-2026-paatokset\/\">Tiedote \/ Seurakunnanneuvoston kokouksen 27.4.2026 p\u00e4\u00e4t\u00f6kset<\/a><time datetime=\"2026-05-02T15:13:09+03:00\" class=\"wp-block-latest-posts__post-date\">2.5.2026<\/time><div class=\"wp-block-latest-posts__post-excerpt\">Turun ortodoksisen seurakunnan seurakunnanneuvosto kokoontui maanantaina 27. huhtikuuta 2026. Kokouksessa k\u00e4siteltiin laajasti seurakunnan hallintoon, strategiseen&hellip; <a class=\"continue\" href=\"https:\/\/ort.fi\/turku\/\">Continue Reading<span> AJANKOHTAISTA<\/span><\/a><\/div><\/li>\n<li><div class=\"wp-block-latest-posts__featured-image\"><a href=\"https:\/\/ort.fi\/turku\/2026\/04\/27\/pastori-valtteri-oksan-koepalvelukset\/\" aria-label=\"Pastori Valtteri Oksan koepalvelukset\"><img loading=\"lazy\" decoding=\"async\" width=\"819\" height=\"1024\" src=\"https:\/\/ort.fi\/turku\/wp-content\/uploads\/2026\/04\/koepalvelukset-1-1-819x1024.png\" class=\"attachment-large size-large wp-post-image\" alt=\"Koepalvelukset\" style=\"max-width:256px;max-height:256px;\" srcset=\"https:\/\/ort.fi\/turku\/wp-content\/uploads\/2026\/04\/koepalvelukset-1-1-819x1024.png 819w, https:\/\/ort.fi\/turku\/wp-content\/uploads\/2026\/04\/koepalvelukset-1-1-240x300.png 240w, https:\/\/ort.fi\/turku\/wp-content\/uploads\/2026\/04\/koepalvelukset-1-1-768x961.png 768w, https:\/\/ort.fi\/turku\/wp-content\/uploads\/2026\/04\/koepalvelukset-1-1-1228x1536.png 1228w, https:\/\/ort.fi\/turku\/wp-content\/uploads\/2026\/04\/koepalvelukset-1-1-1638x2048.png 1638w, https:\/\/ort.fi\/turku\/wp-content\/uploads\/2026\/04\/koepalvelukset-1-1-scaled.png 2047w\" sizes=\"auto, (max-width: 819px) 100vw, 819px\" \/><\/a><\/div><a class=\"wp-block-latest-posts__post-title\" href=\"https:\/\/ort.fi\/turku\/2026\/04\/27\/pastori-valtteri-oksan-koepalvelukset\/\">Pastori Valtteri Oksan koepalvelukset<\/a><time datetime=\"2026-04-27T20:23:58+03:00\" class=\"wp-block-latest-posts__post-date\">27.4.2026<\/time><div class=\"wp-block-latest-posts__post-excerpt\">Pastori Valtteri Oksan koepalvelukset j\u00e4rjestet\u00e4\u00e4n Pyh\u00e4n Aleksandran kirkossa. Tervetuloa lauantaina 9.5. klo 17 vigiliaan ja&hellip; <a class=\"continue\" href=\"https:\/\/ort.fi\/turku\/\">Continue Reading<span> AJANKOHTAISTA<\/span><\/a><\/div><\/li>\n<li><div class=\"wp-block-latest-posts__featured-image\"><a href=\"https:\/\/ort.fi\/turku\/2026\/04\/18\/10713\/\" aria-label=\"Professori Arkkimandriitta Serafim Sepp\u00e4l\u00e4n luento &#8217;El\u00e4imet ja Jumala&#8217;\"><img loading=\"lazy\" decoding=\"async\" width=\"819\" height=\"1024\" src=\"https:\/\/ort.fi\/turku\/wp-content\/uploads\/2026\/04\/tervetuloa-Professori-arkkimandriitta-Serafim-Sepalan-luentoon-aiheesta-\u2018elaimet-ja-jumala-2-819x1024.png\" class=\"attachment-large size-large wp-post-image\" alt=\"Tervetuloa Professori arkkimandriitta Serafim Sep\u00e4l\u00e4n luentoon aiheesta \u2018el\u00e4imet ja jumala\u2019 (2)\" style=\"max-width:256px;max-height:256px;\" srcset=\"https:\/\/ort.fi\/turku\/wp-content\/uploads\/2026\/04\/tervetuloa-Professori-arkkimandriitta-Serafim-Sepalan-luentoon-aiheesta-\u2018elaimet-ja-jumala-2-819x1024.png 819w, https:\/\/ort.fi\/turku\/wp-content\/uploads\/2026\/04\/tervetuloa-Professori-arkkimandriitta-Serafim-Sepalan-luentoon-aiheesta-\u2018elaimet-ja-jumala-2-240x300.png 240w, https:\/\/ort.fi\/turku\/wp-content\/uploads\/2026\/04\/tervetuloa-Professori-arkkimandriitta-Serafim-Sepalan-luentoon-aiheesta-\u2018elaimet-ja-jumala-2-768x960.png 768w, https:\/\/ort.fi\/turku\/wp-content\/uploads\/2026\/04\/tervetuloa-Professori-arkkimandriitta-Serafim-Sepalan-luentoon-aiheesta-\u2018elaimet-ja-jumala-2-1229x1536.png 1229w, https:\/\/ort.fi\/turku\/wp-content\/uploads\/2026\/04\/tervetuloa-Professori-arkkimandriitta-Serafim-Sepalan-luentoon-aiheesta-\u2018elaimet-ja-jumala-2-1638x2048.png 1638w, https:\/\/ort.fi\/turku\/wp-content\/uploads\/2026\/04\/tervetuloa-Professori-arkkimandriitta-Serafim-Sepalan-luentoon-aiheesta-\u2018elaimet-ja-jumala-2-scaled.png 2048w\" sizes=\"auto, (max-width: 819px) 100vw, 819px\" \/><\/a><\/div><a class=\"wp-block-latest-posts__post-title\" href=\"https:\/\/ort.fi\/turku\/2026\/04\/18\/10713\/\">Professori Arkkimandriitta Serafim Sepp\u00e4l\u00e4n luento &#8217;El\u00e4imet ja Jumala&#8217;<\/a><time datetime=\"2026-04-18T20:37:40+03:00\" class=\"wp-block-latest-posts__post-date\">18.4.2026<\/time><div class=\"wp-block-latest-posts__post-excerpt\">Tervetuloa professori Arkkimandriitta Serafim Sepp\u00e4l\u00e4n luentoon &#8217;El\u00e4imet ja Jumala&#8217; 6.5.2026 klo 18 Seurakuntasalissa (Yliopistonkatu 19B3)!<\/div><\/li>\n<li><div class=\"wp-block-latest-posts__featured-image\"><a href=\"https:\/\/ort.fi\/turku\/2026\/04\/13\/mahdollisuus-osallistua-seurakunnan-lasten-paivaleirille-turussa\/\" aria-label=\"Mahdollisuus osallistua lasten p\u00e4iv\u00e4leirille Turussa!\"><img loading=\"lazy\" decoding=\"async\" width=\"1024\" height=\"768\" src=\"https:\/\/ort.fi\/turku\/wp-content\/uploads\/2026\/04\/Lapsikuoro-Tampereella-NEKKU-1024x768.jpg\" class=\"attachment-large size-large wp-post-image\" alt=\"Lapsia kirkossa laulamassa.\" style=\"max-width:256px;max-height:256px;\" srcset=\"https:\/\/ort.fi\/turku\/wp-content\/uploads\/2026\/04\/Lapsikuoro-Tampereella-NEKKU-1024x768.jpg 1024w, https:\/\/ort.fi\/turku\/wp-content\/uploads\/2026\/04\/Lapsikuoro-Tampereella-NEKKU-300x225.jpg 300w, https:\/\/ort.fi\/turku\/wp-content\/uploads\/2026\/04\/Lapsikuoro-Tampereella-NEKKU-768x576.jpg 768w, https:\/\/ort.fi\/turku\/wp-content\/uploads\/2026\/04\/Lapsikuoro-Tampereella-NEKKU-1536x1152.jpg 1536w, https:\/\/ort.fi\/turku\/wp-content\/uploads\/2026\/04\/Lapsikuoro-Tampereella-NEKKU-2048x1536.jpg 2048w\" sizes=\"auto, (max-width: 1024px) 100vw, 1024px\" \/><\/a><\/div><a class=\"wp-block-latest-posts__post-title\" href=\"https:\/\/ort.fi\/turku\/2026\/04\/13\/mahdollisuus-osallistua-seurakunnan-lasten-paivaleirille-turussa\/\">Mahdollisuus osallistua lasten p\u00e4iv\u00e4leirille Turussa!<\/a><time datetime=\"2026-04-13T17:24:57+03:00\" class=\"wp-block-latest-posts__post-date\">13.4.2026<\/time><div class=\"wp-block-latest-posts__post-excerpt\">Hyv\u00e4 huoltaja, T\u00e4n\u00e4 kes\u00e4n\u00e4 seurakuntamme j\u00e4rjest\u00e4\u00e4 lasten p\u00e4iv\u00e4leirin Turussa. Haluamme tarjota mahdollisimman monelle lapselle mahdollisuuden&hellip; <a class=\"continue\" href=\"https:\/\/ort.fi\/turku\/\">Continue Reading<span> AJANKOHTAISTA<\/span><\/a><\/div><\/li>\n<\/ul>\n\n\n<p class=\"has-text-align-center\"><a data-type=\"page\" data-id=\"439\" href=\"https:\/\/ort.fi\/turku\/uutiset\/\"><strong>Lis\u00e4\u00e4 uutisia t\u00e4st\u00e4<\/strong><\/a><\/p>\n<\/div>\n<\/div>\n\n\n\n<h5 class=\"wp-block-heading\"><strong><em>TERVETULOA TURUN SEURAKUNTAAN!<\/em><\/strong><\/h5>\n\n\n\n<p>Tervetuloa monikulttuuriseen Turun ortodoksiseen seurakuntaan. <a href=\"https:\/\/ort.fi\/\">Suomen ortodoksinen kirkko<\/a> palvelee kaikkia Suomessa asuvia ortodoksisen kirkon j\u00e4seni\u00e4 heid\u00e4n \u00e4idinkieleens\u00e4 ja kansalaisuuteensa katsomatta. Suomen ortodoksinen kirkko on toiminut vuodesta 1923 asti <a href=\"https:\/\/ec-patr.org\/\">Konstantinopolin Ekumeenisen patriarkaatin<\/a> yhteydess\u00e4. Turun ortodoksinen seurakunta on yksi kymmenest\u00e4 ortodoksisesta seurakunnasta Suomessa.<\/p>\n\n\n\n<p>Seurakunta toimii Lounais-Suomessa, Satakunnassa ja Ahvenanmaalla. <\/p>\n\n\n\n<div style=\"text-align: center;\"><iframe loading=\"lazy\" src=\"https:\/\/www.google.com\/maps\/d\/u\/1\/embed?mid=1wfQNc6TxceCXi8B70acm4BvNGPNiCVM&#038;ehbc=2E312F\" width=\"980\" height=\"680\"><\/iframe><\/div>\n\n\n\n<p class=\"has-text-align-center\" style=\"font-size:15px\">Asut seurakunnan alueella, jos kotikuntasi on Aura, Br\u00e4nd\u00f6, Ecker\u00f6, Eura, Finstr\u00f6m, F\u00f6gl\u00f6, Geta, Hammarland, Harjavalta, Huittinen, Jomala, Kaarina, Kemi\u00f6nsaari, Kokem\u00e4ki, Koski, Kumlinge, Kustavi, K\u00f6kar, Laitila, Lemland, Lieto, Loimaa, Lumparland, Maarianhamina, Marttila, Masku, Myn\u00e4m\u00e4ki, Naantali, Nousiainen, Orip\u00e4\u00e4, Paimio, Parainen, Punkalaidun, Pyh\u00e4ranta, P\u00f6yty\u00e4, Raisio, Rauma, Rusko, Salo, Saltvik, Sauvo, Sottunga, Sund, S\u00e4kyl\u00e4, Taivassalo, Turku, Uusikaupunki, V\u00e5rd\u00f6 tai Vehmaa.<\/p>\n\n\n\n<hr class=\"wp-block-separator has-alpha-channel-opacity\"\/>\n\n\n\n<div class=\"wp-block-media-text alignwide has-media-on-the-right is-stacked-on-mobile is-vertically-aligned-center\" style=\"grid-template-columns:auto 26%\"><div class=\"wp-block-media-text__content\">\n<p><strong>Ajankohtaista Suomen ortodoksisessa kirkossa<\/strong><\/p>\n\n\n\n<div class=\"wp-block-group is-nowrap is-layout-flex wp-container-core-group-is-layout-ad2f72ca wp-block-group-is-layout-flex\"><ul class=\"wp-block-rss\"><li class='wp-block-rss__item'><div class='wp-block-rss__item-title'><a href='https:\/\/ort.fi\/news\/ortodoksisten-pappien-liiton-opintopaivat-liettuan-eksarkaatissa-15-18-9\/'>Ortodoksisten pappien liiton opintop\u00e4iv\u00e4t Liettuan eksarkaatissa 15.-18.9.<\/a><\/div><\/li><li class='wp-block-rss__item'><div class='wp-block-rss__item-title'><a href='https:\/\/ort.fi\/news\/skeemanunna-melania-on-kuollut-hautaan-siunaaminen-keskiviikkona-6-toukokuuta\/'>Skeemanunna Melania on kuollut \u2013 hautaan siunaaminen keskiviikkona 6. toukokuuta<\/a><\/div><\/li><li class='wp-block-rss__item'><div class='wp-block-rss__item-title'><a href='https:\/\/ort.fi\/news\/esitelmatilaisuus-joensuussa-16-5-pohjois-karjalan-arkeologiset-loydot-ortodoksisen-kulttuuriperinnon-nakokulmasta\/'>Esitelm\u00e4tilaisuus Joensuussa 16.5.: Pohjois-Karjalan arkeologiset l\u00f6yd\u00f6t ortodoksisen kulttuuriperinn\u00f6n n\u00e4k\u00f6kulmasta<\/a><\/div><\/li><li class='wp-block-rss__item'><div class='wp-block-rss__item-title'><a href='https:\/\/ort.fi\/news\/yle-radio-1-sunnuntaina-3-5-klo-20-halvaantuneen-sunnuntain-piispallinen-liturgia-uspenskin-katedraalista-kirkkolaulupaivien-suurkuoro-laulaa\/'>Yle Radio 1 sunnuntaina 3.5. klo 20: Halvaantuneen sunnuntain piispallinen liturgia Uspenskin katedraalista, kirkkolaulup\u00e4ivien suurkuoro laulaa<\/a><\/div><\/li><li class='wp-block-rss__item'><div class='wp-block-rss__item-title'><a href='https:\/\/ort.fi\/news\/samarialaisen-naisen-sunnuntai-3-5\/'>Samarialaisen naisen sunnuntai 3.5.<\/a><\/div><\/li><\/ul><\/div>\n<\/div><figure class=\"wp-block-media-text__media\"><a href=\"https:\/\/ort.fi\" target=\"_blank\" rel=\" noreferrer noopener\"><img loading=\"lazy\" decoding=\"async\" width=\"420\" height=\"403\" src=\"https:\/\/ort.fi\/ortturkusrk\/wp-content\/uploads\/2024\/12\/ort-logo.png\" alt=\"\" class=\"wp-image-4513 size-full\" srcset=\"https:\/\/ort.fi\/turku\/wp-content\/uploads\/2024\/12\/ort-logo.png 420w, https:\/\/ort.fi\/turku\/wp-content\/uploads\/2024\/12\/ort-logo-300x288.png 300w\" sizes=\"auto, (max-width: 420px) 100vw, 420px\" \/><\/a><\/figure><\/div>\n\n\n\n<hr class=\"wp-block-separator has-alpha-channel-opacity\"\/>\n\n\n\n<p><\/p>\n","protected":false},"excerpt":{"rendered":"<p>AJANKOHTAISTA Lis\u00e4\u00e4 uutisia t\u00e4st\u00e4 TERVETULOA TURUN SEURAKUNTAAN! Tervetuloa monikulttuuriseen Turun ortodoksiseen seurakuntaan. Suomen ortodoksinen kirkko palvelee kaikkia Suomessa asuvia ortodoksisen kirkon j\u00e4seni\u00e4 heid\u00e4n \u00e4idinkieleens\u00e4 ja kansalaisuuteensa katsomatta. Suomen ortodoksinen kirkko on toiminut vuodesta 1923 asti Konstantinopolin Ekumeenisen patriarkaatin yhteydess\u00e4. Turun ortodoksinen seurakunta on yksi kymmenest\u00e4 ortodoksisesta seurakunnasta Suomessa. Seurakunta toimii Lounais-Suomessa, Satakunnassa ja Ahvenanmaalla. Asut&hellip; <a class=\"continue\" href=\"https:\/\/ort.fi\/turku\/\">Continue Reading<span> AJANKOHTAISTA<\/span><\/a><\/p>\n","protected":false},"author":5,"featured_media":4873,"parent":0,"menu_order":0,"comment_status":"closed","ping_status":"closed","template":"","meta":{"slim_seo":{"title":"Turun ortodoksinen seurakunta - Suomen ortodoksinen kirkko \u2022 Konstantinopolin ekumeeninen patriarkaatti","description":"AJANKOHTAISTA Lis\u00e4\u00e4 uutisia t\u00e4st\u00e4 TERVETULOA TURUN SEURAKUNTAAN! Tervetuloa monikulttuuriseen Turun ortodoksiseen seurakuntaan. Suomen ortodoksinen kirkko palve"},"footnotes":""},"class_list":["post-957","page","type-page","status-publish","has-post-thumbnail"],"_links":{"self":[{"href":"https:\/\/ort.fi\/turku\/wp-json\/wp\/v2\/pages\/957","targetHints":{"allow":["GET"]}}],"collection":[{"href":"https:\/\/ort.fi\/turku\/wp-json\/wp\/v2\/pages"}],"about":[{"href":"https:\/\/ort.fi\/turku\/wp-json\/wp\/v2\/types\/page"}],"author":[{"embeddable":true,"href":"https:\/\/ort.fi\/turku\/wp-json\/wp\/v2\/users\/5"}],"replies":[{"embeddable":true,"href":"https:\/\/ort.fi\/turku\/wp-json\/wp\/v2\/comments?post=957"}],"version-history":[{"count":9,"href":"https:\/\/ort.fi\/turku\/wp-json\/wp\/v2\/pages\/957\/revisions"}],"predecessor-version":[{"id":10533,"href":"https:\/\/ort.fi\/turku\/wp-json\/wp\/v2\/pages\/957\/revisions\/10533"}],"wp:featuredmedia":[{"embeddable":true,"href":"https:\/\/ort.fi\/turku\/wp-json\/wp\/v2\/media\/4873"}],"wp:attachment":[{"href":"https:\/\/ort.fi\/turku\/wp-json\/wp\/v2\/media?parent=957"}],"curies":[{"name":"wp","href":"https:\/\/api.w.org\/{rel}","templated":true}]}}