{"id":9301,"date":"2025-12-15T13:11:43","date_gmt":"2025-12-15T11:11:43","guid":{"rendered":"https:\/\/ort.fi\/turku\/?page_id=9301"},"modified":"2026-03-04T12:12:15","modified_gmt":"2026-03-04T10:12:15","slug":"tervetuloa-kirkkokahveille","status":"publish","type":"page","link":"https:\/\/ort.fi\/turku\/tervetuloa-kirkkokahveille\/","title":{"rendered":"Tervetuloa kirkkokahveille!"},"content":{"rendered":"\n<p>Seurakunnassamme on tapana kokoontua yhteiseen hetkeen jumalanpalveluksen j\u00e4lkeen. Sunnuntaisin sek\u00e4 suurten juhlien j\u00e4lkeen tarjoamme kirkkokahvit \u2013 l\u00e4mminhenkinen tilaisuus kohdata tuttuja ja uusia kasvoja, vaihtaa kuulumisia ja nauttia yhdess\u00e4olosta. Kirkkokahvit ovat osa seurakuntamme yhteis\u00f6llisyytt\u00e4 ja avoimia kaikille.<\/p>\n\n\n\n<p>Seurakunnan kirkkokahvit ovat p\u00e4\u00e4s\u00e4\u00e4nt\u00f6isesti vapaaehtoisten j\u00e4rjest\u00e4mi\u00e4. Vapaaehtoinen kirkkokahvimaksu on t\u00e4rke\u00e4, sill\u00e4 maksun avulla toimintapiirit voivat ker\u00e4t\u00e4 varoja toimintaansa. Maksu mahdollistaa my\u00f6s kirkkokahvitoiminnan jatkumisen. Maksamisen vapaaehtoisuus takaa my\u00f6s sen, ett\u00e4 kaikki taloudellisesta tilanteesta riippumatta voivat osallistua yhteiseen kirkkokahvihetkeen.<\/p>\n\n\n\n<p>Turussa, Salossa ja Raumalla vapaaehtoisen maksun voi suorittaa my\u00f6s pankkikortilla. Tarkemmat ohjeet kirkkokahvien j\u00e4rjest\u00e4jille l\u00f6ytyv\u00e4t sivun alalaidasta.<\/p>\n\n\n\n<p>Jos et ole aiemmin j\u00e4rjest\u00e4nyt kirkkokahveja, mutta olisit kiinnostunut osallistumaan niiden tekemiseen, ota yhteys seurakuntaan!<\/p>\n\n\n\n<p><\/p>\n\n\n<div class=\"wp-block-image\">\n<figure class=\"aligncenter size-large\"><img loading=\"lazy\" decoding=\"async\" width=\"768\" height=\"1024\" src=\"https:\/\/ort.fi\/turku\/wp-content\/uploads\/2026\/03\/20260208_113114-768x1024.jpg\" alt=\"Kirkkokahvit alkamassa.\" class=\"wp-image-10151\" style=\"aspect-ratio:3\/4;object-fit:cover\" srcset=\"https:\/\/ort.fi\/turku\/wp-content\/uploads\/2026\/03\/20260208_113114-768x1024.jpg 768w, https:\/\/ort.fi\/turku\/wp-content\/uploads\/2026\/03\/20260208_113114-225x300.jpg 225w, https:\/\/ort.fi\/turku\/wp-content\/uploads\/2026\/03\/20260208_113114-1152x1536.jpg 1152w, https:\/\/ort.fi\/turku\/wp-content\/uploads\/2026\/03\/20260208_113114-1536x2048.jpg 1536w, https:\/\/ort.fi\/turku\/wp-content\/uploads\/2026\/03\/20260208_113114-scaled.jpg 1920w\" sizes=\"auto, (max-width: 768px) 100vw, 768px\" \/><\/figure>\n<\/div>\n\n\n<p><\/p>\n\n\n\n<p>OHJE VAPAAEHTOISILLE KIRKKOKAHVIN TEKIJ\u00d6ILLE<\/p>\n\n\n\n<p>1. Varaa vuoro kirkkokahvilistalta (seurakunnan ilmoitustaululla)<\/p>\n\n\n\n<p>2. Kirkkokahvilla on vapaaehtoinen maksu ja maksu suoritetaan joko k\u00e4teisell\u00e4 tai maksukortilla (my\u00f6hemmin my\u00f6s MobilePay)<\/p>\n\n\n\n<p>3. Seurakunnalta saa maksup\u00e4\u00e4telaitteen<\/p>\n\n\n\n<p>4. Kirkkokahvien tarjoilujen on oltava kohtuuhintaiset: korkeintaan noin 60 euroa.<\/p>\n\n\n\n<p>5. Seurakunta vastaa kirkkokahvitarvikkeiden maksusta korkeintaan 60 euroon saakka. Kuittia vastaan seurakunta palauttaa summan takaisin maksajalle\/yhdistykselle. Kuitin yhteydess\u00e4 tulee ilmoittaa pankkitilin numero ja tilinomistaja, jotta ostosumma voidaan palauttaa. Kuitit tulee toimittaa maksatuslomakkeen kanssa joko kirkkoherralle tai kansliaan. Maksatuslomakkeita on keitti\u00f6ss\u00e4 mikron vieress\u00e4 vasemmalla toisessa muovitaskussa tai lomakkeen voi pyyt\u00e4\u00e4 s\u00e4hk\u00f6postiin l\u00e4hett\u00e4m\u00e4ll\u00e4 viestin seurakunnan s\u00e4hk\u00f6postiin turku@ort.fi<\/p>\n\n\n\n<p>6. Kirkkokahvien tekij\u00e4t voivat k\u00e4ytt\u00e4\u00e4 seurakunnan ostamaa kahvia, teet\u00e4, sokeria ja lautasliinoja.<\/p>\n\n\n\n<p>7. Seurakunnalla ei ole k\u00e4teiskassaa kirkkokahveja varten.<\/p>\n\n\n\n<p>8. Kirkkokahvin tuotto TILITET\u00c4\u00c4N JOKO SEURAKUNNALLE TAI YHDISTYKSELLE (Valamon Yst\u00e4v\u00e4t, Turun Tiistaiseura tai Turun kirkon kuoro).<\/p>\n\n\n\n<p>9. Mik\u00e4li haluatte lahjoittaa tai k\u00e4ytt\u00e4\u00e4 seurakunnalle tehdyn kirkkokahvituoton jollekin taholle (esim. Filantropia, Lintulan luostari, nuorisoty\u00f6, diakonia), tulee tilityksen yhteydess\u00e4 mainita, mihin kirkkokahvituotto k\u00e4ytet\u00e4\u00e4n.<\/p>\n\n\n\n<p>10. Seurakunnalla on oma tilityslomake, johon merkit\u00e4\u00e4n kirkkokahvituotto. Rahat ja lomake toimitetaan kansliaan tai kirkkoherralle. Tilityslomakkeet l\u00f6yt\u00e4v\u00e4t mikron vieress\u00e4 vasemmalla olevasta toisesta muovitaskusta. Lomakkeita voi pyyt\u00e4\u00e4 my\u00f6s s\u00e4hk\u00f6postitse turku@ort.fi<\/p>\n\n\n\n<p>11. RAHATILITYSPUSSISSA TULEE OLLA AINA MUKANA TIETO MYYNTITUOTOISTA, TILAISUUDEN NIMI JA P\u00c4IV\u00c4M\u00c4\u00c4R\u00c4<\/p>\n","protected":false},"excerpt":{"rendered":"<p>Seurakunnassamme on tapana kokoontua yhteiseen hetkeen jumalanpalveluksen j\u00e4lkeen. Sunnuntaisin sek\u00e4 suurten juhlien j\u00e4lkeen tarjoamme kirkkokahvit \u2013 l\u00e4mminhenkinen tilaisuus kohdata tuttuja ja uusia kasvoja, vaihtaa kuulumisia ja nauttia yhdess\u00e4olosta. Kirkkokahvit ovat osa seurakuntamme yhteis\u00f6llisyytt\u00e4 ja avoimia kaikille. Seurakunnan kirkkokahvit ovat p\u00e4\u00e4s\u00e4\u00e4nt\u00f6isesti vapaaehtoisten j\u00e4rjest\u00e4mi\u00e4. Vapaaehtoinen kirkkokahvimaksu on t\u00e4rke\u00e4, sill\u00e4 maksun avulla toimintapiirit voivat ker\u00e4t\u00e4 varoja toimintaansa. Maksu&hellip; <a class=\"continue\" href=\"https:\/\/ort.fi\/turku\/tervetuloa-kirkkokahveille\/\">Continue Reading<span> Tervetuloa kirkkokahveille!<\/span><\/a><\/p>\n","protected":false},"author":3,"featured_media":0,"parent":0,"menu_order":0,"comment_status":"closed","ping_status":"closed","template":"","meta":{"slim_seo":{"title":"Tervetuloa kirkkokahveille! - Turun ortodoksinen seurakunta","description":"Seurakunnassamme on tapana kokoontua yhteiseen hetkeen jumalanpalveluksen j\u00e4lkeen. Sunnuntaisin sek\u00e4 suurten juhlien j\u00e4lkeen tarjoamme kirkkokahvit \u2013 l\u00e4mminhenk"},"footnotes":""},"class_list":["post-9301","page","type-page","status-publish"],"_links":{"self":[{"href":"https:\/\/ort.fi\/turku\/wp-json\/wp\/v2\/pages\/9301","targetHints":{"allow":["GET"]}}],"collection":[{"href":"https:\/\/ort.fi\/turku\/wp-json\/wp\/v2\/pages"}],"about":[{"href":"https:\/\/ort.fi\/turku\/wp-json\/wp\/v2\/types\/page"}],"author":[{"embeddable":true,"href":"https:\/\/ort.fi\/turku\/wp-json\/wp\/v2\/users\/3"}],"replies":[{"embeddable":true,"href":"https:\/\/ort.fi\/turku\/wp-json\/wp\/v2\/comments?post=9301"}],"version-history":[{"count":12,"href":"https:\/\/ort.fi\/turku\/wp-json\/wp\/v2\/pages\/9301\/revisions"}],"predecessor-version":[{"id":10415,"href":"https:\/\/ort.fi\/turku\/wp-json\/wp\/v2\/pages\/9301\/revisions\/10415"}],"wp:attachment":[{"href":"https:\/\/ort.fi\/turku\/wp-json\/wp\/v2\/media?parent=9301"}],"curies":[{"name":"wp","href":"https:\/\/api.w.org\/{rel}","templated":true}]}}