{"id":859,"date":"2024-06-11T06:50:30","date_gmt":"2024-06-11T03:50:30","guid":{"rendered":"https:\/\/ort.fi\/ortturkusrk\/?page_id=859"},"modified":"2025-12-11T15:56:25","modified_gmt":"2025-12-11T13:56:25","slug":"aleksandra-club","status":"publish","type":"page","link":"https:\/\/ort.fi\/turku\/aleksandra-club\/","title":{"rendered":"Naistenpiiri, Alexandra Club"},"content":{"rendered":"\n<h4 class=\"wp-block-heading has-medium-font-size\"><strong><a href=\"#Alexandra-Club\" title=\"In English\">In English<\/a><\/strong><\/h4>\n\n\n\n<p><strong>Tervetuloa mukaan monikulttuuriseen ortodoksiseen naistenpiiriin!<\/strong><\/p>\n\n\n\n<p>Naistenpiiri on avoin kaikille ortodoksisille naisille, taustasta riippumatta. Toiminta on osallistujien itsens\u00e4 suunnittelemaa ja toteuttamaa. Ohjelmassa on muun muassa:<\/p>\n\n\n\n<ul class=\"wp-block-list\">\n<li>retki\u00e4 l\u00e4hikohteisiin<\/li>\n\n\n\n<li>kahvihetki\u00e4 ja piknikkej\u00e4<\/li>\n\n\n\n<li>joulu- ja p\u00e4\u00e4si\u00e4isvalmisteluja<\/li>\n\n\n\n<li>varainhankintaa kirkkokahvien ja myyj\u00e4isten avulla<\/li>\n<\/ul>\n\n\n\n<h3 class=\"wp-block-heading\"><strong>Kev\u00e4\u00e4n 2026 ohjelma:<\/strong><\/h3>\n\n\n\n<p><strong>Tammikuu 2026<\/strong><br>ke 14.1. klo 17 alkaen retki Kylpyl\u00e4 Caribiaan<br>(Kongressikuja 1, Turku, omavastuuhinta 10 \u20ac\/nainen,<br>ilmoittaudu Ritalle 7.1. menness\u00e4!).<\/p>\n\n\n\n<p>Tarkemmat tiedot ja ajankohtaiset muistutukset jaetaan Naistenpiirin WhatsApp-ryhm\u00e4ss\u00e4.<br><strong>Lis\u00e4tiedot:<\/strong> Rita Gorgees, puh. 040 726 7460<\/p>\n\n\n\n<p><\/p>\n\n\n\n<hr class=\"wp-block-separator has-alpha-channel-opacity\"\/>\n\n\n\n<h2 class=\"wp-block-heading\" id=\"Alexandra-Club\">Alexandra Club<\/h2>\n\n\n\n<p><strong>Welcome to the Multicultural Orthodox Women\u2019s Group!<\/strong><\/p>\n\n\n\n<p>The group is open to all Orthodox women, regardless of cultural background. Activities are planned and organized by the participants themselves and include:<\/p>\n\n\n\n<ul class=\"wp-block-list\">\n<li>Excursions to nearby destinations<\/li>\n\n\n\n<li>Coffee gatherings and picnics<\/li>\n\n\n\n<li>Joint preparations for Christmas and Easter<\/li>\n\n\n\n<li>Fundraising through church coffee events and parish bazaars<\/li>\n\n\n\n<li><\/li>\n<\/ul>\n\n\n\n<p><strong>Friday, 12 December<\/strong><br>Bazaar preparations in the parish hall, 5:00\u20137:00 PM<\/p>\n\n\n\n<p><strong>Saturday, 13 December<\/strong><br>Parish Christmas Bazaar starting at 10:00 AM<\/p>\n\n\n\n<p><strong>January 2026<\/strong><br>Wed Jan 14, at 5 p.m. trip to Caribia Spa (Kongressikuja 1, Turku, price 10 \u20ac\/lady, register by Jan 7 to<br>Rita!).<\/p>\n\n\n\n<p>For detailed updates, please join the Women\u2019s Group WhatsApp group.<\/p>\n\n\n\n<p><strong>For more information, contact:<\/strong><br>Rita Gorgees, tel. +358 40 726 7460<\/p>\n\n\n\n<h4 class=\"wp-block-heading\"><\/h4>\n\n\n\n<p><\/p>\n\n\n\n<p><\/p>\n","protected":false},"excerpt":{"rendered":"<p>In English Tervetuloa mukaan monikulttuuriseen ortodoksiseen naistenpiiriin! Naistenpiiri on avoin kaikille ortodoksisille naisille, taustasta riippumatta. Toiminta on osallistujien itsens\u00e4 suunnittelemaa ja toteuttamaa. Ohjelmassa on muun muassa: Kev\u00e4\u00e4n 2026 ohjelma: Tammikuu 2026ke 14.1. klo 17 alkaen retki Kylpyl\u00e4 Caribiaan(Kongressikuja 1, Turku, omavastuuhinta 10 \u20ac\/nainen,ilmoittaudu Ritalle 7.1. menness\u00e4!). Tarkemmat tiedot ja ajankohtaiset muistutukset jaetaan Naistenpiirin WhatsApp-ryhm\u00e4ss\u00e4.Lis\u00e4tiedot: Rita&hellip; <a class=\"continue\" href=\"https:\/\/ort.fi\/turku\/aleksandra-club\/\">Continue Reading<span> Naistenpiiri, Alexandra Club<\/span><\/a><\/p>\n","protected":false},"author":5,"featured_media":4971,"parent":0,"menu_order":0,"comment_status":"closed","ping_status":"closed","template":"","meta":{"slim_seo":{"title":"Naistenpiiri, Alexandra Club - Turun ortodoksinen seurakunta","description":"In English Tervetuloa mukaan monikulttuuriseen ortodoksiseen naistenpiiriin! Naistenpiiri on avoin kaikille ortodoksisille naisille, taustasta riippumatta. Toim"},"footnotes":""},"class_list":["post-859","page","type-page","status-publish","has-post-thumbnail"],"_links":{"self":[{"href":"https:\/\/ort.fi\/turku\/wp-json\/wp\/v2\/pages\/859","targetHints":{"allow":["GET"]}}],"collection":[{"href":"https:\/\/ort.fi\/turku\/wp-json\/wp\/v2\/pages"}],"about":[{"href":"https:\/\/ort.fi\/turku\/wp-json\/wp\/v2\/types\/page"}],"author":[{"embeddable":true,"href":"https:\/\/ort.fi\/turku\/wp-json\/wp\/v2\/users\/5"}],"replies":[{"embeddable":true,"href":"https:\/\/ort.fi\/turku\/wp-json\/wp\/v2\/comments?post=859"}],"version-history":[{"count":7,"href":"https:\/\/ort.fi\/turku\/wp-json\/wp\/v2\/pages\/859\/revisions"}],"predecessor-version":[{"id":9281,"href":"https:\/\/ort.fi\/turku\/wp-json\/wp\/v2\/pages\/859\/revisions\/9281"}],"wp:featuredmedia":[{"embeddable":true,"href":"https:\/\/ort.fi\/turku\/wp-json\/wp\/v2\/media\/4971"}],"wp:attachment":[{"href":"https:\/\/ort.fi\/turku\/wp-json\/wp\/v2\/media?parent=859"}],"curies":[{"name":"wp","href":"https:\/\/api.w.org\/{rel}","templated":true}]}}