{"id":855,"date":"2024-06-11T06:50:01","date_gmt":"2024-06-11T03:50:01","guid":{"rendered":"https:\/\/ort.fi\/ortturkusrk\/?page_id=855"},"modified":"2025-12-12T11:14:18","modified_gmt":"2025-12-12T09:14:18","slug":"aleksandran-veljet","status":"publish","type":"page","link":"https:\/\/ort.fi\/turku\/aleksandran-veljet\/","title":{"rendered":"Aleksandran veljet"},"content":{"rendered":"\n<p>Toimintapiiri kaikenik\u00e4isille miehille! Tarkoituksena on kokoontua pirist\u00e4v\u00e4n yhdess\u00e4olon ja toiminnan parissa. <\/p>\n\n\n\n<p><\/p>\n\n\n\n<p>Aleksandran veljet kokoontuvat syksyll\u00e4 2025 korkeissa, rullaavissa ja j\u00e4\u00e4t\u00e4v\u00e4n kylmiss\u00e4 tunnelmissa! Tervetuloa!<\/p>\n\n\n\n<p>Syksyn ohjelman toiminta on osittain omakustanteista.<\/p>\n\n\n\n<ol class=\"wp-block-list\">\n<li>Pe 19.12, Avantouinti (Villa J\u00e4rvel\u00e4, J\u00e4rvel\u00e4ntie 133)<\/li>\n<\/ol>\n\n\n\n<p>Mik\u00e4li toiminta kiinnostaa, ilmoittaudu WhatsAppin kautta Valtteri Alituvalle p. 044 0206961, sposti valtteri.alitupa@gmail.com<\/p>\n\n\n\n<p>Valtteri vastaa my\u00f6s lis\u00e4kysymyksiin WhatsAppin kautta. Tervetuloa mukaan!<\/p>\n\n\n\n<p>Papillisissa kysymyksiss\u00e4 k\u00e4\u00e4ntyk\u00e4\u00e4 is\u00e4 Ioannis Lampropouloksen puoleen. puh. 050 357 3675, sposti ioannis.lampropoulos@ort.fi<\/p>\n\n\n\n<figure class=\"wp-block-image size-large is-resized\"><img loading=\"lazy\" decoding=\"async\" width=\"1024\" height=\"1024\" src=\"https:\/\/ort.fi\/turku\/wp-content\/uploads\/2025\/05\/Veljet-oikea-1024x1024.jpeg\" alt=\"\" class=\"wp-image-6029\" style=\"width:531px;height:auto\" srcset=\"https:\/\/ort.fi\/turku\/wp-content\/uploads\/2025\/05\/Veljet-oikea-1024x1024.jpeg 1024w, https:\/\/ort.fi\/turku\/wp-content\/uploads\/2025\/05\/Veljet-oikea-300x300.jpeg 300w, https:\/\/ort.fi\/turku\/wp-content\/uploads\/2025\/05\/Veljet-oikea-150x150.jpeg 150w, https:\/\/ort.fi\/turku\/wp-content\/uploads\/2025\/05\/Veljet-oikea-768x768.jpeg 768w, https:\/\/ort.fi\/turku\/wp-content\/uploads\/2025\/05\/Veljet-oikea.jpeg 1080w\" sizes=\"auto, (max-width: 1024px) 100vw, 1024px\" \/><\/figure>\n\n\n\n<iframe width='1200' height='750' frameborder='0' scrolling='auto'\nmarginheight='0' marginwidth='0' style=\".otsikko {font-size: large;}\"\nsrc='https:\/\/www.mvsoy.fi\/data\/ort\/turku\/lehteen\/tapahtumat.phtml?hakualue%5B%5D=Aleksandran veljet'><\/iframe>\n\n\n\n<p><\/p>\n","protected":false},"excerpt":{"rendered":"<p>Toimintapiiri kaikenik\u00e4isille miehille! Tarkoituksena on kokoontua pirist\u00e4v\u00e4n yhdess\u00e4olon ja toiminnan parissa. Aleksandran veljet kokoontuvat syksyll\u00e4 2025 korkeissa, rullaavissa ja j\u00e4\u00e4t\u00e4v\u00e4n kylmiss\u00e4 tunnelmissa! Tervetuloa! Syksyn ohjelman toiminta on osittain omakustanteista. Mik\u00e4li toiminta kiinnostaa, ilmoittaudu WhatsAppin kautta Valtteri Alituvalle p. 044 0206961, sposti valtteri.alitupa@gmail.com Valtteri vastaa my\u00f6s lis\u00e4kysymyksiin WhatsAppin kautta. Tervetuloa mukaan! Papillisissa kysymyksiss\u00e4 k\u00e4\u00e4ntyk\u00e4\u00e4 is\u00e4 Ioannis&hellip; <a class=\"continue\" href=\"https:\/\/ort.fi\/turku\/aleksandran-veljet\/\">Continue Reading<span> Aleksandran veljet<\/span><\/a><\/p>\n","protected":false},"author":5,"featured_media":0,"parent":0,"menu_order":0,"comment_status":"closed","ping_status":"closed","template":"","meta":{"slim_seo":{"title":"Aleksandran veljet - Turun ortodoksinen seurakunta","description":"Toimintapiiri kaikenik\u00e4isille miehille! Tarkoituksena on kokoontua pirist\u00e4v\u00e4n yhdess\u00e4olon ja toiminnan parissa. Aleksandran veljet kokoontuvat syksyll\u00e4 2025 kor"},"footnotes":""},"class_list":["post-855","page","type-page","status-publish"],"_links":{"self":[{"href":"https:\/\/ort.fi\/turku\/wp-json\/wp\/v2\/pages\/855","targetHints":{"allow":["GET"]}}],"collection":[{"href":"https:\/\/ort.fi\/turku\/wp-json\/wp\/v2\/pages"}],"about":[{"href":"https:\/\/ort.fi\/turku\/wp-json\/wp\/v2\/types\/page"}],"author":[{"embeddable":true,"href":"https:\/\/ort.fi\/turku\/wp-json\/wp\/v2\/users\/5"}],"replies":[{"embeddable":true,"href":"https:\/\/ort.fi\/turku\/wp-json\/wp\/v2\/comments?post=855"}],"version-history":[{"count":3,"href":"https:\/\/ort.fi\/turku\/wp-json\/wp\/v2\/pages\/855\/revisions"}],"predecessor-version":[{"id":9289,"href":"https:\/\/ort.fi\/turku\/wp-json\/wp\/v2\/pages\/855\/revisions\/9289"}],"wp:attachment":[{"href":"https:\/\/ort.fi\/turku\/wp-json\/wp\/v2\/media?parent=855"}],"curies":[{"name":"wp","href":"https:\/\/api.w.org\/{rel}","templated":true}]}}