{"id":851,"date":"2024-06-11T06:49:40","date_gmt":"2024-06-11T03:49:40","guid":{"rendered":"https:\/\/ort.fi\/ortturkusrk\/?page_id=851"},"modified":"2026-04-09T16:13:26","modified_gmt":"2026-04-09T13:13:26","slug":"oma-kerho-70-vuotiaille","status":"publish","type":"page","link":"https:\/\/ort.fi\/turku\/oma-kerho-70-vuotiaille\/","title":{"rendered":"Oma kerho 70+ -vuotiaille"},"content":{"rendered":"\n<p>Oma kerho on 70 vuotta t\u00e4ytt\u00e4neiden seurakuntalaisten kerho. Iloista yhdess\u00e4oloa, keskustelua ja kahvia\/teet\u00e4 tarjolla. Tapaamisista ilmoitetaan Kupoli-lehdess\u00e4, seurakunnan verkkosivujen kalenterissa ja seurakunnan sosiaalisen median kanavilla. Oma kerho kokoontuu seurakunnan seurakuntasalilla (Yliopistonkatu 19B3).<\/p>\n\n\n\n<p>Olet l\u00e4mpim\u00e4sti tervetullut mukaan kerhon toimintaan!<\/p>\n\n\n\n<p>Torstaina 23.4 on viet\u00e4mme Pyh\u00e4n marttyyrikeisarinna Aleksandran praasniekka. Liturgia ja vedenpyhtiys toimitetaan toimitetaan kirkossa klo 10 alkaen. Praasniekan j\u00e4lkeen siirryt\u00e4\u00e4n seurakuntasaliin, jossa on tarjolla seurakunnan tarjoama lounas. <\/p>\n\n\n\n<p> Torstaina 28.5. suunnataan &#8221;Oman kerhon&#8221;  retkelle Pokrovaan. <strong>Pokrova on  ortodoksinen veljesyhteis\u00f6 Kirkkonummella.<\/strong><\/p>\n\n\n\n<p><strong>Ohjelma:<\/strong><\/p>\n\n\n\n<p><a>klo 11 l\u00e4ht\u00f6 tilausbussilla Kirkkonummelle Turun linja-autoaseman tilausbussipys\u00e4kilt\u00e4<\/a><\/p>\n\n\n\n<ul class=\"wp-block-list\">\n<li>klo 13.30 opastettu vierailu Pokrovan veljesyhteis\u00f6n kirkkoon, puutarhaan ja p\u00e4\u00e4rakennukseen<\/li>\n\n\n\n<li>Opastuksen j\u00e4lkeen lounas Pokrovan trapesassa. Borssikeitto, kaalipiirakka, smetanaa, puutarhan mehu, Pokrovan omenatorttu ja kahvi.<\/li>\n\n\n\n<li>Ruokailun j\u00e4lkeen mahdollisuus vierailla Pokrovan pieness\u00e4 putiikissa, jossa myynniss\u00e4 veljest\u00f6n itse valmistamia luonnontuotteita, mm. lehmuksenkukkateet\u00e4, sienis\u00e4ilykkeit\u00e4, mehuja ja hilloja.<\/li>\n\n\n\n<li>klo 16.00 l\u00e4ht\u00f6 kohti Turkua<\/li>\n<\/ul>\n\n\n\n<p>Retki maksaa t\u00e4n\u00e4 vuonna 70 vuotta t\u00e4ytt\u00e4ville ja sit\u00e4 vanhemmille seurakunnan j\u00e4senille 40 euroa. Matkalle voivat osallistua my\u00f6s seurakuntalaisten puolisot, my\u00f6s ne, jotka eiv\u00e4t ole seurakuntamme j\u00e4seni\u00e4. Heilt\u00e4 veloitetaan retkimaksu 50 \u20ac. (Maksu ker\u00e4t\u00e4\u00e4n retken aikana, joten tasaraha suotava, kortti- tai k\u00e4teismaksu.) <strong>Sitovat ilmoittautumiset pe 24.4.<\/strong> menness\u00e4 mieluummin s\u00e4hk\u00f6postitse <a href=\"mailto:turku@ort.fi\">turku@ort.fi<\/a>, mutta voit my\u00f6s soittaa kansliaan puh.&nbsp; 044-7514423 (ma, ti ja to klo 10\u201313 sek\u00e4 ke 13\u201316). Mainitsethan ilmoittautumisen yhteydess\u00e4 nimesi, puhelinnumerosi ja <strong>mahdolliset erityisruokavaliot.<\/strong> 50 ensimm\u00e4isen\u00e4 ilmoittautunutta p\u00e4\u00e4see mukaan!<\/p>\n\n\n\n<p>Tiedustelut kansliasta: 044 7514423 tai turku@ort.fi.<\/p>\n\n\n\n<h2 class=\"wp-block-heading\">Yhteystiedot:<\/h2>\n\n\n\n<p>Jyri Luonila puh. 050 351 3868<\/p>\n\n\n\n<p>seurakuntasihteeri Leena Haapala-Lindholm (044 7514423, turku@ort.fi)<\/p>\n\n\n\n<p>is\u00e4 Ioannis Lampropoulos (050 357 3675, ioannis.lampropoulos@ort.fi)<\/p>\n\n\n\n<iframe width='1000' height='650' frameborder='0' scrolling='auto'\nmarginheight='0' marginwidth='0' style=\".otsikko {font-size: large;}\"\nsrc='https:\/\/www.mvsoy.fi\/data\/ort\/turku\/lehteen\/tapahtumat.phtml?hakualue%5B%5D=Oma Kerho'><\/iframe>\n","protected":false},"excerpt":{"rendered":"<p>Oma kerho on 70 vuotta t\u00e4ytt\u00e4neiden seurakuntalaisten kerho. Iloista yhdess\u00e4oloa, keskustelua ja kahvia\/teet\u00e4 tarjolla. Tapaamisista ilmoitetaan Kupoli-lehdess\u00e4, seurakunnan verkkosivujen kalenterissa ja seurakunnan sosiaalisen median kanavilla. Oma kerho kokoontuu seurakunnan seurakuntasalilla (Yliopistonkatu 19B3). Olet l\u00e4mpim\u00e4sti tervetullut mukaan kerhon toimintaan! Torstaina 23.4 on viet\u00e4mme Pyh\u00e4n marttyyrikeisarinna Aleksandran praasniekka. Liturgia ja vedenpyhtiys toimitetaan toimitetaan kirkossa klo 10 alkaen.&hellip; <a class=\"continue\" href=\"https:\/\/ort.fi\/turku\/oma-kerho-70-vuotiaille\/\">Continue Reading<span> Oma kerho 70+ -vuotiaille<\/span><\/a><\/p>\n","protected":false},"author":5,"featured_media":0,"parent":0,"menu_order":0,"comment_status":"closed","ping_status":"closed","template":"","meta":{"slim_seo":{"title":"Oma kerho 70+ -vuotiaille - Turun ortodoksinen seurakunta","description":"Oma kerho on 70 vuotta t\u00e4ytt\u00e4neiden seurakuntalaisten kerho. Iloista yhdess\u00e4oloa, keskustelua ja kahvia\/teet\u00e4 tarjolla. Tapaamisista ilmoitetaan Kupoli-lehdess\u00e4"},"footnotes":""},"class_list":["post-851","page","type-page","status-publish"],"_links":{"self":[{"href":"https:\/\/ort.fi\/turku\/wp-json\/wp\/v2\/pages\/851","targetHints":{"allow":["GET"]}}],"collection":[{"href":"https:\/\/ort.fi\/turku\/wp-json\/wp\/v2\/pages"}],"about":[{"href":"https:\/\/ort.fi\/turku\/wp-json\/wp\/v2\/types\/page"}],"author":[{"embeddable":true,"href":"https:\/\/ort.fi\/turku\/wp-json\/wp\/v2\/users\/5"}],"replies":[{"embeddable":true,"href":"https:\/\/ort.fi\/turku\/wp-json\/wp\/v2\/comments?post=851"}],"version-history":[{"count":6,"href":"https:\/\/ort.fi\/turku\/wp-json\/wp\/v2\/pages\/851\/revisions"}],"predecessor-version":[{"id":10637,"href":"https:\/\/ort.fi\/turku\/wp-json\/wp\/v2\/pages\/851\/revisions\/10637"}],"wp:attachment":[{"href":"https:\/\/ort.fi\/turku\/wp-json\/wp\/v2\/media?parent=851"}],"curies":[{"name":"wp","href":"https:\/\/api.w.org\/{rel}","templated":true}]}}