{"id":847,"date":"2024-06-11T06:49:10","date_gmt":"2024-06-11T03:49:10","guid":{"rendered":"https:\/\/ort.fi\/ortturkusrk\/?page_id=847"},"modified":"2025-12-12T11:15:18","modified_gmt":"2025-12-12T09:15:18","slug":"valamon-ystavat","status":"publish","type":"page","link":"https:\/\/ort.fi\/turku\/valamon-ystavat\/","title":{"rendered":"Valamon yst\u00e4v\u00e4t"},"content":{"rendered":"\n<p>Valamon yst\u00e4v\u00e4t on valtakunnallinen j\u00e4rjest\u00f6 joka p\u00e4\u00e4teht\u00e4v\u00e4n\u00e4 on lis\u00e4t\u00e4 tietoisuutta Hein\u00e4veden uuden Valamon luostarista, j\u00e4rjest\u00e4m\u00e4ll\u00e4 mm. luentoja ja matkoja. J\u00e4rjest\u00f6n Turun paikallisosaton vastuulla on toimia Turun seudun Valamon luostarin muiston vaalijana.<\/p>\n\n\n\n<p>Valamon yst\u00e4vien ohjelma jatkuu tulevana syksyn\u00e4 maanantai-iltaisin <strong>15.12., 19.1., 16.3., 20.4. ja 18.5.. klo 17:30 <\/strong>seurakuntasalissa. Tarkoituksena on, ett\u00e4 jokaisessa kokoontumisessa vierailee mielenkiintoinen luennoitsija. Suunnitteilla on my\u00f6s matka Valamoon ja yhteiset kirkkokahvit Lintulan Yst\u00e4vien kanssa.<\/p>\n\n\n\n<p>Valamo-illat, joissa luento ja kahvi\/teetarjoilu (maksu 5 \u20ac) j\u00e4rjestet\u00e4\u00e4n <strong>Turun ortodoksisen seurakunnan salissa os. Yliopistonkatu 19 B.<\/strong><\/p>\n\n\n\n<p>Tiedustelut Turun Valamon Yst\u00e4vien uusi puheenjohtaja Jyri Luonila,&nbsp;<a href=\"mailto:jyri.luonila@gmail.com\">jyri.luonila@gmail.com<\/a>&nbsp;tai puh. \u202a+358 503 513868\u202c.<\/p>\n\n\n\n<p><br><\/p>\n\n\n\n<p><\/p>\n","protected":false},"excerpt":{"rendered":"<p>Valamon yst\u00e4v\u00e4t on valtakunnallinen j\u00e4rjest\u00f6 joka p\u00e4\u00e4teht\u00e4v\u00e4n\u00e4 on lis\u00e4t\u00e4 tietoisuutta Hein\u00e4veden uuden Valamon luostarista, j\u00e4rjest\u00e4m\u00e4ll\u00e4 mm. luentoja ja matkoja. J\u00e4rjest\u00f6n Turun paikallisosaton vastuulla on toimia Turun seudun Valamon luostarin muiston vaalijana. Valamon yst\u00e4vien ohjelma jatkuu tulevana syksyn\u00e4 maanantai-iltaisin 15.12., 19.1., 16.3., 20.4. ja 18.5.. klo 17:30 seurakuntasalissa. Tarkoituksena on, ett\u00e4 jokaisessa kokoontumisessa vierailee mielenkiintoinen luennoitsija.&hellip; <a class=\"continue\" href=\"https:\/\/ort.fi\/turku\/valamon-ystavat\/\">Continue Reading<span> Valamon yst\u00e4v\u00e4t<\/span><\/a><\/p>\n","protected":false},"author":5,"featured_media":0,"parent":0,"menu_order":0,"comment_status":"closed","ping_status":"closed","template":"","meta":{"slim_seo":{"title":"Valamon yst\u00e4v\u00e4t - Turun ortodoksinen seurakunta","description":"Valamon yst\u00e4v\u00e4t on valtakunnallinen j\u00e4rjest\u00f6 joka p\u00e4\u00e4teht\u00e4v\u00e4n\u00e4 on lis\u00e4t\u00e4 tietoisuutta Hein\u00e4veden uuden Valamon luostarista, j\u00e4rjest\u00e4m\u00e4ll\u00e4 mm. luentoja ja matkoj"},"footnotes":""},"class_list":["post-847","page","type-page","status-publish"],"_links":{"self":[{"href":"https:\/\/ort.fi\/turku\/wp-json\/wp\/v2\/pages\/847","targetHints":{"allow":["GET"]}}],"collection":[{"href":"https:\/\/ort.fi\/turku\/wp-json\/wp\/v2\/pages"}],"about":[{"href":"https:\/\/ort.fi\/turku\/wp-json\/wp\/v2\/types\/page"}],"author":[{"embeddable":true,"href":"https:\/\/ort.fi\/turku\/wp-json\/wp\/v2\/users\/5"}],"replies":[{"embeddable":true,"href":"https:\/\/ort.fi\/turku\/wp-json\/wp\/v2\/comments?post=847"}],"version-history":[{"count":5,"href":"https:\/\/ort.fi\/turku\/wp-json\/wp\/v2\/pages\/847\/revisions"}],"predecessor-version":[{"id":9291,"href":"https:\/\/ort.fi\/turku\/wp-json\/wp\/v2\/pages\/847\/revisions\/9291"}],"wp:attachment":[{"href":"https:\/\/ort.fi\/turku\/wp-json\/wp\/v2\/media?parent=847"}],"curies":[{"name":"wp","href":"https:\/\/api.w.org\/{rel}","templated":true}]}}