{"id":841,"date":"2024-06-11T06:46:32","date_gmt":"2024-06-11T03:46:32","guid":{"rendered":"https:\/\/ort.fi\/ortturkusrk\/?page_id=841"},"modified":"2025-11-01T15:30:31","modified_gmt":"2025-11-01T13:30:31","slug":"%d1%80%d1%83%d1%81%d1%81%d0%ba%d0%be%d1%8f%d0%b7%d1%8b%d1%87%d0%bd%d1%8b%d0%b9-%d0%bf%d1%80%d0%b0%d0%b2%d0%be%d1%81%d0%bb%d0%b0%d0%b2%d0%bd%d1%8b%d0%b9-%d0%ba%d1%80%d1%83%d0%b6%d0%be%d0%ba","status":"publish","type":"page","link":"https:\/\/ort.fi\/turku\/%d1%80%d1%83%d1%81%d1%81%d0%ba%d0%be%d1%8f%d0%b7%d1%8b%d1%87%d0%bd%d1%8b%d0%b9-%d0%bf%d1%80%d0%b0%d0%b2%d0%be%d1%81%d0%bb%d0%b0%d0%b2%d0%bd%d1%8b%d0%b9-%d0%ba%d1%80%d1%83%d0%b6%d0%be%d0%ba\/","title":{"rendered":"\u0420\u0443\u0441\u0441\u043a\u043e\u044f\u0437\u044b\u0447\u043d\u044b\u0439\u00a0\u043f\u0440\u0430\u0432\u043e\u0441\u043b\u0430\u0432\u043d\u044b\u0439\u00a0\u043a\u0440\u0443\u0436\u043e\u043a"},"content":{"rendered":"\n<p>\u0413\u0440\u0443\u043f\u043f\u0430 \u043f\u043e\u0434 \u0440\u0443\u043a\u043e\u0432\u043e\u0434\u0441\u0442\u0432\u043e\u043c \u0414\u0430\u0440\u0434\u0430 \u041c\u0435\u0435\u0440\u0430, \u043c\u0430\u0433\u0438\u0441\u0442\u0440\u0430 \u0442\u0435\u043e\u043b\u043e\u0433\u0438\u0438 \u0438 \u0440\u0435\u043b\u0438\u0433\u0438\u043e\u0432\u0435\u0434\u0435\u043d\u0438\u044f, \u0432\u0441\u0442\u0440\u0435\u0447\u0430\u0435\u0442\u0441\u044f \u043a\u0430\u0436\u0434\u0443\u044e <strong>\u043f\u0435\u0440\u0432\u0443\u044e \u0441\u0443\u0431\u0431\u043e\u0442\u0443 \u043c\u0435\u0441\u044f\u0446\u0430 \u0432 15:00<\/strong> \u0432 \u043c\u0430\u043b\u0435\u043d\u044c\u043a\u043e\u0439 \u043a\u043e\u043c\u043d\u0430\u0442\u0435 \u043f\u0440\u0438\u0445\u043e\u0434\u0441\u043a\u043e\u0433\u043e \u0437\u0434\u0430\u043d\u0438\u044f \u0446\u0435\u0440\u043a\u0432\u0438 \u0422\u0443\u0440\u043a\u0443. \u0412\u043e \u0432\u0440\u0435\u043c\u044f \u0432\u0441\u0442\u0440\u0435\u0447, \u0431\u0443\u0434\u0443\u0442\u00a0\u043e\u0431\u0441\u0443\u0436\u0434\u0430\u0442\u0441\u044f \u0440\u0430\u0437\u043b\u0438\u0447\u043d\u044b\u0435 \u0442\u0435\u043c\u044b \u0441\u0432\u044f\u0437\u0430\u043d\u043d\u044b\u0435 \u0441 \u043f\u0440\u0430\u0432\u043e\u0441\u043b\u0430\u0432\u0438\u0435\u043c. \u041a\u0440\u0443\u0436\u043e\u043a \u043f\u0440\u0435\u0434\u043e\u0441\u0442\u0430\u0432\u043b\u044f\u0435\u0442 \u0432\u043e\u0437\u043c\u043e\u0436\u043d\u043e\u0441\u0442\u044c \u0437\u0430\u0434\u0430\u0442\u044c \u0432\u043e\u043f\u0440\u043e\u0441\u044b \u0438 \u043f\u043e\u0437\u043d\u0430\u043a\u043e\u043c\u0438\u0442\u044c\u0441\u044f \u0441 \u0434\u0440\u0443\u0433\u0438\u043c\u0438 \u0443\u0447\u0430\u0441\u0442\u043d\u0438\u043a\u0430\u043c\u0438. \u0417\u0430\u043f\u043b\u0430\u043d\u0438\u0440\u043e\u0432\u0430\u043d\u044b \u0441\u043b\u0435\u0434\u0443\u044e\u0449\u0438\u0435 \u0432\u0441\u0442\u0440\u0435\u0447\u0438: <strong>1.11, 6.12., 3.1. 7.2., 7.3. ja 2.5.<\/strong><\/p>\n\n\n\n<p><\/p>\n\n\n\n<h4 class=\"wp-block-heading\"><em>VEN\u00c4J\u00c4NKIELINEN KESKUSTELUPIIRI<\/em><\/h4>\n\n\n\n<p>Teologian ja uskonnontutkimuksen maisteri Dard Meerin luotsaama opintopiiri kokoontuu p\u00e4\u00e4s\u00e4\u00e4nt\u00f6isesti kuukauden ensimm\u00e4isen\u00e4 lauantaina klo 15.00 kerhohuoneessa. Keskustelupiiriss\u00e4 k\u00e4sitell\u00e4\u00e4n ortodoksisuuteen liittyvi\u00e4 monipuolisia aiheita. Piiri tarjoaa mahdollisuuden kysy\u00e4 kysymyksi\u00e4 ja tutustua muihin osallistujiin. Seuraavat kokoontumiset aikataulun mukaan: <strong>1.11, 6.12<\/strong>., <strong>3.1.<\/strong> <strong>7.2., 7.3. ja 2.5.<\/strong><\/p>\n\n\n\n<p><\/p>\n","protected":false},"excerpt":{"rendered":"<p>\u0413\u0440\u0443\u043f\u043f\u0430 \u043f\u043e\u0434 \u0440\u0443\u043a\u043e\u0432\u043e\u0434\u0441\u0442\u0432\u043e\u043c \u0414\u0430\u0440\u0434\u0430 \u041c\u0435\u0435\u0440\u0430, \u043c\u0430\u0433\u0438\u0441\u0442\u0440\u0430 \u0442\u0435\u043e\u043b\u043e\u0433\u0438\u0438 \u0438 \u0440\u0435\u043b\u0438\u0433\u0438\u043e\u0432\u0435\u0434\u0435\u043d\u0438\u044f, \u0432\u0441\u0442\u0440\u0435\u0447\u0430\u0435\u0442\u0441\u044f \u043a\u0430\u0436\u0434\u0443\u044e \u043f\u0435\u0440\u0432\u0443\u044e \u0441\u0443\u0431\u0431\u043e\u0442\u0443 \u043c\u0435\u0441\u044f\u0446\u0430 \u0432 15:00 \u0432 \u043c\u0430\u043b\u0435\u043d\u044c\u043a\u043e\u0439 \u043a\u043e\u043c\u043d\u0430\u0442\u0435 \u043f\u0440\u0438\u0445\u043e\u0434\u0441\u043a\u043e\u0433\u043e \u0437\u0434\u0430\u043d\u0438\u044f \u0446\u0435\u0440\u043a\u0432\u0438 \u0422\u0443\u0440\u043a\u0443. \u0412\u043e \u0432\u0440\u0435\u043c\u044f \u0432\u0441\u0442\u0440\u0435\u0447, \u0431\u0443\u0434\u0443\u0442\u00a0\u043e\u0431\u0441\u0443\u0436\u0434\u0430\u0442\u0441\u044f \u0440\u0430\u0437\u043b\u0438\u0447\u043d\u044b\u0435 \u0442\u0435\u043c\u044b \u0441\u0432\u044f\u0437\u0430\u043d\u043d\u044b\u0435 \u0441 \u043f\u0440\u0430\u0432\u043e\u0441\u043b\u0430\u0432\u0438\u0435\u043c. \u041a\u0440\u0443\u0436\u043e\u043a \u043f\u0440\u0435\u0434\u043e\u0441\u0442\u0430\u0432\u043b\u044f\u0435\u0442 \u0432\u043e\u0437\u043c\u043e\u0436\u043d\u043e\u0441\u0442\u044c \u0437\u0430\u0434\u0430\u0442\u044c \u0432\u043e\u043f\u0440\u043e\u0441\u044b \u0438 \u043f\u043e\u0437\u043d\u0430\u043a\u043e\u043c\u0438\u0442\u044c\u0441\u044f \u0441 \u0434\u0440\u0443\u0433\u0438\u043c\u0438 \u0443\u0447\u0430\u0441\u0442\u043d\u0438\u043a\u0430\u043c\u0438. \u0417\u0430\u043f\u043b\u0430\u043d\u0438\u0440\u043e\u0432\u0430\u043d\u044b \u0441\u043b\u0435\u0434\u0443\u044e\u0449\u0438\u0435 \u0432\u0441\u0442\u0440\u0435\u0447\u0438: 1.11, 6.12., 3.1. 7.2., 7.3. ja 2.5. VEN\u00c4J\u00c4NKIELINEN KESKUSTELUPIIRI Teologian&hellip; <a class=\"continue\" href=\"https:\/\/ort.fi\/turku\/%d1%80%d1%83%d1%81%d1%81%d0%ba%d0%be%d1%8f%d0%b7%d1%8b%d1%87%d0%bd%d1%8b%d0%b9-%d0%bf%d1%80%d0%b0%d0%b2%d0%be%d1%81%d0%bb%d0%b0%d0%b2%d0%bd%d1%8b%d0%b9-%d0%ba%d1%80%d1%83%d0%b6%d0%be%d0%ba\/\">Continue Reading<span> \u0420\u0443\u0441\u0441\u043a\u043e\u044f\u0437\u044b\u0447\u043d\u044b\u0439\u00a0\u043f\u0440\u0430\u0432\u043e\u0441\u043b\u0430\u0432\u043d\u044b\u0439\u00a0\u043a\u0440\u0443\u0436\u043e\u043a<\/span><\/a><\/p>\n","protected":false},"author":5,"featured_media":0,"parent":0,"menu_order":0,"comment_status":"closed","ping_status":"closed","template":"","meta":{"slim_seo":{"title":"\u0420\u0443\u0441\u0441\u043a\u043e\u044f\u0437\u044b\u0447\u043d\u044b\u0439\u00a0\u043f\u0440\u0430\u0432\u043e\u0441\u043b\u0430\u0432\u043d\u044b\u0439\u00a0\u043a\u0440\u0443\u0436\u043e\u043a - Turun ortodoksinen seurakunta","description":"\u0413\u0440\u0443\u043f\u043f\u0430 \u043f\u043e\u0434 \u0440\u0443\u043a\u043e\u0432\u043e\u0434\u0441\u0442\u0432\u043e\u043c \u0414\u0430\u0440\u0434\u0430 \u041c\u0435\u0435\u0440\u0430, \u043c\u0430\u0433\u0438\u0441\u0442\u0440\u0430 \u0442\u0435\u043e\u043b\u043e\u0433\u0438\u0438 \u0438 \u0440\u0435\u043b\u0438\u0433\u0438\u043e\u0432\u0435\u0434\u0435\u043d\u0438\u044f, \u0432\u0441\u0442\u0440\u0435\u0447\u0430\u0435\u0442\u0441\u044f \u043a\u0430\u0436\u0434\u0443\u044e \u043f\u0435\u0440\u0432\u0443\u044e \u0441\u0443\u0431\u0431\u043e\u0442\u0443 \u043c\u0435\u0441\u044f\u0446\u0430 \u0432 15:00 \u0432 \u043c\u0430\u043b\u0435\u043d\u044c\u043a\u043e\u0439 \u043a\u043e\u043c\u043d\u0430\u0442\u0435 \u043f\u0440\u0438\u0445\u043e\u0434\u0441\u043a\u043e\u0433\u043e \u0437\u0434\u0430\u043d\u0438\u044f"},"footnotes":""},"class_list":["post-841","page","type-page","status-publish"],"_links":{"self":[{"href":"https:\/\/ort.fi\/turku\/wp-json\/wp\/v2\/pages\/841","targetHints":{"allow":["GET"]}}],"collection":[{"href":"https:\/\/ort.fi\/turku\/wp-json\/wp\/v2\/pages"}],"about":[{"href":"https:\/\/ort.fi\/turku\/wp-json\/wp\/v2\/types\/page"}],"author":[{"embeddable":true,"href":"https:\/\/ort.fi\/turku\/wp-json\/wp\/v2\/users\/5"}],"replies":[{"embeddable":true,"href":"https:\/\/ort.fi\/turku\/wp-json\/wp\/v2\/comments?post=841"}],"version-history":[{"count":5,"href":"https:\/\/ort.fi\/turku\/wp-json\/wp\/v2\/pages\/841\/revisions"}],"predecessor-version":[{"id":8157,"href":"https:\/\/ort.fi\/turku\/wp-json\/wp\/v2\/pages\/841\/revisions\/8157"}],"wp:attachment":[{"href":"https:\/\/ort.fi\/turku\/wp-json\/wp\/v2\/media?parent=841"}],"curies":[{"name":"wp","href":"https:\/\/api.w.org\/{rel}","templated":true}]}}