{"id":829,"date":"2024-06-11T06:45:05","date_gmt":"2024-06-11T03:45:05","guid":{"rendered":"https:\/\/ort.fi\/ortturkusrk\/?page_id=829"},"modified":"2025-12-12T11:25:59","modified_gmt":"2025-12-12T09:25:59","slug":"salon-tiistaiseura","status":"publish","type":"page","link":"https:\/\/ort.fi\/turku\/salon-tiistaiseura\/","title":{"rendered":"Salon tiistaiseura"},"content":{"rendered":"\n<p>Salon tiistaiseura kokoontuu Pyh\u00e4n Ristin rukoushuoneella (Uskelankirkkotie 23) seuraavasti kev\u00e4\u00e4ll\u00e4 2026:<\/p>\n\n\n\n<ul class=\"wp-block-list\">\n<li>Ti 3.2. is\u00e4 Ioannis<\/li>\n\n\n\n<li>To 19.2. katumuskanoni, jonka j\u00e4lkeen<\/li>\n\n\n\n<li>is\u00e4 Mikko Ylinen alustus<\/li>\n\n\n\n<li>Ti 24.3. is\u00e4 Ioannis<\/li>\n\n\n\n<li>Ti 28.4. is\u00e4 Ioannis<\/li>\n<\/ul>\n\n\n\n<p>Lis\u00e4ksi j\u00e4rjest\u00e4mme rukoushuoneella erilaisia talkoita sek\u00e4 avoimet ovet kaksi kertaa vuodessa.<\/p>\n\n\n\n<p>Tiedotamme tapaamisista ja tapahtumista seuramme j\u00e4senille henkil\u00f6kohtaisesti. Lis\u00e4ksi tapaamisista ja tapahtumista tiedotetaan seurakunnan nettisivujen kalenterissa, Kupoli-lehdess\u00e4 ja seurakunnan sosiaalisen median kanavissa.<\/p>\n\n\n\n<p>Kaikki ovat l\u00e4mpim\u00e4sti tervetulleita mukaan toimintaan!<\/p>\n\n\n\n<p><\/p>\n\n\n\n<h2 class=\"wp-block-heading\">Yhteystiedot:<\/h2>\n\n\n\n<p>pj. Valtteri Oksa p. 050 5623796<\/p>\n\n\n\n<p>siht. Leena Uutela, p. 040 5607882 tai e-mail&nbsp;<a href=\"mailto:talus@hotmail.fi\">talus@hotmail.fi<\/a><\/p>\n\n\n\n<h2 class=\"wp-block-heading has-medium-font-size\"><strong><em>Kalenterista n\u00e4et Salon tiistaiseuran kokoontumisp\u00e4iv\u00e4t kuukausi kerrallaan:<\/em><\/strong><\/h2>\n\n\n\n<iframe width='1350' height='950' frameborder='0' scrolling='auto'\nmarginheight='0' marginwidth='0' style=\".otsikko {font-size: large;}\"\nsrc='https:\/\/www.mvsoy.fi\/data\/ort\/turku\/lehteen\/tapahtumat.phtml?hakualue%5B%5D=Salon tiistaiseura'><\/iframe>\n\n\n\n<p><\/p>\n","protected":false},"excerpt":{"rendered":"<p>Salon tiistaiseura kokoontuu Pyh\u00e4n Ristin rukoushuoneella (Uskelankirkkotie 23) seuraavasti kev\u00e4\u00e4ll\u00e4 2026: Lis\u00e4ksi j\u00e4rjest\u00e4mme rukoushuoneella erilaisia talkoita sek\u00e4 avoimet ovet kaksi kertaa vuodessa. Tiedotamme tapaamisista ja tapahtumista seuramme j\u00e4senille henkil\u00f6kohtaisesti. Lis\u00e4ksi tapaamisista ja tapahtumista tiedotetaan seurakunnan nettisivujen kalenterissa, Kupoli-lehdess\u00e4 ja seurakunnan sosiaalisen median kanavissa. Kaikki ovat l\u00e4mpim\u00e4sti tervetulleita mukaan toimintaan! Yhteystiedot: pj. Valtteri Oksa p. 050&hellip; <a class=\"continue\" href=\"https:\/\/ort.fi\/turku\/salon-tiistaiseura\/\">Continue Reading<span> Salon tiistaiseura<\/span><\/a><\/p>\n","protected":false},"author":5,"featured_media":0,"parent":0,"menu_order":0,"comment_status":"closed","ping_status":"closed","template":"","meta":{"slim_seo":{"title":"Salon tiistaiseura - Turun ortodoksinen seurakunta","description":"Salon tiistaiseura kokoontuu Pyh\u00e4n Ristin rukoushuoneella (Uskelankirkkotie 23) seuraavasti kev\u00e4\u00e4ll\u00e4 2026: Lis\u00e4ksi j\u00e4rjest\u00e4mme rukoushuoneella erilaisia talkoit"},"footnotes":""},"class_list":["post-829","page","type-page","status-publish"],"_links":{"self":[{"href":"https:\/\/ort.fi\/turku\/wp-json\/wp\/v2\/pages\/829","targetHints":{"allow":["GET"]}}],"collection":[{"href":"https:\/\/ort.fi\/turku\/wp-json\/wp\/v2\/pages"}],"about":[{"href":"https:\/\/ort.fi\/turku\/wp-json\/wp\/v2\/types\/page"}],"author":[{"embeddable":true,"href":"https:\/\/ort.fi\/turku\/wp-json\/wp\/v2\/users\/5"}],"replies":[{"embeddable":true,"href":"https:\/\/ort.fi\/turku\/wp-json\/wp\/v2\/comments?post=829"}],"version-history":[{"count":3,"href":"https:\/\/ort.fi\/turku\/wp-json\/wp\/v2\/pages\/829\/revisions"}],"predecessor-version":[{"id":9297,"href":"https:\/\/ort.fi\/turku\/wp-json\/wp\/v2\/pages\/829\/revisions\/9297"}],"wp:attachment":[{"href":"https:\/\/ort.fi\/turku\/wp-json\/wp\/v2\/media?parent=829"}],"curies":[{"name":"wp","href":"https:\/\/api.w.org\/{rel}","templated":true}]}}