{"id":825,"date":"2024-06-11T06:44:40","date_gmt":"2024-06-11T03:44:40","guid":{"rendered":"https:\/\/ort.fi\/ortturkusrk\/?page_id=825"},"modified":"2025-12-12T11:21:31","modified_gmt":"2025-12-12T09:21:31","slug":"rauman-tiistaiseura","status":"publish","type":"page","link":"https:\/\/ort.fi\/turku\/rauman-tiistaiseura\/","title":{"rendered":"Rauman tiistaiseura"},"content":{"rendered":"\n<div class=\"wp-block-columns is-layout-flex wp-container-core-columns-is-layout-9d6595d7 wp-block-columns-is-layout-flex\">\n<div class=\"wp-block-column is-layout-flow wp-block-column-is-layout-flow\">\n<p>Rauman tiistaiseura kokoontuu Pyh\u00e4n Nikolaoksen rukoushuoneella (L\u00e4nsikatu 10). Tiistaiseurailloissa k\u00e4sitell\u00e4\u00e4n monia ortodoksisuuteen ja muihin aiheisiin liittyvi\u00e4 teemoja opetuspuheiden, seurakuntalaisten esityksien ja yhteisen puuhastelun merkeiss\u00e4.<\/p>\n\n\n\n<p>Tiistaiseura j\u00e4rjest\u00e4\u00e4 myyj\u00e4isi\u00e4 p\u00e4\u00e4s\u00e4\u00e4nt\u00f6isesti p\u00e4\u00e4si\u00e4isen\u00e4 ja jouluna, sek\u00e4 leivontatalkoita erityisesti myyj\u00e4isiin ja muihin tapahtumiin liittyen. Rauman pitsiviikon vuosittaisessa avoimien ovien tapahtumassa perinteisesti ikonin\u00e4yttely ja pihakahvila talkoovoimin.<\/p>\n<\/div>\n\n\n\n<div class=\"wp-block-column is-layout-flow wp-block-column-is-layout-flow\">\n<figure class=\"wp-block-image size-large\"><img loading=\"lazy\" decoding=\"async\" width=\"1024\" height=\"723\" src=\"https:\/\/ort.fi\/ortturkusrk\/wp-content\/uploads\/2024\/11\/OXPC6984-kopio-1024x723.jpg\" alt=\"\" class=\"wp-image-2873\" srcset=\"https:\/\/ort.fi\/turku\/wp-content\/uploads\/2024\/11\/OXPC6984-kopio-1024x723.jpg 1024w, https:\/\/ort.fi\/turku\/wp-content\/uploads\/2024\/11\/OXPC6984-kopio-300x212.jpg 300w, https:\/\/ort.fi\/turku\/wp-content\/uploads\/2024\/11\/OXPC6984-kopio-768x542.jpg 768w, https:\/\/ort.fi\/turku\/wp-content\/uploads\/2024\/11\/OXPC6984-kopio-1536x1084.jpg 1536w, https:\/\/ort.fi\/turku\/wp-content\/uploads\/2024\/11\/OXPC6984-kopio.jpg 1600w\" sizes=\"auto, (max-width: 1024px) 100vw, 1024px\" \/><figcaption class=\"wp-element-caption\"><strong><em>Rauman tiistaiseuralaiset<\/em><\/strong> kuva: Tarja Ojanen<\/figcaption><\/figure>\n<\/div>\n<\/div>\n\n\n\n<p>Kerhoilloista ilmoitetaan Kupoli-lehdess\u00e4, Raumalainen-kaupunkilehden yhdistyspalstalla ja Facebookissa sek\u00e4 Instagramissa (@raumantiistaiseura). Tapahtumien ajankohdat my\u00f6s seurakunnan kalenterissa ja sosiaalisessa mediassa.<\/p>\n\n\n\n<p><strong>Kev\u00e4t 2026<\/strong><\/p>\n\n\n\n<p>Tiistaiseuraillat alkavat lyhyell\u00e4 jumalanpalveluksella<br>klo 17, jonka j\u00e4lkeen illan alustukset seuraavasti:<\/p>\n\n\n\n<ul class=\"wp-block-list\">\n<li>ti 13.1. is\u00e4 Mikko,<\/li>\n\n\n\n<li>ti 17.2. katumuskatumuskanoni klo 17 ja alustus is\u00e4 Mikko<\/li>\n\n\n\n<li>ti 17.3. is\u00e4 Ioannis,<\/li>\n\n\n\n<li>la 21.3. Riikka-kanttori klo 18<\/li>\n\n\n\n<li>ti 21.4. is\u00e4 Mikko<\/li>\n\n\n\n<li>ti 12.5. is\u00e4 Ioannis<\/li>\n<\/ul>\n\n\n\n<p>Lis\u00e4\u00e4 Rauman Tiistaiseuran tapahtumista Facebook-sivuiltamme, jotka ovat julkiset ja kaikkien luettavissa. &nbsp;<\/p>\n\n\n\n<p>Tervetuloa mukaan toimintaan!<\/p>\n\n\n\n<h5 class=\"wp-block-heading\"><strong>Yhteystiedot:<\/strong><\/h5>\n\n\n\n<p>pj. Tarja Ojanen (044 331 9693, ojanetar@gmail.com)<\/p>\n\n\n\n<p><strong><em>Kalenterista n\u00e4et Rauman tiistaiseuran kokoontumisp\u00e4iv\u00e4t kuukausi kerrallaan:<\/em><\/strong><\/p>\n\n\n\n<iframe width='1350' height='950' frameborder='0' scrolling='auto'\nmarginheight='0' marginwidth='0' style=\".otsikko {font-size: large;}\"\nsrc='https:\/\/www.mvsoy.fi\/data\/ort\/turku\/lehteen\/tapahtumat.phtml?hakualue%5B%5D=Rauman tiistaiseura'><\/iframe>\n\n\n<div class=\"wp-block-image\">\n<figure class=\"aligncenter size-large is-resized\"><img loading=\"lazy\" decoding=\"async\" width=\"1024\" height=\"738\" src=\"https:\/\/ort.fi\/ortturkusrk\/wp-content\/uploads\/2024\/11\/Pitsiviikko-2024-1024x738.jpg\" alt=\"\" class=\"wp-image-3009\" style=\"width:659px;height:auto\" srcset=\"https:\/\/ort.fi\/turku\/wp-content\/uploads\/2024\/11\/Pitsiviikko-2024-1024x738.jpg 1024w, https:\/\/ort.fi\/turku\/wp-content\/uploads\/2024\/11\/Pitsiviikko-2024-300x216.jpg 300w, https:\/\/ort.fi\/turku\/wp-content\/uploads\/2024\/11\/Pitsiviikko-2024-768x554.jpg 768w, https:\/\/ort.fi\/turku\/wp-content\/uploads\/2024\/11\/Pitsiviikko-2024-1536x1107.jpg 1536w, https:\/\/ort.fi\/turku\/wp-content\/uploads\/2024\/11\/Pitsiviikko-2024-2048x1476.jpg 2048w\" sizes=\"auto, (max-width: 1024px) 100vw, 1024px\" \/><figcaption class=\"wp-element-caption\">Hein\u00e4kuun Pitsiviikko<\/figcaption><\/figure>\n<\/div>\n\n\n<p><\/p>\n","protected":false},"excerpt":{"rendered":"<p>Rauman tiistaiseura kokoontuu Pyh\u00e4n Nikolaoksen rukoushuoneella (L\u00e4nsikatu 10). Tiistaiseurailloissa k\u00e4sitell\u00e4\u00e4n monia ortodoksisuuteen ja muihin aiheisiin liittyvi\u00e4 teemoja opetuspuheiden, seurakuntalaisten esityksien ja yhteisen puuhastelun merkeiss\u00e4. Tiistaiseura j\u00e4rjest\u00e4\u00e4 myyj\u00e4isi\u00e4 p\u00e4\u00e4s\u00e4\u00e4nt\u00f6isesti p\u00e4\u00e4si\u00e4isen\u00e4 ja jouluna, sek\u00e4 leivontatalkoita erityisesti myyj\u00e4isiin ja muihin tapahtumiin liittyen. Rauman pitsiviikon vuosittaisessa avoimien ovien tapahtumassa perinteisesti ikonin\u00e4yttely ja pihakahvila talkoovoimin. Kerhoilloista ilmoitetaan Kupoli-lehdess\u00e4, Raumalainen-kaupunkilehden yhdistyspalstalla&hellip; <a class=\"continue\" href=\"https:\/\/ort.fi\/turku\/rauman-tiistaiseura\/\">Continue Reading<span> Rauman tiistaiseura<\/span><\/a><\/p>\n","protected":false},"author":5,"featured_media":0,"parent":0,"menu_order":0,"comment_status":"closed","ping_status":"closed","template":"","meta":{"slim_seo":{"title":"Rauman tiistaiseura - Turun ortodoksinen seurakunta","description":"Rauman tiistaiseura kokoontuu Pyh\u00e4n Nikolaoksen rukoushuoneella (L\u00e4nsikatu 10). Tiistaiseurailloissa k\u00e4sitell\u00e4\u00e4n monia ortodoksisuuteen ja muihin aiheisiin liit"},"footnotes":""},"class_list":["post-825","page","type-page","status-publish"],"_links":{"self":[{"href":"https:\/\/ort.fi\/turku\/wp-json\/wp\/v2\/pages\/825","targetHints":{"allow":["GET"]}}],"collection":[{"href":"https:\/\/ort.fi\/turku\/wp-json\/wp\/v2\/pages"}],"about":[{"href":"https:\/\/ort.fi\/turku\/wp-json\/wp\/v2\/types\/page"}],"author":[{"embeddable":true,"href":"https:\/\/ort.fi\/turku\/wp-json\/wp\/v2\/users\/5"}],"replies":[{"embeddable":true,"href":"https:\/\/ort.fi\/turku\/wp-json\/wp\/v2\/comments?post=825"}],"version-history":[{"count":5,"href":"https:\/\/ort.fi\/turku\/wp-json\/wp\/v2\/pages\/825\/revisions"}],"predecessor-version":[{"id":9295,"href":"https:\/\/ort.fi\/turku\/wp-json\/wp\/v2\/pages\/825\/revisions\/9295"}],"wp:attachment":[{"href":"https:\/\/ort.fi\/turku\/wp-json\/wp\/v2\/media?parent=825"}],"curies":[{"name":"wp","href":"https:\/\/api.w.org\/{rel}","templated":true}]}}