{"id":821,"date":"2024-06-11T06:44:08","date_gmt":"2024-06-11T03:44:08","guid":{"rendered":"https:\/\/ort.fi\/ortturkusrk\/?page_id=821"},"modified":"2026-03-11T14:23:58","modified_gmt":"2026-03-11T12:23:58","slug":"turun-tiistaiseura","status":"publish","type":"page","link":"https:\/\/ort.fi\/turku\/turun-tiistaiseura\/","title":{"rendered":"Turun tiistaiseura"},"content":{"rendered":"\n<p> Turun Tiistaiseura j\u00e4rjest\u00e4\u00e4 erilaisia, kaikille avoimia keskustelu- ja luentoiltoja sek\u00e4 tutustumik\u00e4yntej\u00e4 ja matkoja eri kohteisiin. Tiistaiseuraillat pidet\u00e4\u00e4n joka toinen tiistai klo 17 seurakunnan Aleksandra-salissa osoitteessa Yliopistonkatu 19 B.<\/p>\n\n\n\n<p><strong>Kev\u00e4tkauden 2026 ohjelma:<\/strong><\/p>\n\n\n\n<p>10.3. klo 17 Hannele Lund ja Seppo Riihim\u00e4ki: Santiagon vaellus<\/p>\n\n\n\n<p>24.3. klo 17 talkooilta (virpovitsojen teko)<\/p>\n\n\n\n<p>7.4. klo 17 vieraana nunna Elisabet Helsingist\u00e4<\/p>\n\n\n\n<p>21.4. klo 17 vieraana kanttori Sari Ahponen Tampereelta<\/p>\n\n\n\n<p>5.5. klo 17 vieraana is\u00e4 Andreas Hjertberg: \u201dTaivasten valtakunta ja miten se rakennetaan\u201d<\/p>\n\n\n\n<p>19.5. kev\u00e4tkauden p\u00e4\u00e4t\u00f6s (aika ja paikka ilmoitetaan my\u00f6hemmin)<\/p>\n\n\n\n<p>Tiistaiseurailtojen alussa on kahvi- ja teetarjoilu.<\/p>\n\n\n\n<p>Toiminnasta ilmoitetaan Kupoli-lehdess\u00e4, seurakunnan tapahtumakalenterissa ja Tiistaiseuran omassa WhatsApp-ryhm\u00e4ss\u00e4.<\/p>\n\n\n\n<p>L\u00e4mpim\u00e4sti tervetuloa keskustelemaan ja kuulemaan kiinnostavia esitelmi\u00e4!<\/p>\n\n\n\n<p><strong>Yhteystiedot:<\/strong><\/p>\n\n\n\n<p>Pj. Aila Lahtinen p. 0407736749, <\/p>\n\n\n\n<p>vpj. Esa Parviainen, <\/p>\n\n\n\n<p>Eeva-Liisa Yli-Piipari p. 0504449004 ylipiipari@gmail.com (WhatsApp-ryhm\u00e4n yll\u00e4pit\u00e4j\u00e4)<\/p>\n\n\n\n<p>Anne Hokkinen p. 0445178764<\/p>\n\n\n\n<p>Tiistaiseurailtojen alussa on kahvi- ja teetarjoilu.<\/p>\n\n\n\n<p>Toiminnasta ilmoitetaan Kupoli-lehdess\u00e4, seurakunnan tapahtumakalenterissa ja Tiistaiseuran omassa WhatsApp-ryhm\u00e4ss\u00e4.<\/p>\n\n\n\n<p>L\u00e4mpim\u00e4sti tervetuloa keskustelemaan ja kuulemaan kiinnostavia esitelmi\u00e4!<\/p>\n\n\n\n<p>Kaikki ovat tervetulleita mukaan toimintaan!<\/p>\n\n\n\n<p><strong>Liity j\u00e4seneksi:<\/strong><\/p>\n\n\n\n<p>Vuosittainen j\u00e4senmaksu on 15\u20ac. Voit maksaa j\u00e4senmaksun Turun tiistaiseuran tilille: FI66 5711 6120 029141. Merkitse viestikentt\u00e4\u00e4n nimesi ja vuosi, jolle j\u00e4senmaksu kohdennetaan.<\/p>\n\n\n\n<p><em>Esim. Maija Meik\u00e4l\u00e4inen Turun tiistaiseuran j\u00e4senmaksu vuosi 2026.<\/em><\/p>\n","protected":false},"excerpt":{"rendered":"<p>Turun Tiistaiseura j\u00e4rjest\u00e4\u00e4 erilaisia, kaikille avoimia keskustelu- ja luentoiltoja sek\u00e4 tutustumik\u00e4yntej\u00e4 ja matkoja eri kohteisiin. Tiistaiseuraillat pidet\u00e4\u00e4n joka toinen tiistai klo 17 seurakunnan Aleksandra-salissa osoitteessa Yliopistonkatu 19 B. Kev\u00e4tkauden 2026 ohjelma: 10.3. klo 17 Hannele Lund ja Seppo Riihim\u00e4ki: Santiagon vaellus 24.3. klo 17 talkooilta (virpovitsojen teko) 7.4. klo 17 vieraana nunna Elisabet Helsingist\u00e4 21.4.&hellip; <a class=\"continue\" href=\"https:\/\/ort.fi\/turku\/turun-tiistaiseura\/\">Continue Reading<span> Turun tiistaiseura<\/span><\/a><\/p>\n","protected":false},"author":5,"featured_media":0,"parent":0,"menu_order":0,"comment_status":"closed","ping_status":"closed","template":"","meta":{"slim_seo":{"title":"Turun tiistaiseura - Turun ortodoksinen seurakunta","description":"Turun Tiistaiseura j\u00e4rjest\u00e4\u00e4 erilaisia, kaikille avoimia keskustelu- ja luentoiltoja sek\u00e4 tutustumik\u00e4yntej\u00e4 ja matkoja eri kohteisiin. Tiistaiseuraillat pidet\u00e4\u00e4"},"footnotes":""},"class_list":["post-821","page","type-page","status-publish"],"_links":{"self":[{"href":"https:\/\/ort.fi\/turku\/wp-json\/wp\/v2\/pages\/821","targetHints":{"allow":["GET"]}}],"collection":[{"href":"https:\/\/ort.fi\/turku\/wp-json\/wp\/v2\/pages"}],"about":[{"href":"https:\/\/ort.fi\/turku\/wp-json\/wp\/v2\/types\/page"}],"author":[{"embeddable":true,"href":"https:\/\/ort.fi\/turku\/wp-json\/wp\/v2\/users\/5"}],"replies":[{"embeddable":true,"href":"https:\/\/ort.fi\/turku\/wp-json\/wp\/v2\/comments?post=821"}],"version-history":[{"count":11,"href":"https:\/\/ort.fi\/turku\/wp-json\/wp\/v2\/pages\/821\/revisions"}],"predecessor-version":[{"id":10233,"href":"https:\/\/ort.fi\/turku\/wp-json\/wp\/v2\/pages\/821\/revisions\/10233"}],"wp:attachment":[{"href":"https:\/\/ort.fi\/turku\/wp-json\/wp\/v2\/media?parent=821"}],"curies":[{"name":"wp","href":"https:\/\/api.w.org\/{rel}","templated":true}]}}