{"id":8121,"date":"2025-10-30T13:40:19","date_gmt":"2025-10-30T11:40:19","guid":{"rendered":"https:\/\/ort.fi\/turku\/?page_id=8121"},"modified":"2025-11-24T08:55:47","modified_gmt":"2025-11-24T06:55:47","slug":"kirkon-korjaushanke","status":"publish","type":"page","link":"https:\/\/ort.fi\/turku\/kirkon-korjaushanke\/","title":{"rendered":"Kirkon korjaushanke"},"content":{"rendered":"<ul class=\"wp-block-latest-posts__list has-dates wp-block-latest-posts\"><li><div class=\"wp-block-latest-posts__featured-image alignleft\"><a href=\"https:\/\/ort.fi\/turku\/2026\/01\/30\/pyhan-aleksandran-kirkon-ystavat-ryn-kokouskutsu\/\" aria-label=\"Pyh\u00e4n Aleksandran kirkon yst\u00e4v\u00e4t ry:n kokouskutsu\"><img loading=\"lazy\" decoding=\"async\" width=\"150\" height=\"150\" src=\"https:\/\/ort.fi\/turku\/wp-content\/uploads\/2025\/12\/IMG_3087-150x150.jpg\" class=\"attachment-thumbnail size-thumbnail wp-post-image\" alt=\"IMG\" style=\"\" \/><\/a><\/div><a class=\"wp-block-latest-posts__post-title\" href=\"https:\/\/ort.fi\/turku\/2026\/01\/30\/pyhan-aleksandran-kirkon-ystavat-ryn-kokouskutsu\/\">Pyh\u00e4n Aleksandran kirkon yst\u00e4v\u00e4t ry:n kokouskutsu<\/a><time datetime=\"2026-01-30T10:00:00+02:00\" class=\"wp-block-latest-posts__post-date\">30.1.2026<\/time><div class=\"wp-block-latest-posts__post-excerpt\">Seurakuntalaisia ja muita turkulaisia on huolestuttanut kirkkomme kunto ja monet ovat ilmaisseet halunsa toimia korjauksen edist\u00e4miseksi. T\u00e4m\u00e4n vuoksi olemme perustaneet yhdistyksen Pyh\u00e4n Aleksandran kirkon yst\u00e4v\u00e4t ry. Sen s\u00e4\u00e4nt\u00f6jen mukaisena tarkoituksena on edist\u00e4\u00e4 Pyh\u00e4n Aleksandran kirkon kulttuurillista arvoa ja asemaa merkitt\u00e4v\u00e4n\u00e4 turkulaisena rakennuksena. Yhdistys voi esimerkiksi j\u00e4rjest\u00e4\u00e4 juhlia, konsertteja, myyj\u00e4isi\u00e4 tai muita tilaisuuksia. &nbsp;Toimintansa tukemiseksi se&hellip; <a class=\"continue\" href=\"https:\/\/ort.fi\/turku\/kirkon-korjaushanke\/\">Continue Reading<span> Kirkon korjaushanke<\/span><\/a><\/div><\/li>\n<li><div class=\"wp-block-latest-posts__featured-image alignleft\"><a href=\"https:\/\/ort.fi\/turku\/2025\/11\/21\/turun-ortodoksisen-kirkon-korjaushanke-etenee\/\" aria-label=\"Pyh\u00e4n Aleksandran kirkko turvataan tuleville sukupolville \u2013 seuraa kirkon korjaushankkeen etenemist\u00e4 seurakunnan sivuilta\"><img loading=\"lazy\" decoding=\"async\" width=\"150\" height=\"150\" src=\"https:\/\/ort.fi\/turku\/wp-content\/uploads\/2025\/11\/Aleksandran-kirkko-RP-1-150x150.jpg\" class=\"attachment-thumbnail size-thumbnail wp-post-image\" alt=\"Aleksandran kirkko rp\" style=\"\" \/><\/a><\/div><a class=\"wp-block-latest-posts__post-title\" href=\"https:\/\/ort.fi\/turku\/2025\/11\/21\/turun-ortodoksisen-kirkon-korjaushanke-etenee\/\">Pyh\u00e4n Aleksandran kirkko turvataan tuleville sukupolville \u2013 seuraa kirkon korjaushankkeen etenemist\u00e4 seurakunnan sivuilta<\/a><time datetime=\"2025-11-21T12:00:00+02:00\" class=\"wp-block-latest-posts__post-date\">21.11.2025<\/time><div class=\"wp-block-latest-posts__post-excerpt\">Turun ortodoksinen seurakunta kilpailutti kirkon perustusten vahvistamisen suunnitteluty\u00f6t kev\u00e4\u00e4ll\u00e4 2025. Seurakunnanneuvosto valitsi suunnittelijatiimin seuraavasti: P\u00e4\u00e4- ja arkkitehtisuunnittelu: LPR Arkkitehdit, Oy, Rakennesuunnittelu: Lauri Mehto Oy ja Geotekninen suunnittelu: Maanp\u00e4\u00e4 Geo Oy. Seurakunnanneuvosto on lis\u00e4ksi perustanut suunnittelut\u00f6iden seurantaa varten eri teknisten alojen asiantuntijoista koostuvan kiinteist\u00f6ty\u00f6ryhm\u00e4n.&nbsp; Suunnnitteluty\u00f6t k\u00e4ynnistyiv\u00e4t hein\u00e4kuussa. Suunnittelun tueksi tehtiin viisi koekuoppaa: kaksi kirkon ulkopuolelle sek\u00e4&hellip; <a class=\"continue\" href=\"https:\/\/ort.fi\/turku\/kirkon-korjaushanke\/\">Continue Reading<span> Kirkon korjaushanke<\/span><\/a><\/div><\/li>\n<li><div class=\"wp-block-latest-posts__featured-image alignleft\"><a href=\"https:\/\/ort.fi\/turku\/2025\/03\/25\/tiedote\/\" aria-label=\"Tiedote\"><img loading=\"lazy\" decoding=\"async\" width=\"150\" height=\"150\" src=\"https:\/\/ort.fi\/turku\/wp-content\/uploads\/2025\/01\/KirkkoUlkoa-21_9-150x150.jpg\" class=\"attachment-thumbnail size-thumbnail wp-post-image\" alt=\"KirkkoUlkoa 21\" style=\"\" \/><\/a><\/div><a class=\"wp-block-latest-posts__post-title\" href=\"https:\/\/ort.fi\/turku\/2025\/03\/25\/tiedote\/\">Tiedote<\/a><time datetime=\"2025-03-25T14:00:00+02:00\" class=\"wp-block-latest-posts__post-date\">25.3.2025<\/time><div class=\"wp-block-latest-posts__post-excerpt\">Turun ortodoksinen seurakunnan seurakunnanneuvosto on j\u00e4tt\u00e4nyt oikaisuvaatimuksen Turun kaupunginhallituksen p\u00e4\u00e4t\u00f6kseen 3.3.2025 (\u00a7 61), jossa hyl\u00e4ttiin seurakunnan vahingonkorvausvaatimus. Seurakunta vaatii, ett\u00e4 kaupunginhallitus hyv\u00e4ksyy vahingonkorvausvaatimuksen ja vastaa Pyh\u00e4n marttyyrikeisarinna Aleksandran kirkon ja aidan vaurioiden korjaamisesta. Perustelut Kirkon ja aidan vauriot ovat syntyneet kaupungin Kauppatorin ja sen ymp\u00e4rist\u00f6n katujen rakentamisen aiheuttaman t\u00e4rin\u00e4n seurauksena. Vahingot on dokumentoitu muun muassa&hellip; <a class=\"continue\" href=\"https:\/\/ort.fi\/turku\/kirkon-korjaushanke\/\">Continue Reading<span> Kirkon korjaushanke<\/span><\/a><\/div><\/li>\n<li><div class=\"wp-block-latest-posts__featured-image alignleft\"><a href=\"https:\/\/ort.fi\/turku\/2025\/03\/03\/tiedote-turun-ortodoksisen-seurakunnan-vahingonkorvausvaatimus-ja-kaupunginhallituksen-paatos\/\" aria-label=\"Tiedote: Turun ortodoksisen seurakunnan vahingonkorvausvaatimus ja kaupunginhallituksen p\u00e4\u00e4t\u00f6s\"><img loading=\"lazy\" decoding=\"async\" width=\"150\" height=\"150\" src=\"https:\/\/ort.fi\/turku\/wp-content\/uploads\/2025\/03\/Elian_kirkko_Tiedote-150x150.jpg\" class=\"attachment-thumbnail size-thumbnail wp-post-image\" alt=\"Pyh\u00e4 Aleksandran kirkko\" style=\"\" \/><\/a><\/div><a class=\"wp-block-latest-posts__post-title\" href=\"https:\/\/ort.fi\/turku\/2025\/03\/03\/tiedote-turun-ortodoksisen-seurakunnan-vahingonkorvausvaatimus-ja-kaupunginhallituksen-paatos\/\">Tiedote: Turun ortodoksisen seurakunnan vahingonkorvausvaatimus ja kaupunginhallituksen p\u00e4\u00e4t\u00f6s<\/a><time datetime=\"2025-03-03T16:41:30+02:00\" class=\"wp-block-latest-posts__post-date\">3.3.2025<\/time><div class=\"wp-block-latest-posts__post-excerpt\">Turun ortodoksinen seurakunta on esitt\u00e4nyt 21.2.2023 ja 29.5.2023 Turun kaupungille vahingonkorvausvaatimuksen, joka koskee Pyh\u00e4n Aleksandran kirkolle aiheutuneita vahinkoja Toriparkin ja Toriparkin ymp\u00e4rist\u00f6n rakentamisesta. Seurakunnan ja Turun kaupungin edustajat keskustelivat vahingonkorvausvaatimuksesta joulukuussa 2024. Neuvotteluissa tuli selke\u00e4sti esille seurakunnan ja kaupungin eri\u00e4v\u00e4t n\u00e4kemykset asiasta. Turun kaupunginhallitus k\u00e4sitteli seurakunnan vahingonkorvausvaatimuksen 3.3.2025 pidetyss\u00e4 kokouksessa. Kaupungin p\u00e4\u00e4tti, ett\u00e4 vahingonkorvausvaatimus hyl\u00e4t\u00e4\u00e4n&hellip; <a class=\"continue\" href=\"https:\/\/ort.fi\/turku\/kirkon-korjaushanke\/\">Continue Reading<span> Kirkon korjaushanke<\/span><\/a><\/div><\/li>\n<\/ul>","protected":false},"excerpt":{"rendered":"","protected":false},"author":5,"featured_media":0,"parent":0,"menu_order":0,"comment_status":"closed","ping_status":"closed","template":"","meta":{"slim_seo":{"title":"Kirkon korjaushanke - Turun ortodoksinen seurakunta","description":""},"footnotes":""},"class_list":["post-8121","page","type-page","status-publish"],"_links":{"self":[{"href":"https:\/\/ort.fi\/turku\/wp-json\/wp\/v2\/pages\/8121","targetHints":{"allow":["GET"]}}],"collection":[{"href":"https:\/\/ort.fi\/turku\/wp-json\/wp\/v2\/pages"}],"about":[{"href":"https:\/\/ort.fi\/turku\/wp-json\/wp\/v2\/types\/page"}],"author":[{"embeddable":true,"href":"https:\/\/ort.fi\/turku\/wp-json\/wp\/v2\/users\/5"}],"replies":[{"embeddable":true,"href":"https:\/\/ort.fi\/turku\/wp-json\/wp\/v2\/comments?post=8121"}],"version-history":[{"count":3,"href":"https:\/\/ort.fi\/turku\/wp-json\/wp\/v2\/pages\/8121\/revisions"}],"predecessor-version":[{"id":8859,"href":"https:\/\/ort.fi\/turku\/wp-json\/wp\/v2\/pages\/8121\/revisions\/8859"}],"wp:attachment":[{"href":"https:\/\/ort.fi\/turku\/wp-json\/wp\/v2\/media?parent=8121"}],"curies":[{"name":"wp","href":"https:\/\/api.w.org\/{rel}","templated":true}]}}