{"id":8111,"date":"2025-10-30T13:27:40","date_gmt":"2025-10-30T11:27:40","guid":{"rendered":"https:\/\/ort.fi\/turku\/?page_id=8111"},"modified":"2026-03-10T12:38:04","modified_gmt":"2026-03-10T10:38:04","slug":"180-vuotisjuhla","status":"publish","type":"page","link":"https:\/\/ort.fi\/turku\/180-vuotisjuhla\/","title":{"rendered":"Pyh\u00e4n Aleksandran kirkko 180 vuotta\u00a0"},"content":{"rendered":"\n<p>Seurakuntamme p\u00e4\u00e4pyh\u00e4kk\u00f6, Pyh\u00e4n Aleksandran kirkko, t\u00e4ytt\u00e4\u00e4 t\u00e4n\u00e4 vuonna 180 vuotta. Juhlavuoden p\u00e4\u00e4tapahtumaa vietet\u00e4\u00e4n sunnuntaina 27.9.2026. Monipuolista ja yhteis\u00f6llist\u00e4 ohjelmaa on luvassa koko viikonlopun ajan.<\/p>\n\n\n\n<p><strong>P\u00c4IVITTYV\u00c4 JUHLAOHJELMA<\/strong><\/p>\n\n\n\n<p><strong>Perjantai 25.9. <\/strong><\/p>\n\n\n\n<p>klo 18.30 Kvartetti Murusten konsertti<\/p>\n\n\n\n<p><strong>Lauantai 26.9. <\/strong><\/p>\n\n\n\n<p>klo 13\u201317 Monikulttuurinen pihajuhla: Tule nauttimaan seurakuntalaisten rikkaasta kulttuuriperinn\u00f6st\u00e4 ruuan, musiikin ja yhdess\u00e4olon merkeiss\u00e4! Haluaisitko valmistaa kotimaasi herkkuja myyt\u00e4v\u00e4ksi pihajuhlassa? Ota yhteytt\u00e4 seurakuntaan (turku@ort.fi). P\u00e4iv\u00e4n aikana kirkossa j\u00e4rjestet\u00e4\u00e4n my\u00f6s kaikille avoimia opastuskierroksia eri kielill\u00e4, ja ehtoopalvelus toimitetaan klo 17.<\/p>\n\n\n\n<p>klo 18.30 Turun ortodoksisen kirkon kuoro (TOKK) konsertoi kirkossa <\/p>\n\n\n\n<p><strong>Sunnuntai 27.9. <\/strong><\/p>\n\n\n\n<p>klo 10 Juhlaliturgia, jonka j\u00e4lkeen p\u00e4\u00e4juhla Akatemiatalon juhlasalissa (Rothoviuksenkatu 1, Turku). Lis\u00e4tietoa p\u00e4\u00e4juhlan ohjelmasta sek\u00e4 ilmoittautumisesta julkaistaan kes\u00e4n aikana.<\/p>\n\n\n\n<p>L\u00e4mpim\u00e4sti tervetuloa mukaan juhlistamaan 180-vuotiasta kirkkoamme! Huom. ohjelma t\u00e4ydentyy viel\u00e4!<\/p>\n\n\n\n<figure class=\"wp-block-image size-large\"><img loading=\"lazy\" decoding=\"async\" width=\"768\" height=\"1024\" src=\"https:\/\/ort.fi\/turku\/wp-content\/uploads\/2025\/11\/Aleksandran-kirkko-RP-768x1024.jpg\" alt=\"Aleksandran kirkko rp\" class=\"wp-image-8213\" srcset=\"https:\/\/ort.fi\/turku\/wp-content\/uploads\/2025\/11\/Aleksandran-kirkko-RP-768x1024.jpg 768w, https:\/\/ort.fi\/turku\/wp-content\/uploads\/2025\/11\/Aleksandran-kirkko-RP-225x300.jpg 225w, https:\/\/ort.fi\/turku\/wp-content\/uploads\/2025\/11\/Aleksandran-kirkko-RP-1152x1536.jpg 1152w, https:\/\/ort.fi\/turku\/wp-content\/uploads\/2025\/11\/Aleksandran-kirkko-RP-1536x2048.jpg 1536w, https:\/\/ort.fi\/turku\/wp-content\/uploads\/2025\/11\/Aleksandran-kirkko-RP-scaled.jpg 1920w\" sizes=\"auto, (max-width: 768px) 100vw, 768px\" \/><\/figure>\n","protected":false},"excerpt":{"rendered":"<p>Seurakuntamme p\u00e4\u00e4pyh\u00e4kk\u00f6, Pyh\u00e4n Aleksandran kirkko, t\u00e4ytt\u00e4\u00e4 t\u00e4n\u00e4 vuonna 180 vuotta. Juhlavuoden p\u00e4\u00e4tapahtumaa vietet\u00e4\u00e4n sunnuntaina 27.9.2026. Monipuolista ja yhteis\u00f6llist\u00e4 ohjelmaa on luvassa koko viikonlopun ajan. P\u00c4IVITTYV\u00c4 JUHLAOHJELMA Perjantai 25.9. klo 18.30 Kvartetti Murusten konsertti Lauantai 26.9. klo 13\u201317 Monikulttuurinen pihajuhla: Tule nauttimaan seurakuntalaisten rikkaasta kulttuuriperinn\u00f6st\u00e4 ruuan, musiikin ja yhdess\u00e4olon merkeiss\u00e4! Haluaisitko valmistaa kotimaasi herkkuja myyt\u00e4v\u00e4ksi pihajuhlassa?&hellip; <a class=\"continue\" href=\"https:\/\/ort.fi\/turku\/180-vuotisjuhla\/\">Continue Reading<span> Pyh\u00e4n Aleksandran kirkko 180 vuotta\u00a0<\/span><\/a><\/p>\n","protected":false},"author":5,"featured_media":0,"parent":0,"menu_order":0,"comment_status":"closed","ping_status":"closed","template":"","meta":{"slim_seo":{"title":"Pyh\u00e4n Aleksandran kirkko 180 vuotta\u00a0 - Turun ortodoksinen seurakunta","description":"Seurakuntamme p\u00e4\u00e4pyh\u00e4kk\u00f6, Pyh\u00e4n Aleksandran kirkko, t\u00e4ytt\u00e4\u00e4 t\u00e4n\u00e4 vuonna 180 vuotta. Juhlavuoden p\u00e4\u00e4tapahtumaa vietet\u00e4\u00e4n sunnuntaina 27.9.2026. Monipuolista ja y"},"footnotes":""},"class_list":["post-8111","page","type-page","status-publish"],"_links":{"self":[{"href":"https:\/\/ort.fi\/turku\/wp-json\/wp\/v2\/pages\/8111","targetHints":{"allow":["GET"]}}],"collection":[{"href":"https:\/\/ort.fi\/turku\/wp-json\/wp\/v2\/pages"}],"about":[{"href":"https:\/\/ort.fi\/turku\/wp-json\/wp\/v2\/types\/page"}],"author":[{"embeddable":true,"href":"https:\/\/ort.fi\/turku\/wp-json\/wp\/v2\/users\/5"}],"replies":[{"embeddable":true,"href":"https:\/\/ort.fi\/turku\/wp-json\/wp\/v2\/comments?post=8111"}],"version-history":[{"count":6,"href":"https:\/\/ort.fi\/turku\/wp-json\/wp\/v2\/pages\/8111\/revisions"}],"predecessor-version":[{"id":10219,"href":"https:\/\/ort.fi\/turku\/wp-json\/wp\/v2\/pages\/8111\/revisions\/10219"}],"wp:attachment":[{"href":"https:\/\/ort.fi\/turku\/wp-json\/wp\/v2\/media?parent=8111"}],"curies":[{"name":"wp","href":"https:\/\/api.w.org\/{rel}","templated":true}]}}