{"id":8099,"date":"2025-10-30T12:45:08","date_gmt":"2025-10-30T10:45:08","guid":{"rendered":"https:\/\/ort.fi\/turku\/?page_id=8099"},"modified":"2026-03-16T15:13:57","modified_gmt":"2026-03-16T13:13:57","slug":"diakonian-tapahtumat","status":"publish","type":"page","link":"https:\/\/ort.fi\/turku\/diakonian-tapahtumat\/","title":{"rendered":"Diakonian tapahtumat"},"content":{"rendered":"<p><strong>Diakoniaty\u00f6n tapahtumat kev\u00e4tkaudella 2026:<\/strong><\/p>\n<ul>\n<li><strong>Aleksandran kahvila<\/strong>: Kaikille avoin kahvila seurakuntasalilla seuraavina keskiviikkoina: 15.4 ja 6.5.2026 klo 15-19.30 Aleksandra-salissa os. Yliopistonkatu 19B, 20100 Turku<\/li>\n<\/ul>\n\n\n<p>Kahvilassa <span style=\"font-size: inherit;\">voit mm. nauttia eurolla kahvilan antimista, lainata seurakunnan kirjastosta kirjoja, pelata lautapelej\u00e4 kahvilassa, viett\u00e4\u00e4 rauhallisen kahvihetken keskell\u00e4 Turkua kauppatorin laidalla<\/span> ja osallistua klo 17 palvelukseen Pyh\u00e4n Marttyyrikeisarinna Aleksandran kirkossa.<\/p>\n\n\n<p>Lis\u00e4tietoja: <a href=\"https:\/\/ort.fi\/turku\/aleksandran-kahvila\/\" target=\"_blank\" rel=\"noopener\">Aleksandran kahvila<\/a><\/p>\n<ul>\n<li><strong>Aleksandran aamiainen <\/strong>: kaikille avoin maksuton aamiainen seurakuntasalilla seuraavina perjantaina klo 9-10.30: 27.3., 24.4., 22.5.2026<\/li>\n<\/ul>\n\n\n<p>Lis\u00e4tietoja: <a href=\"https:\/\/ort.fi\/turku\/aamiainen-tarjolla\/\" target=\"_blank\" rel=\"noopener\" title=\"\">Aleksandran aamiainen<\/a><\/p>\n\n\n<ul>\n<li>Aleksandran kahvilan ja aamiaisen yhteydess\u00e4 jaetaan my\u00f6s Turun Kauppatorin ymp\u00e4rist\u00f6\u00f6n voileipi\u00e4 ja kahvia. Kysy tarkempia aikatauluja seurakunnan henkil\u00f6kunnalta tai diakoniaty\u00f6n puhelinnumerosta, ks. yhteystiedot alla<\/li>\n<\/ul>\n\n\n<p class=\"has-text-align-left\"><strong>Lis\u00e4tietoja diakoniaty\u00f6st\u00e4:<\/strong><\/p>\n\n\n\n<p>Is\u00e4 Ioannis Lampropoulos, 050 357 3675, ioannis.lampropoulos@ort.fi<\/p>\n\n\n\n<p>Diakonia- ja vapaaehtoisty\u00f6n puhelinnumero, 044 902 1244 \/ Sanna Suomi: Vapaaehtoiseksi ilmoittautuminen, kysymykset vapaaehtoisty\u00f6st\u00e4, ei talousasioihin eik\u00e4 henkil\u00f6kohtaisiin papin tapaamisiin \/toimituksiin liittyvi\u00e4 kysymyksi\u00e4<\/p>\n\n\n\n<iframe width='1200' height='650' frameborder='0' scrolling='auto'\nmarginheight='0' marginwidth='0' style=\".otsikko {font-size: large;}\"\nsrc='https:\/\/www.mvsoy.fi\/data\/ort\/turku\/lehteen\/tapahtumat.phtml?hakualue%5B%5D=Diakonian tapahtumat'><\/iframe>\n","protected":false},"excerpt":{"rendered":"<p>Diakoniaty\u00f6n tapahtumat kev\u00e4tkaudella 2026: Aleksandran kahvila: Kaikille avoin kahvila seurakuntasalilla seuraavina keskiviikkoina: 15.4 ja 6.5.2026 klo 15-19.30 Aleksandra-salissa os. Yliopistonkatu 19B, 20100 Turku Kahvilassa voit mm. nauttia eurolla kahvilan antimista, lainata seurakunnan kirjastosta kirjoja, pelata lautapelej\u00e4 kahvilassa, viett\u00e4\u00e4 rauhallisen kahvihetken keskell\u00e4 Turkua kauppatorin laidalla ja osallistua klo 17 palvelukseen Pyh\u00e4n Marttyyrikeisarinna Aleksandran kirkossa. Lis\u00e4tietoja: Aleksandran&hellip; <a class=\"continue\" href=\"https:\/\/ort.fi\/turku\/diakonian-tapahtumat\/\">Continue Reading<span> Diakonian tapahtumat<\/span><\/a><\/p>\n","protected":false},"author":5,"featured_media":0,"parent":0,"menu_order":0,"comment_status":"closed","ping_status":"closed","template":"","meta":{"slim_seo":{"title":"Diakonian tapahtumat - Turun ortodoksinen seurakunta","description":"Diakoniaty\u00f6n tapahtumat kev\u00e4tkaudella 2026: Aleksandran kahvila : Kaikille avoin kahvila seurakuntasalilla seuraavina keskiviikkoina: 15.4 ja 6.5.2026 klo 15-19"},"footnotes":""},"class_list":["post-8099","page","type-page","status-publish"],"_links":{"self":[{"href":"https:\/\/ort.fi\/turku\/wp-json\/wp\/v2\/pages\/8099","targetHints":{"allow":["GET"]}}],"collection":[{"href":"https:\/\/ort.fi\/turku\/wp-json\/wp\/v2\/pages"}],"about":[{"href":"https:\/\/ort.fi\/turku\/wp-json\/wp\/v2\/types\/page"}],"author":[{"embeddable":true,"href":"https:\/\/ort.fi\/turku\/wp-json\/wp\/v2\/users\/5"}],"replies":[{"embeddable":true,"href":"https:\/\/ort.fi\/turku\/wp-json\/wp\/v2\/comments?post=8099"}],"version-history":[{"count":11,"href":"https:\/\/ort.fi\/turku\/wp-json\/wp\/v2\/pages\/8099\/revisions"}],"predecessor-version":[{"id":10279,"href":"https:\/\/ort.fi\/turku\/wp-json\/wp\/v2\/pages\/8099\/revisions\/10279"}],"wp:attachment":[{"href":"https:\/\/ort.fi\/turku\/wp-json\/wp\/v2\/media?parent=8099"}],"curies":[{"name":"wp","href":"https:\/\/api.w.org\/{rel}","templated":true}]}}