{"id":809,"date":"2024-06-09T17:44:19","date_gmt":"2024-06-09T14:44:19","guid":{"rendered":"https:\/\/ort.fi\/ortturkusrk\/?page_id=809"},"modified":"2025-02-02T16:15:57","modified_gmt":"2025-02-02T14:15:57","slug":"muut-jumalanpalveluspaikat","status":"publish","type":"page","link":"https:\/\/ort.fi\/turku\/muut-jumalanpalveluspaikat\/","title":{"rendered":"Muut jumalanpalveluspaikat"},"content":{"rendered":"\n<div class=\"wp-block-columns is-layout-flex wp-container-core-columns-is-layout-9d6595d7 wp-block-columns-is-layout-flex\">\n<div class=\"wp-block-column is-vertically-aligned-center is-layout-flow wp-block-column-is-layout-flow\">\n<p>Turun ortodoksinen seurakunta j\u00e4rjest\u00e4\u00e4 pyh\u00e4kk\u00f6jen lis\u00e4ksi s\u00e4\u00e4nn\u00f6llisesti jumalanpalveluksia my\u00f6s muilla paikkakunnilla, usein paikallisen evankelisluterilaisen kirkon tiloissa. Palvelusten ajankohdat l\u00f6ytyv\u00e4t jumalanpalveuskalenterista.<\/p>\n\n\n\n<p><strong>Loimaa<\/strong>: Ev.lut. kaupunginkirkko, Turuntie 32<\/p>\n\n\n\n<p><strong>Eura<\/strong>: Ev.lut. seurakuntatalo, Sorkkistentie 3<\/p>\n\n\n\n<p><strong>Uusikaupunki<\/strong>: Saarniston ev.lut. seurakuntakoti, Pajusuontie 2<\/p>\n\n\n\n<p><strong>Maarianhamina<\/strong>: Margaretag\u00e5rden, M\u00e5sv\u00e4gen 4<\/p>\n<\/div>\n\n\n\n<div class=\"wp-block-column is-layout-flow wp-block-column-is-layout-flow\"><div class=\"wp-block-image\">\n<figure class=\"aligncenter size-large is-resized\"><img loading=\"lazy\" decoding=\"async\" width=\"1024\" height=\"768\" src=\"https:\/\/ort.fi\/ortturkusrk\/wp-content\/uploads\/2024\/12\/IMG_2553-1-1024x768.jpg\" alt=\"\" class=\"wp-image-3651\" style=\"width:406px;height:auto\" srcset=\"https:\/\/ort.fi\/turku\/wp-content\/uploads\/2024\/12\/IMG_2553-1-1024x768.jpg 1024w, https:\/\/ort.fi\/turku\/wp-content\/uploads\/2024\/12\/IMG_2553-1-300x225.jpg 300w, https:\/\/ort.fi\/turku\/wp-content\/uploads\/2024\/12\/IMG_2553-1-768x576.jpg 768w, https:\/\/ort.fi\/turku\/wp-content\/uploads\/2024\/12\/IMG_2553-1-1536x1152.jpg 1536w, https:\/\/ort.fi\/turku\/wp-content\/uploads\/2024\/12\/IMG_2553-1-2048x1536.jpg 2048w\" sizes=\"auto, (max-width: 1024px) 100vw, 1024px\" \/><figcaption class=\"wp-element-caption\"><em>Liturgia Myn\u00e4m\u00e4en kirkossa, kuva: VN<\/em><\/figcaption><\/figure>\n<\/div><\/div>\n<\/div>\n\n\n\n<p><strong>Huittinen<\/strong>: Ev.lut. seurakuntakeskus, Papintie 1&nbsp;<\/p>\n\n\n\n<p><strong>Paimio<\/strong>: Mikaelintalon kappeli, Py\u00f6lintie 3<\/p>\n\n\n\n<p><strong>Sauvo<\/strong>: Sauvon kirkko, Sauvontie 50<\/p>\n\n\n\n<p><strong>S\u00e4kyl\u00e4<\/strong>: Ev.lut. seurakuntatalo, Tuulimyllyntie 21<\/p>\n\n\n\n<p><strong>Laitila<\/strong>: Pyh\u00e4n Mikaelin kirkko, Keskuskatu 7<\/p>\n\n\n\n<h5 class=\"wp-block-heading has-text-align-center\"><strong><em>Muiden paikkakuntien jumalanpalvelukset kuin Turku, Salo ja Rauma<\/em><\/strong><\/h5>\n\n\n\n<iframe width='1200' height='850' frameborder='0' scrolling='auto'\nmarginheight='0' marginwidth='0' style=\".otsikko {font-size: large;}\"\nsrc='https:\/\/www.mvsoy.fi\/data\/ort\/turku\/lehteen\/tapahtumat.phtml?hakualue%5B%5D=Muut+jumalanpalveluspaikat'><\/iframe>\n\n\n","protected":false},"excerpt":{"rendered":"<p>Turun ortodoksinen seurakunta j\u00e4rjest\u00e4\u00e4 pyh\u00e4kk\u00f6jen lis\u00e4ksi s\u00e4\u00e4nn\u00f6llisesti jumalanpalveluksia my\u00f6s muilla paikkakunnilla, usein paikallisen evankelisluterilaisen kirkon tiloissa. Palvelusten ajankohdat l\u00f6ytyv\u00e4t jumalanpalveuskalenterista. Loimaa: Ev.lut. kaupunginkirkko, Turuntie 32 Eura: Ev.lut. seurakuntatalo, Sorkkistentie 3 Uusikaupunki: Saarniston ev.lut. seurakuntakoti, Pajusuontie 2 Maarianhamina: Margaretag\u00e5rden, M\u00e5sv\u00e4gen 4 Huittinen: Ev.lut. seurakuntakeskus, Papintie 1&nbsp; Paimio: Mikaelintalon kappeli, Py\u00f6lintie 3 Sauvo: Sauvon kirkko, Sauvontie 50&hellip; <a class=\"continue\" href=\"https:\/\/ort.fi\/turku\/muut-jumalanpalveluspaikat\/\">Continue Reading<span> Muut jumalanpalveluspaikat<\/span><\/a><\/p>\n","protected":false},"author":5,"featured_media":0,"parent":0,"menu_order":0,"comment_status":"closed","ping_status":"closed","template":"","meta":{"slim_seo":{"title":"Muut jumalanpalveluspaikat - Turun ortodoksinen seurakunta","description":"Turun ortodoksinen seurakunta j\u00e4rjest\u00e4\u00e4 pyh\u00e4kk\u00f6jen lis\u00e4ksi s\u00e4\u00e4nn\u00f6llisesti jumalanpalveluksia my\u00f6s muilla paikkakunnilla, usein paikallisen evankelisluterilaisen"},"footnotes":""},"class_list":["post-809","page","type-page","status-publish"],"_links":{"self":[{"href":"https:\/\/ort.fi\/turku\/wp-json\/wp\/v2\/pages\/809","targetHints":{"allow":["GET"]}}],"collection":[{"href":"https:\/\/ort.fi\/turku\/wp-json\/wp\/v2\/pages"}],"about":[{"href":"https:\/\/ort.fi\/turku\/wp-json\/wp\/v2\/types\/page"}],"author":[{"embeddable":true,"href":"https:\/\/ort.fi\/turku\/wp-json\/wp\/v2\/users\/5"}],"replies":[{"embeddable":true,"href":"https:\/\/ort.fi\/turku\/wp-json\/wp\/v2\/comments?post=809"}],"version-history":[{"count":0,"href":"https:\/\/ort.fi\/turku\/wp-json\/wp\/v2\/pages\/809\/revisions"}],"wp:attachment":[{"href":"https:\/\/ort.fi\/turku\/wp-json\/wp\/v2\/media?parent=809"}],"curies":[{"name":"wp","href":"https:\/\/api.w.org\/{rel}","templated":true}]}}