{"id":8089,"date":"2025-10-30T12:05:41","date_gmt":"2025-10-30T10:05:41","guid":{"rendered":"https:\/\/ort.fi\/turku\/?page_id=8089"},"modified":"2026-03-16T15:09:47","modified_gmt":"2026-03-16T13:09:47","slug":"minustako-vapaaehtoinen","status":"publish","type":"page","link":"https:\/\/ort.fi\/turku\/minustako-vapaaehtoinen\/","title":{"rendered":"Minustako vapaaehtoinen?"},"content":{"rendered":"\n<p><\/p>\n\n\n\n<p>Turun ortodoksisessa seurakunnassa on tarjolla monenlaisia vapaaehtoisteht\u00e4vi\u00e4. Vapaaehtoisena toimiminen ei edellyt\u00e4 ortodoksisen kirkon j\u00e4senyytt\u00e4. Kiinnostus ja sitoutuminen niihin teht\u00e4viin, joihin olet ilmoittautunut, riitt\u00e4\u00e4. Voit tulla kertaluontoisesti mukaan tai sitoutua pidempikestoisiin teht\u00e4viin. Vapaaehtoisteht\u00e4viin ei ole ennakkotaitovaatimuksia, kaikkiin teht\u00e4viin perehdytet\u00e4\u00e4n. Voit my\u00f6s ehdottaa vapaaehtoisteht\u00e4v\u00e4\u00e4, mik\u00e4 kiinnostaa sinua tai miss\u00e4 sinulla on erityisosaamista. Tervetuloa mukaan! <\/p>\n\n\n\n<p>Vapaaehtoisteht\u00e4vi\u00e4 Turun ortodoksisessa seurakunnassa vuonna 2026:<\/p>\n\n\n\n<ul class=\"wp-block-list\">\n<li>Kirkkokahvien valmistelu ja siihen liittyv\u00e4t teht\u00e4v\u00e4t: Sunnuntaisin liturgian j\u00e4lkeen n. klo 11.30- Aleksandra-salissa os. Yliopistonkatu 19B3, 20100 Turku<\/li>\n\n\n\n<li>P\u00e4\u00e4si\u00e4isen j\u00e4rjestelyihin tarvitaan vapaaehtoisia monenlaisiin teht\u00e4viin. Erityisesti haussa vapaaehtoisia p\u00e4\u00e4si\u00e4isy\u00f6n ruokailun j\u00e4rjest\u00e4miseen liittyviin teht\u00e4viin <strong>4.-5.4.2026.<\/strong> Yhteystiedot sivun alaosassa, Lis\u00e4tietoja-kohdassa. <\/li>\n\n\n\n<li><a href=\"https:\/\/ort.fi\/turku\/aleksandran-kahvila\/\" target=\"_blank\" rel=\"noopener\" title=\"Aleksandran kahvila\">Aleksandran kahvilan<\/a> j\u00e4rjestelyihin liittyv\u00e4t teht\u00e4v\u00e4t: \n<ul class=\"wp-block-list\">\n<li>Keitti\u00f6- ja asiakaspalveluteht\u00e4v\u00e4t, siivous, ihmisten kohtaaminen, lautapelien j\u00e4rjestely saliin, kirjastolainausten hoitaminen ja muita kahvilan teht\u00e4vi\u00e4. My\u00f6s markkinointiin liittyvi\u00e4 teht\u00e4vi\u00e4. Lis\u00e4ksi jalkaudumme Turun Kauppatorin ymp\u00e4rist\u00f6\u00f6n jakamaan voileipi\u00e4 ja kahvia. <\/li>\n<\/ul>\n<\/li>\n\n\n\n<li><a href=\"https:\/\/ort.fi\/turku\/aamiainen-tarjolla\/\" target=\"_blank\" rel=\"noopener\" title=\"\">Aleksandran aamiaiseen<\/a> liittyv\u00e4t j\u00e4rjestelyt:\n<ul class=\"wp-block-list\">\n<li>Keitti\u00f6- ja asiakaspalveluteht\u00e4v\u00e4t, siivous, ihmisten kohtaaminen ja muita aamiaisen teht\u00e4vi\u00e4. My\u00f6s markkinointiin liittyvi\u00e4 teht\u00e4vi\u00e4 Lis\u00e4ksi jalkaudumme Turun Kauppatorin ymp\u00e4rist\u00f6\u00f6n jakamaan voileipi\u00e4 ja kahvia.<\/li>\n<\/ul>\n<\/li>\n\n\n\n<li>Askarrellaan yhdess\u00e4 Turun ortodoksisen seurakunnan p\u00e4\u00e4si\u00e4ismyyj\u00e4isiin <strong>maanantaina 23.3. klo 17-<\/strong>19 seurakunnan huoneistossa 35 (3.krs). Kokoontuminen hieman ennen klo 17 Aleksandra-salin luona, Yliopistonkatu 19B3, 20100 Turku, josta ohjattu kulku yhdess\u00e4 kolmanteen kerrokseen. Voit tulla my\u00f6hemminkin mukaan illan aikana. Paikalla askartelunohjausta, runsaasti askartelutarvikkeita sek\u00e4 tarjolla pient\u00e4 naposteltavaa. Askartelut myyd\u00e4\u00e4n seurakunnan p\u00e4\u00e4si\u00e4ismyyj\u00e4isiss\u00e4, tuotot ker\u00e4t\u00e4\u00e4n seurakunnan diakoniaty\u00f6h\u00f6n. P\u00e4\u00e4si\u00e4ismyyj\u00e4iset pidet\u00e4\u00e4n Aleksandra-salissa lauantaina 28.3. klo 10-13. Tervetuloa mukaan askartelemaan!<\/li>\n\n\n\n<li>Tule j\u00e4rjest\u00e4m\u00e4\u00e4n Turun ortodoksisen seurakunnan myyj\u00e4isten diakoniaty\u00f6n myyntip\u00f6yt\u00e4\u00e4! Diakoniaty\u00f6n myyntip\u00f6yt\u00e4\u00e4n voi tuoda myyt\u00e4v\u00e4\u00e4 (mm. askarteluja, kirjoja, k\u00e4sit\u00f6it\u00e4, leivonnaisia) ja lis\u00e4ksi myyntivuoroihin tarvitaan vapaaehtoisia. Myyj\u00e4iset j\u00e4rjestet\u00e4\u00e4n Aleksandra-salissa lauantaina 28.3. klo 10-13, osoite Yliopistonkatu 19B3, Turku<\/li>\n<\/ul>\n\n\n\n<p><strong>Liity Turun ortodoksisen seurakunnan Whatsapp-yhteis\u00f6\u00f6n:<\/strong> <a href=\"https:\/\/chat.whatsapp.com\/BCuN6L7GY12BZW9tK4NxyA\" target=\"_blank\" rel=\"noreferrer noopener\">https:\/\/chat.whatsapp.com\/BCuN6L7GY12BZW9tK4NxyA<\/a>&nbsp;<\/p>\n\n\n\n<p>Yhteis\u00f6 koostuu kaikille avoimesta ilmoituskanavasta, johon tiedotetaan seurakunnan tapahtumista. Yhteis\u00f6ss\u00e4 pystyy liittym\u00e4\u00e4n toimintapiirien ryhmiin sek\u00e4 Kysy papilta -palstalle.<\/p>\n\n\n\n<p><strong>Yhteis\u00f6ss\u00e4 voit liitty\u00e4 vapaaehtoisille ja vapaaehtoisty\u00f6st\u00e4 kiinnostuneille tarkoitettuun ryhm\u00e4\u00e4n:<\/strong> <a href=\"https:\/\/chat.whatsapp.com\/GyriDOXqGWa0iydI2wRZsk?mode=ems_email_t\">https:\/\/chat.whatsapp.com\/GyriDOXqGWa0iydI2wRZsk?mode=ems_email_t<\/a>&nbsp; Ryhm\u00e4ss\u00e4 tiedotetaan tulevista vapaaehtoisteht\u00e4vist\u00e4 ja ohjataan yksitt\u00e4isten teht\u00e4vien ja tilaisuuksien omiin ryhmiin.<\/p>\n\n\n\n<p><strong>Lis\u00e4tietoja vapaaehtoisty\u00f6st\u00e4:<\/strong><\/p>\n\n\n\n<p>Is\u00e4 Ioannis Lampropoulos, 050 357 3675, ioannis.lampropoulos@ort.fi<\/p>\n\n\n\n<p>Diakonia- ja vapaaehtoisty\u00f6n puhelinnumero, 044 902 1244 \/ Sanna Suomi: Vapaaehtoiseksi ilmoittautuminen, kysymykset vapaaehtois- ja diakoniaty\u00f6st\u00e4, ei talousasioihin eik\u00e4 henkil\u00f6kohtaisiin papin tapaamisiin \/toimituksiin liittyvi\u00e4 kysymyksi\u00e4<\/p>\n","protected":false},"excerpt":{"rendered":"<p>Turun ortodoksisessa seurakunnassa on tarjolla monenlaisia vapaaehtoisteht\u00e4vi\u00e4. Vapaaehtoisena toimiminen ei edellyt\u00e4 ortodoksisen kirkon j\u00e4senyytt\u00e4. Kiinnostus ja sitoutuminen niihin teht\u00e4viin, joihin olet ilmoittautunut, riitt\u00e4\u00e4. Voit tulla kertaluontoisesti mukaan tai sitoutua pidempikestoisiin teht\u00e4viin. Vapaaehtoisteht\u00e4viin ei ole ennakkotaitovaatimuksia, kaikkiin teht\u00e4viin perehdytet\u00e4\u00e4n. Voit my\u00f6s ehdottaa vapaaehtoisteht\u00e4v\u00e4\u00e4, mik\u00e4 kiinnostaa sinua tai miss\u00e4 sinulla on erityisosaamista. Tervetuloa mukaan! Vapaaehtoisteht\u00e4vi\u00e4 Turun ortodoksisessa&hellip; <a class=\"continue\" href=\"https:\/\/ort.fi\/turku\/minustako-vapaaehtoinen\/\">Continue Reading<span> Minustako vapaaehtoinen?<\/span><\/a><\/p>\n","protected":false},"author":5,"featured_media":0,"parent":0,"menu_order":0,"comment_status":"closed","ping_status":"closed","template":"","meta":{"slim_seo":{"title":"Minustako vapaaehtoinen? - Turun ortodoksinen seurakunta","description":"Turun ortodoksisessa seurakunnassa on tarjolla monenlaisia vapaaehtoisteht\u00e4vi\u00e4. Vapaaehtoisena toimiminen ei edellyt\u00e4 ortodoksisen kirkon j\u00e4senyytt\u00e4. Kiinnostus"},"footnotes":""},"class_list":["post-8089","page","type-page","status-publish"],"_links":{"self":[{"href":"https:\/\/ort.fi\/turku\/wp-json\/wp\/v2\/pages\/8089","targetHints":{"allow":["GET"]}}],"collection":[{"href":"https:\/\/ort.fi\/turku\/wp-json\/wp\/v2\/pages"}],"about":[{"href":"https:\/\/ort.fi\/turku\/wp-json\/wp\/v2\/types\/page"}],"author":[{"embeddable":true,"href":"https:\/\/ort.fi\/turku\/wp-json\/wp\/v2\/users\/5"}],"replies":[{"embeddable":true,"href":"https:\/\/ort.fi\/turku\/wp-json\/wp\/v2\/comments?post=8089"}],"version-history":[{"count":21,"href":"https:\/\/ort.fi\/turku\/wp-json\/wp\/v2\/pages\/8089\/revisions"}],"predecessor-version":[{"id":10273,"href":"https:\/\/ort.fi\/turku\/wp-json\/wp\/v2\/pages\/8089\/revisions\/10273"}],"wp:attachment":[{"href":"https:\/\/ort.fi\/turku\/wp-json\/wp\/v2\/media?parent=8089"}],"curies":[{"name":"wp","href":"https:\/\/api.w.org\/{rel}","templated":true}]}}