{"id":801,"date":"2024-06-09T17:43:07","date_gmt":"2024-06-09T14:43:07","guid":{"rendered":"https:\/\/ort.fi\/ortturkusrk\/?page_id=801"},"modified":"2024-12-08T18:09:51","modified_gmt":"2024-12-08T16:09:51","slug":"rauman-rukoushuone","status":"publish","type":"page","link":"https:\/\/ort.fi\/turku\/rauman-rukoushuone\/","title":{"rendered":"Rauman Pyh\u00e4n Nikolaoksen rukoushuone"},"content":{"rendered":"<div class=\"wp-block-image\">\n<figure class=\"alignleft size-large is-resized\"><img loading=\"lazy\" decoding=\"async\" width=\"1024\" height=\"768\" src=\"https:\/\/ort.fi\/ortturkusrk\/wp-content\/uploads\/2024\/03\/Rauman-rukoushuone-kevat-2014-2-1024x768.jpg\" alt=\"Rauma rukoushuone kev\u00e4tauringossa.\" class=\"wp-image-185\" style=\"width:317px;height:auto\" srcset=\"https:\/\/ort.fi\/turku\/wp-content\/uploads\/2024\/03\/Rauman-rukoushuone-kevat-2014-2-1024x768.jpg 1024w, https:\/\/ort.fi\/turku\/wp-content\/uploads\/2024\/03\/Rauman-rukoushuone-kevat-2014-2-300x225.jpg 300w, https:\/\/ort.fi\/turku\/wp-content\/uploads\/2024\/03\/Rauman-rukoushuone-kevat-2014-2-768x576.jpg 768w, https:\/\/ort.fi\/turku\/wp-content\/uploads\/2024\/03\/Rauman-rukoushuone-kevat-2014-2-1536x1152.jpg 1536w, https:\/\/ort.fi\/turku\/wp-content\/uploads\/2024\/03\/Rauman-rukoushuone-kevat-2014-2-2048x1536.jpg 2048w\" sizes=\"auto, (max-width: 1024px) 100vw, 1024px\" \/><\/figure>\n<\/div>\n\n\n<p>Rauman rukoushuone on rakennettu Vanhalla Raumalla sijaitsevaan taloon, jonka vanhimmat osat lienev\u00e4t per\u00e4isin 1600-luvulta. Talon toinen siipi on sisustettu rukoushuoneeksi. Serakennettiin j\u00e4lleenrakennuslain mukaisesti vuonna 1955 ja vihittiin k\u00e4ytt\u00f6\u00f6n 2.11.1956. Se on pyhitetty Lyykian Myrran arkkipiispalle pyh\u00e4lle Nikolaokselle (k. 4. vs.). Ikonostaasin ikonit ja osa muistakin ikoneista on per\u00e4isin Turun sotilaskirkosta. Pyh\u00e4n Nikolaoksen praasniekkaa vietet\u00e4\u00e4n 6.12.<\/p>\n\n\n\n<p><\/p>\n\n\n\n<p>Mik\u00e4li olet kiinnostunut opastuksesta pyh\u00e4k\u00f6ss\u00e4, otathan yhteytt\u00e4 is\u00e4nn\u00f6itsij\u00e4\u00e4n.&nbsp;<\/p>\n\n\n\n<p><strong>Is\u00e4nn\u00f6itsij\u00e4<\/strong>: Jani Varjo (050 514 0011)<\/p>\n\n\n\n<p><strong>Osoite<\/strong>: L\u00e4nsikatu 10, Rauma<\/p>\n\n\n\n<h5 class=\"wp-block-heading alignwide has-text-align-center\"><em><strong>Rauman rukoushuoneen jumalanpalvelukset ja tapahtumat<\/strong><\/em><\/h5>\n\n\n\n<iframe width='1000' height='450' frameborder='0' scrolling='auto'\nmarginheight='0' marginwidth='0' style=\".otsikko {font-size: large;}\"\nsrc='https:\/\/www.mvsoy.fi\/data\/ort\/turku\/lehteen\/tapahtumat.phtml?tila=6'><\/iframe>\n","protected":false},"excerpt":{"rendered":"<p>Rauman rukoushuone on rakennettu Vanhalla Raumalla sijaitsevaan taloon, jonka vanhimmat osat lienev\u00e4t per\u00e4isin 1600-luvulta. Talon toinen siipi on sisustettu rukoushuoneeksi. Serakennettiin j\u00e4lleenrakennuslain mukaisesti vuonna 1955 ja vihittiin k\u00e4ytt\u00f6\u00f6n 2.11.1956. Se on pyhitetty Lyykian Myrran arkkipiispalle pyh\u00e4lle Nikolaokselle (k. 4. vs.). Ikonostaasin ikonit ja osa muistakin ikoneista on per\u00e4isin Turun sotilaskirkosta. Pyh\u00e4n Nikolaoksen praasniekkaa vietet\u00e4\u00e4n 6.12.&hellip; <a class=\"continue\" href=\"https:\/\/ort.fi\/turku\/rauman-rukoushuone\/\">Continue Reading<span> Rauman Pyh\u00e4n Nikolaoksen rukoushuone<\/span><\/a><\/p>\n","protected":false},"author":5,"featured_media":0,"parent":0,"menu_order":0,"comment_status":"closed","ping_status":"closed","template":"","meta":{"slim_seo":{"title":"Rauman Pyh\u00e4n Nikolaoksen rukoushuone - Turun ortodoksinen seurakunta","description":"Rauman rukoushuone on rakennettu Vanhalla Raumalla sijaitsevaan taloon, jonka vanhimmat osat lienev\u00e4t per\u00e4isin 1600-luvulta. Talon toinen siipi on sisustettu ru"},"footnotes":""},"class_list":["post-801","page","type-page","status-publish"],"_links":{"self":[{"href":"https:\/\/ort.fi\/turku\/wp-json\/wp\/v2\/pages\/801","targetHints":{"allow":["GET"]}}],"collection":[{"href":"https:\/\/ort.fi\/turku\/wp-json\/wp\/v2\/pages"}],"about":[{"href":"https:\/\/ort.fi\/turku\/wp-json\/wp\/v2\/types\/page"}],"author":[{"embeddable":true,"href":"https:\/\/ort.fi\/turku\/wp-json\/wp\/v2\/users\/5"}],"replies":[{"embeddable":true,"href":"https:\/\/ort.fi\/turku\/wp-json\/wp\/v2\/comments?post=801"}],"version-history":[{"count":0,"href":"https:\/\/ort.fi\/turku\/wp-json\/wp\/v2\/pages\/801\/revisions"}],"wp:attachment":[{"href":"https:\/\/ort.fi\/turku\/wp-json\/wp\/v2\/media?parent=801"}],"curies":[{"name":"wp","href":"https:\/\/api.w.org\/{rel}","templated":true}]}}