{"id":797,"date":"2024-06-09T17:42:29","date_gmt":"2024-06-09T14:42:29","guid":{"rendered":"https:\/\/ort.fi\/ortturkusrk\/?page_id=797"},"modified":"2024-12-16T18:45:32","modified_gmt":"2024-12-16T16:45:32","slug":"turun-hautausmaan-kappeli","status":"publish","type":"page","link":"https:\/\/ort.fi\/turku\/turun-hautausmaan-kappeli\/","title":{"rendered":"Turun hautausmaan kappeli"},"content":{"rendered":"\n<div class=\"wp-block-columns is-layout-flex wp-container-core-columns-is-layout-9d6595d7 wp-block-columns-is-layout-flex\">\n<div class=\"wp-block-column is-layout-flow wp-block-column-is-layout-flow\" style=\"flex-basis:100%\">\n<div class=\"wp-block-columns is-layout-flex wp-container-core-columns-is-layout-9d6595d7 wp-block-columns-is-layout-flex\">\n<div class=\"wp-block-column is-layout-flow wp-block-column-is-layout-flow\">\n<div class=\"wp-block-media-text is-stacked-on-mobile\" style=\"grid-template-columns:22% auto\"><figure class=\"wp-block-media-text__media\"><img loading=\"lazy\" decoding=\"async\" width=\"753\" height=\"1024\" src=\"https:\/\/ort.fi\/ortturkusrk\/wp-content\/uploads\/2024\/03\/Hautausmaan-kappeli-24.6.2015-006-753x1024.jpg\" alt=\"Hautakappeli Turun ortodoksisella hautausmaalla.\" class=\"wp-image-261 size-full\" srcset=\"https:\/\/ort.fi\/turku\/wp-content\/uploads\/2024\/03\/Hautausmaan-kappeli-24.6.2015-006-753x1024.jpg 753w, https:\/\/ort.fi\/turku\/wp-content\/uploads\/2024\/03\/Hautausmaan-kappeli-24.6.2015-006-221x300.jpg 221w, https:\/\/ort.fi\/turku\/wp-content\/uploads\/2024\/03\/Hautausmaan-kappeli-24.6.2015-006-768x1044.jpg 768w, https:\/\/ort.fi\/turku\/wp-content\/uploads\/2024\/03\/Hautausmaan-kappeli-24.6.2015-006-1130x1536.jpg 1130w, https:\/\/ort.fi\/turku\/wp-content\/uploads\/2024\/03\/Hautausmaan-kappeli-24.6.2015-006.jpg 1152w\" sizes=\"auto, (max-width: 753px) 100vw, 753px\" \/><\/figure><div class=\"wp-block-media-text__content\">\n<p><\/p>\n\n\n\n<p>Hautausmaan kappeli on valmistunut v. 1881 Kuvschinovin kauppiassuvun omaksi hautakappeliksi. Osa suvun j\u00e4senist\u00e4 on haudattu kappelin alle, osa sukuhautaan, joka on kappelista n. 50 m p\u00e4\u00e4ss\u00e4. Hautakappelin omistusoikeus siirtyi seurakunnalle kes\u00e4ll\u00e4 2012. Kappeli on pieni, siihen mahtuu kerralla enint\u00e4\u00e4n 15 henke\u00e4.<br><\/p>\n\n\n\n<p><strong>Osoite<\/strong>: Uudenmaantie 76, Turku<\/p>\n<\/div><\/div>\n<\/div>\n<\/div>\n<\/div>\n<\/div>\n","protected":false},"excerpt":{"rendered":"<p>Hautausmaan kappeli on valmistunut v. 1881 Kuvschinovin kauppiassuvun omaksi hautakappeliksi. Osa suvun j\u00e4senist\u00e4 on haudattu kappelin alle, osa sukuhautaan, joka on kappelista n. 50 m p\u00e4\u00e4ss\u00e4. Hautakappelin omistusoikeus siirtyi seurakunnalle kes\u00e4ll\u00e4 2012. Kappeli on pieni, siihen mahtuu kerralla enint\u00e4\u00e4n 15 henke\u00e4. Osoite: Uudenmaantie 76, Turku<\/p>\n","protected":false},"author":5,"featured_media":0,"parent":0,"menu_order":0,"comment_status":"closed","ping_status":"closed","template":"","meta":{"slim_seo":{"title":"Turun hautausmaan kappeli - Turun ortodoksinen seurakunta","description":""},"footnotes":""},"class_list":["post-797","page","type-page","status-publish"],"_links":{"self":[{"href":"https:\/\/ort.fi\/turku\/wp-json\/wp\/v2\/pages\/797","targetHints":{"allow":["GET"]}}],"collection":[{"href":"https:\/\/ort.fi\/turku\/wp-json\/wp\/v2\/pages"}],"about":[{"href":"https:\/\/ort.fi\/turku\/wp-json\/wp\/v2\/types\/page"}],"author":[{"embeddable":true,"href":"https:\/\/ort.fi\/turku\/wp-json\/wp\/v2\/users\/5"}],"replies":[{"embeddable":true,"href":"https:\/\/ort.fi\/turku\/wp-json\/wp\/v2\/comments?post=797"}],"version-history":[{"count":0,"href":"https:\/\/ort.fi\/turku\/wp-json\/wp\/v2\/pages\/797\/revisions"}],"wp:attachment":[{"href":"https:\/\/ort.fi\/turku\/wp-json\/wp\/v2\/media?parent=797"}],"curies":[{"name":"wp","href":"https:\/\/api.w.org\/{rel}","templated":true}]}}