{"id":789,"date":"2024-06-09T17:41:36","date_gmt":"2024-06-09T14:41:36","guid":{"rendered":"https:\/\/ort.fi\/ortturkusrk\/?page_id=789"},"modified":"2025-06-13T09:24:28","modified_gmt":"2025-06-13T06:24:28","slug":"turun-kirkko","status":"publish","type":"page","link":"https:\/\/ort.fi\/turku\/turun-kirkko\/","title":{"rendered":"Turun Pyh\u00e4n marttyyrikeisarinna Aleksandran kirkko"},"content":{"rendered":"\n<div class=\"wp-block-columns are-vertically-aligned-top is-layout-flex wp-container-core-columns-is-layout-9d6595d7 wp-block-columns-is-layout-flex\">\n<div class=\"wp-block-column is-vertically-aligned-top is-layout-flow wp-block-column-is-layout-flow\" style=\"flex-basis:100%\"><div class=\"wp-block-image\">\n<figure class=\"alignleft size-large is-resized\"><img loading=\"lazy\" decoding=\"async\" width=\"1024\" height=\"576\" src=\"https:\/\/ort.fi\/ortturkusrk\/wp-content\/uploads\/2024\/11\/Turun-ort-kirkko-aamulla-22.10.24_2-1024x576.jpg\" alt=\"\" class=\"wp-image-3029\" style=\"width:386px;height:auto\" srcset=\"https:\/\/ort.fi\/turku\/wp-content\/uploads\/2024\/11\/Turun-ort-kirkko-aamulla-22.10.24_2-1024x576.jpg 1024w, https:\/\/ort.fi\/turku\/wp-content\/uploads\/2024\/11\/Turun-ort-kirkko-aamulla-22.10.24_2-300x169.jpg 300w, https:\/\/ort.fi\/turku\/wp-content\/uploads\/2024\/11\/Turun-ort-kirkko-aamulla-22.10.24_2-768x432.jpg 768w, https:\/\/ort.fi\/turku\/wp-content\/uploads\/2024\/11\/Turun-ort-kirkko-aamulla-22.10.24_2-1536x864.jpg 1536w, https:\/\/ort.fi\/turku\/wp-content\/uploads\/2024\/11\/Turun-ort-kirkko-aamulla-22.10.24_2-2048x1152.jpg 2048w\" sizes=\"auto, (max-width: 1024px) 100vw, 1024px\" \/><figcaption class=\"wp-element-caption\"><strong>Turun kirkko aamulla 22.10.2024<\/strong><\/figcaption><\/figure>\n<\/div>\n\n\n<p>Kirkko rakennettiin C.L. Engelin suunnitelmien mukaan vuosina 1839-1845 ja vihittiin k\u00e4ytt\u00f6\u00f6n 2.9.1846. Kirkko on pyhitetty Pyh\u00e4n marttyyrikeisarinna Aleksandran (k. 303) muistolle. Kirkon historiikki on saatavissa kirjana. Pyh\u00e4n marttyyrikeisarinna Aleksandran praasniekkaa vietet\u00e4\u00e4n 23.4.<\/p>\n\n\n\n<p>Mik\u00e4li olet kiinnostunut opastuksesta pyh\u00e4k\u00f6ss\u00e4, otathan yhteytt\u00e4 seurakunnan kansliaan.<\/p>\n\n\n\n<p>Osoite: Yliopistonkatu 19, Turku<\/p>\n\n\n\n<p>Pyh\u00e4 Aleksandran kirkko avoinna ma, ti, to ja pe klo 11-16 sek\u00e4 ke ja la klo 11-17.<\/p>\n<\/div>\n<\/div>\n\n\n\n<h5 class=\"wp-block-heading has-text-align-center\"><strong>Pyh\u00e4n Aleksandran kirkon jumalanpalvelukset<\/strong><\/h5>\n\n\n\n<iframe width='1000' height='1000' frameborder='0' scrolling='auto'\nmarginheight='0' marginwidth='0' style=\".otsikko {font-size: large;}\"\nsrc='https:\/\/www.mvsoy.fi\/data\/ort\/turku\/lehteen\/tapahtumat.phtml?tila=5&#038;piilota_menneet=true'><\/iframe>\n","protected":false},"excerpt":{"rendered":"<p>Kirkko rakennettiin C.L. Engelin suunnitelmien mukaan vuosina 1839-1845 ja vihittiin k\u00e4ytt\u00f6\u00f6n 2.9.1846. Kirkko on pyhitetty Pyh\u00e4n marttyyrikeisarinna Aleksandran (k. 303) muistolle. Kirkon historiikki on saatavissa kirjana. Pyh\u00e4n marttyyrikeisarinna Aleksandran praasniekkaa vietet\u00e4\u00e4n 23.4. Mik\u00e4li olet kiinnostunut opastuksesta pyh\u00e4k\u00f6ss\u00e4, otathan yhteytt\u00e4 seurakunnan kansliaan. Osoite: Yliopistonkatu 19, Turku Pyh\u00e4 Aleksandran kirkko avoinna ma, ti, to ja pe klo&hellip; <a class=\"continue\" href=\"https:\/\/ort.fi\/turku\/turun-kirkko\/\">Continue Reading<span> Turun Pyh\u00e4n marttyyrikeisarinna Aleksandran kirkko<\/span><\/a><\/p>\n","protected":false},"author":5,"featured_media":0,"parent":0,"menu_order":0,"comment_status":"closed","ping_status":"closed","template":"","meta":{"slim_seo":{"title":"Turun Pyh\u00e4n marttyyrikeisarinna Aleksandran kirkko - Turun ortodoksinen seurakunta","description":"Kirkko rakennettiin C.L. Engelin suunnitelmien mukaan vuosina 1839-1845 ja vihittiin k\u00e4ytt\u00f6\u00f6n 2.9.1846. Kirkko on pyhitetty Pyh\u00e4n marttyyrikeisarinna Aleksandra"},"footnotes":""},"class_list":["post-789","page","type-page","status-publish"],"_links":{"self":[{"href":"https:\/\/ort.fi\/turku\/wp-json\/wp\/v2\/pages\/789","targetHints":{"allow":["GET"]}}],"collection":[{"href":"https:\/\/ort.fi\/turku\/wp-json\/wp\/v2\/pages"}],"about":[{"href":"https:\/\/ort.fi\/turku\/wp-json\/wp\/v2\/types\/page"}],"author":[{"embeddable":true,"href":"https:\/\/ort.fi\/turku\/wp-json\/wp\/v2\/users\/5"}],"replies":[{"embeddable":true,"href":"https:\/\/ort.fi\/turku\/wp-json\/wp\/v2\/comments?post=789"}],"version-history":[{"count":0,"href":"https:\/\/ort.fi\/turku\/wp-json\/wp\/v2\/pages\/789\/revisions"}],"wp:attachment":[{"href":"https:\/\/ort.fi\/turku\/wp-json\/wp\/v2\/media?parent=789"}],"curies":[{"name":"wp","href":"https:\/\/api.w.org\/{rel}","templated":true}]}}