{"id":713,"date":"2024-05-14T08:33:07","date_gmt":"2024-05-14T05:33:07","guid":{"rendered":"https:\/\/ort.fi\/ortturkusrk\/?page_id=713"},"modified":"2025-12-11T12:37:24","modified_gmt":"2025-12-11T10:37:24","slug":"pyhakoulu","status":"publish","type":"page","link":"https:\/\/ort.fi\/turku\/pyhakoulu\/","title":{"rendered":"Pyh\u00e4koulu"},"content":{"rendered":"\n<p>Pyh\u00e4koulu kokoontuu joka toinen sunnuntai klo 9:45 alkaen seurakuntatalon kerhohuoneessa (Yliopistonkatu 19 B). Tarkempi aikataulu l\u00f6ytyy seurakunnan verkkosivujen kalenterista ja sosiaalisen median kanavilta.<\/p>\n\n\n\n<p>Aikuiset voivat tuoda lapsensa pyh\u00e4kouluun ja menn\u00e4 itse kirkkoon tai osallistua itsekin pyh\u00e4koulun toimintaan. Ohjaajat tulevat lasten kanssa kirkkoon noin klo 10:30, mink\u00e4 j\u00e4lkeen lapset osallistuvat suuren saattoon ja ehtoolliseen. Pyh\u00e4koulun sis\u00e4lt\u00f6 m\u00e4\u00e4r\u00e4ytyy kirkkovuoden mukaan.<\/p>\n\n\n\n<p>Kev\u00e4\u00e4ll\u00e4 pyh\u00e4koulu kokoontuu 4.1., 18.1., 1.2., 15.2., 1.3., 15.3., 29.3., 6.4., 19.4.<\/p>\n\n\n\n<p>Pyh\u00e4koulu on tarkoitettu yli 5-vuotiaille lapsille. My\u00f6s nuoremmat lapset ovat tervetulleita vanhemman tai muun oman aikuisen kanssa.<\/p>\n\n\n\n<p>Yhteystiedot: Anastasia Lampropoulos (045 122 9998) ja Ainu Feodoroff (044 359 3953)<\/p>\n\n\n\n<p>Tehd\u00e4\u00e4n kirkosta entist\u00e4kin lapsiyst\u00e4v\u00e4llisempi paikka!<\/p>\n\n\n\n<iframe width='1000' height='450' frameborder='0' scrolling='auto'\nmarginheight='0' marginwidth='0' style=\".otsikko {font-size: large;}\"\nsrc='https:\/\/www.mvsoy.fi\/data\/ort\/turku\/lehteen\/tapahtumat.phtml?hakualue%5B%5D=Pyhakoulu'><\/iframe>\n","protected":false},"excerpt":{"rendered":"<p>Pyh\u00e4koulu kokoontuu joka toinen sunnuntai klo 9:45 alkaen seurakuntatalon kerhohuoneessa (Yliopistonkatu 19 B). Tarkempi aikataulu l\u00f6ytyy seurakunnan verkkosivujen kalenterista ja sosiaalisen median kanavilta. Aikuiset voivat tuoda lapsensa pyh\u00e4kouluun ja menn\u00e4 itse kirkkoon tai osallistua itsekin pyh\u00e4koulun toimintaan. Ohjaajat tulevat lasten kanssa kirkkoon noin klo 10:30, mink\u00e4 j\u00e4lkeen lapset osallistuvat suuren saattoon ja ehtoolliseen. Pyh\u00e4koulun sis\u00e4lt\u00f6&hellip; <a class=\"continue\" href=\"https:\/\/ort.fi\/turku\/pyhakoulu\/\">Continue Reading<span> Pyh\u00e4koulu<\/span><\/a><\/p>\n","protected":false},"author":5,"featured_media":0,"parent":0,"menu_order":0,"comment_status":"closed","ping_status":"closed","template":"","meta":{"slim_seo":{"title":"Pyh\u00e4koulu - Turun ortodoksinen seurakunta","description":"Pyh\u00e4koulu kokoontuu joka toinen sunnuntai klo 9:45 alkaen seurakuntatalon kerhohuoneessa (Yliopistonkatu 19 B). Tarkempi aikataulu l\u00f6ytyy seurakunnan verkkosivu"},"footnotes":""},"class_list":["post-713","page","type-page","status-publish"],"_links":{"self":[{"href":"https:\/\/ort.fi\/turku\/wp-json\/wp\/v2\/pages\/713","targetHints":{"allow":["GET"]}}],"collection":[{"href":"https:\/\/ort.fi\/turku\/wp-json\/wp\/v2\/pages"}],"about":[{"href":"https:\/\/ort.fi\/turku\/wp-json\/wp\/v2\/types\/page"}],"author":[{"embeddable":true,"href":"https:\/\/ort.fi\/turku\/wp-json\/wp\/v2\/users\/5"}],"replies":[{"embeddable":true,"href":"https:\/\/ort.fi\/turku\/wp-json\/wp\/v2\/comments?post=713"}],"version-history":[{"count":6,"href":"https:\/\/ort.fi\/turku\/wp-json\/wp\/v2\/pages\/713\/revisions"}],"predecessor-version":[{"id":9227,"href":"https:\/\/ort.fi\/turku\/wp-json\/wp\/v2\/pages\/713\/revisions\/9227"}],"wp:attachment":[{"href":"https:\/\/ort.fi\/turku\/wp-json\/wp\/v2\/media?parent=713"}],"curies":[{"name":"wp","href":"https:\/\/api.w.org\/{rel}","templated":true}]}}