{"id":7083,"date":"2025-07-03T11:50:49","date_gmt":"2025-07-03T08:50:49","guid":{"rendered":"https:\/\/ort.fi\/turku\/?page_id=7083"},"modified":"2025-12-11T14:05:51","modified_gmt":"2025-12-11T12:05:51","slug":"draamakerho","status":"publish","type":"page","link":"https:\/\/ort.fi\/turku\/draamakerho\/","title":{"rendered":"Draamakerho"},"content":{"rendered":"\n<p>Kiinnostaako sinua teatteri ja luova ilmaisu? Seurakunnassamme alkaa tammikuussa kaikenik\u00e4isille tarkoitettu draamakerho. Projektin tavoitteena on tuottaa<br>n\u00e4ytelm\u00e4 Pyh\u00e4n Aleksandran kirkon 180-vuotisjuhliin, joita vietet\u00e4\u00e4n syyskuussa 2026. Draamakerho<br>kokoontuu lauantaisin, tarkempi aika ja paikka ilmoitetaan my\u00f6hemmin.<\/p>\n\n\n\n<p>Ilmoittaudu pian, viimeist\u00e4\u00e4n 31.12., paikkoja on rajoitetusti!<\/p>\n\n\n\n<p>Ilmoittautumiset ja lis\u00e4tiedot tekstiviestill\u00e4 puh. 045<br>1229998, Anastasia Lampropoulos ja Dimitra Tzika<br>Beka.<\/p>\n\n\n\n<iframe width='1000' height='650' frameborder='0' scrolling='auto'\nmarginheight='0' marginwidth='0' style=\".otsikko {font-size: large;}\"\nsrc='https:\/\/www.mvsoy.fi\/data\/ort\/turku\/lehteen\/tapahtumat.phtml?hakualue%5B%5D=Draamakerho'><\/iframe>\n\n\n\n<p><\/p>\n","protected":false},"excerpt":{"rendered":"<p>Kiinnostaako sinua teatteri ja luova ilmaisu? Seurakunnassamme alkaa tammikuussa kaikenik\u00e4isille tarkoitettu draamakerho. Projektin tavoitteena on tuottaan\u00e4ytelm\u00e4 Pyh\u00e4n Aleksandran kirkon 180-vuotisjuhliin, joita vietet\u00e4\u00e4n syyskuussa 2026. Draamakerhokokoontuu lauantaisin, tarkempi aika ja paikka ilmoitetaan my\u00f6hemmin. Ilmoittaudu pian, viimeist\u00e4\u00e4n 31.12., paikkoja on rajoitetusti! Ilmoittautumiset ja lis\u00e4tiedot tekstiviestill\u00e4 puh. 0451229998, Anastasia Lampropoulos ja Dimitra TzikaBeka.<\/p>\n","protected":false},"author":13,"featured_media":0,"parent":0,"menu_order":0,"comment_status":"closed","ping_status":"closed","template":"","meta":{"slim_seo":{"title":"Draamakerho - Turun ortodoksinen seurakunta","description":"Kiinnostaako sinua teatteri ja luova ilmaisu? Seurakunnassamme alkaa tammikuussa kaikenik\u00e4isille tarkoitettu draamakerho. Projektin tavoitteena on tuottaa n\u00e4yte"},"footnotes":""},"class_list":["post-7083","page","type-page","status-publish"],"_links":{"self":[{"href":"https:\/\/ort.fi\/turku\/wp-json\/wp\/v2\/pages\/7083","targetHints":{"allow":["GET"]}}],"collection":[{"href":"https:\/\/ort.fi\/turku\/wp-json\/wp\/v2\/pages"}],"about":[{"href":"https:\/\/ort.fi\/turku\/wp-json\/wp\/v2\/types\/page"}],"author":[{"embeddable":true,"href":"https:\/\/ort.fi\/turku\/wp-json\/wp\/v2\/users\/13"}],"replies":[{"embeddable":true,"href":"https:\/\/ort.fi\/turku\/wp-json\/wp\/v2\/comments?post=7083"}],"version-history":[{"count":5,"href":"https:\/\/ort.fi\/turku\/wp-json\/wp\/v2\/pages\/7083\/revisions"}],"predecessor-version":[{"id":9263,"href":"https:\/\/ort.fi\/turku\/wp-json\/wp\/v2\/pages\/7083\/revisions\/9263"}],"wp:attachment":[{"href":"https:\/\/ort.fi\/turku\/wp-json\/wp\/v2\/media?parent=7083"}],"curies":[{"name":"wp","href":"https:\/\/api.w.org\/{rel}","templated":true}]}}