{"id":701,"date":"2024-05-14T08:31:52","date_gmt":"2024-05-14T05:31:52","guid":{"rendered":"https:\/\/ort.fi\/ortturkusrk\/?page_id=701"},"modified":"2025-12-11T14:02:37","modified_gmt":"2025-12-11T12:02:37","slug":"lapsikuoro","status":"publish","type":"page","link":"https:\/\/ort.fi\/turku\/lapsikuoro\/","title":{"rendered":"Lapsikuoro"},"content":{"rendered":"<div class=\"wp-block-image\">\n<figure class=\"alignright size-large is-resized\"><img loading=\"lazy\" decoding=\"async\" width=\"1024\" height=\"677\" src=\"https:\/\/ort.fi\/ortturkusrk\/wp-content\/uploads\/2024\/11\/IMG_20241107_0005-1024x677.jpg\" alt=\"\" class=\"wp-image-2843\" style=\"width:457px;height:auto\" srcset=\"https:\/\/ort.fi\/turku\/wp-content\/uploads\/2024\/11\/IMG_20241107_0005-1024x677.jpg 1024w, https:\/\/ort.fi\/turku\/wp-content\/uploads\/2024\/11\/IMG_20241107_0005-300x198.jpg 300w, https:\/\/ort.fi\/turku\/wp-content\/uploads\/2024\/11\/IMG_20241107_0005-768x508.jpg 768w, https:\/\/ort.fi\/turku\/wp-content\/uploads\/2024\/11\/IMG_20241107_0005-1536x1016.jpg 1536w, https:\/\/ort.fi\/turku\/wp-content\/uploads\/2024\/11\/IMG_20241107_0005-2048x1355.jpg 2048w\" sizes=\"auto, (max-width: 1024px) 100vw, 1024px\" \/><\/figure>\n<\/div>\n\n\n<h5 class=\"wp-block-heading\"><strong>Kenelle suunnattu?<\/strong><\/h5>\n\n\n\n<p>Turun ortodoksisen lapsikuoron toiminta on suunnattu kuorolaulusta kiinnostuneille 7\u201312-vuotiaille lapsille. Kuoro kokoontuu seurakunnan yl\u00e4kerran kokoustiloissa (Yliopistonkatu 19 B 35, 3. kerros) <strong>tiistaisin klo 18\u201319<\/strong>. Kev\u00e4tkausi alkaa 27.1.2026.<\/p>\n\n\n\n<p>Kuoroa johtaa kanttori Riikka Patrikainen, my\u00f6s kanttori Pasi Torhamo osallistuu toimintaan mahdollisuuksien mukaan.<\/p>\n\n\n\n<p><strong>Esiintymiset ja matkat<\/strong><\/p>\n\n\n\n<p>Kuoro laulaa satunnaisesti mukana seurakunnan liturgioissa ja juhlissa, sek\u00e4 osallistuu Tampereen ortodoksisen lapsikuoron kanssa valtakunnallisille ortodoksisille kirkkolaulup\u00e4iville Helsingiss\u00e4 24.-26.4.2026. Kuoroa voi my\u00f6s pyyt\u00e4\u00e4 esiintym\u00e4\u00e4n erilaisiin tilaisuuksiin. <\/p>\n\n\n\n<p><strong><em>Yhteystiedot: <\/em>riikka.patrikainen@ort.fi, p. 0449012344<\/strong><\/p>\n\n\n\n<h5 class=\"wp-block-heading has-medium-font-size\"><strong><em>Kalenterista n\u00e4et Lapsikuoron kokoontumisp\u00e4iv\u00e4t kuukausi kerrallaan:<\/em><\/strong><\/h5>\n\n\n\n<iframe width='1350' height='950' frameborder='0' scrolling='auto'\nmarginheight='0' marginwidth='0' style=\".otsikko {font-size: large;}\"\nsrc='https:\/\/www.mvsoy.fi\/data\/ort\/turku\/lehteen\/tapahtumat.phtml?hakualue%5B%5D=Lapsikuoro'><\/iframe>\n","protected":false},"excerpt":{"rendered":"<p>Kenelle suunnattu? Turun ortodoksisen lapsikuoron toiminta on suunnattu kuorolaulusta kiinnostuneille 7\u201312-vuotiaille lapsille. Kuoro kokoontuu seurakunnan yl\u00e4kerran kokoustiloissa (Yliopistonkatu 19 B 35, 3. kerros) tiistaisin klo 18\u201319. Kev\u00e4tkausi alkaa 27.1.2026. Kuoroa johtaa kanttori Riikka Patrikainen, my\u00f6s kanttori Pasi Torhamo osallistuu toimintaan mahdollisuuksien mukaan. Esiintymiset ja matkat Kuoro laulaa satunnaisesti mukana seurakunnan liturgioissa ja juhlissa, sek\u00e4 osallistuu&hellip; <a class=\"continue\" href=\"https:\/\/ort.fi\/turku\/lapsikuoro\/\">Continue Reading<span> Lapsikuoro<\/span><\/a><\/p>\n","protected":false},"author":5,"featured_media":0,"parent":0,"menu_order":0,"comment_status":"closed","ping_status":"closed","template":"","meta":{"slim_seo":{"title":"Lapsikuoro - Turun ortodoksinen seurakunta","description":"Kenelle suunnattu? Turun ortodoksisen lapsikuoron toiminta on suunnattu kuorolaulusta kiinnostuneille 7\u201312-vuotiaille lapsille. Kuoro kokoontuu seurakunnan yl\u00e4k"},"footnotes":""},"class_list":["post-701","page","type-page","status-publish"],"_links":{"self":[{"href":"https:\/\/ort.fi\/turku\/wp-json\/wp\/v2\/pages\/701","targetHints":{"allow":["GET"]}}],"collection":[{"href":"https:\/\/ort.fi\/turku\/wp-json\/wp\/v2\/pages"}],"about":[{"href":"https:\/\/ort.fi\/turku\/wp-json\/wp\/v2\/types\/page"}],"author":[{"embeddable":true,"href":"https:\/\/ort.fi\/turku\/wp-json\/wp\/v2\/users\/5"}],"replies":[{"embeddable":true,"href":"https:\/\/ort.fi\/turku\/wp-json\/wp\/v2\/comments?post=701"}],"version-history":[{"count":1,"href":"https:\/\/ort.fi\/turku\/wp-json\/wp\/v2\/pages\/701\/revisions"}],"predecessor-version":[{"id":9259,"href":"https:\/\/ort.fi\/turku\/wp-json\/wp\/v2\/pages\/701\/revisions\/9259"}],"wp:attachment":[{"href":"https:\/\/ort.fi\/turku\/wp-json\/wp\/v2\/media?parent=701"}],"curies":[{"name":"wp","href":"https:\/\/api.w.org\/{rel}","templated":true}]}}