{"id":697,"date":"2024-05-14T08:31:31","date_gmt":"2024-05-14T05:31:31","guid":{"rendered":"https:\/\/ort.fi\/ortturkusrk\/?page_id=697"},"modified":"2025-12-11T13:48:35","modified_gmt":"2025-12-11T11:48:35","slug":"kirkkokuorotoiminta-raumalla-ja-salossa","status":"publish","type":"page","link":"https:\/\/ort.fi\/turku\/kirkkokuorotoiminta-raumalla-ja-salossa\/","title":{"rendered":"Kirkkolaulutoiminta Raumalla ja Salossa"},"content":{"rendered":"\n<p>Jos olet kiinnostunut kirkkolaulusta Salossa tai Raumalla, ota yhteytt\u00e4 Riikka-kanttoriin!<\/p>\n\n\n\n<p>Yhteystiedot: p.044 9012344\/ riikka.patrikainen(at)ort.fi.  <\/p>\n\n\n\n<h5 class=\"wp-block-heading\"><strong>Rauman laulajat<\/strong><\/h5>\n\n\n\n<p>S\u00e4\u00e4nn\u00f6lliset jumalanpalvelukset Rauman rukoushuoneella toimitetaan joka kuukauden 3. viikonloppu. Kuoroharjoitukset pidet\u00e4\u00e4n yleens\u00e4 lauantaisin klo 15.30-16.45, ja ne edelt\u00e4v\u00e4t klo 17 alkavaa vigiliaa.<\/p>\n\n\n\n<p>T\u00e4ll\u00e4 hetkell\u00e4 aktiivisia laulajia Raumalla on v\u00e4h\u00e4n, ja kuorotoiminta on siksi ep\u00e4s\u00e4\u00e4nn\u00f6llist\u00e4. Jos kuorolaulu kiinnostaa, ota yhteys Riikka-kanttoriin (p.044 9012344). Kuoroon liittymist\u00e4 edelt\u00e4\u00e4 Riikka-kanttorin pit\u00e4m\u00e4, erikseen sovittava koelaulu. <\/p>\n\n\n\n<h5 class=\"wp-block-heading\"><strong>Salon Pyh\u00e4n Ristin laulajat<\/strong><\/h5>\n\n\n\n<p>Salossa toimitetaan jumalanpalvelukset s\u00e4\u00e4nn\u00f6llisesti joka kuun 1. viikonloppu, paitsi <strong>Ristin<\/strong> <strong>praasniekka ja Salon tiistaiseuran 60-vuotisjuhla, <\/strong>jota juhlitaan<strong> la 13.- su 14.9<\/strong>. Kuoroharjoitukset pidet\u00e4\u00e4n <strong>kerran kuussa maanantaisin<\/strong>.<\/p>\n\n\n\n<p>Maanantain harjoituksia edelt\u00e4\u00e4 aina kanttorin toimittama maallikkoehtoopalvelus klo 17:30 Pyh\u00e4n Ristin rukoushuoneessa. <\/p>\n\n\n\n<p>Kuoroon liittymist\u00e4 edelt\u00e4\u00e4 Riikka-kanttorin pit\u00e4m\u00e4, erikseen sovittava koelaulu. <\/p>\n\n\n\n<p><strong>HARJOITUSKALENTERI<\/strong> <strong>SYKSYLLE 2025<\/strong><\/p>\n\n\n\n<ul class=\"wp-block-list\">\n<li>Ma 15.12. klo 17.30 ehtoopalvelus, klo 18 kuoroharjoitukset<\/li>\n\n\n\n<li>Ma 26.1. klo 17.30 ehtoopalvelus, klo 18 kuoroharjoitukset<\/li>\n\n\n\n<li>Ma 2.3. klo 17.30 ehtoopalvelus, klo 18 kuoroharjoitukset<\/li>\n<\/ul>\n\n\n\n<p><\/p>\n","protected":false},"excerpt":{"rendered":"<p>Jos olet kiinnostunut kirkkolaulusta Salossa tai Raumalla, ota yhteytt\u00e4 Riikka-kanttoriin! Yhteystiedot: p.044 9012344\/ riikka.patrikainen(at)ort.fi. Rauman laulajat S\u00e4\u00e4nn\u00f6lliset jumalanpalvelukset Rauman rukoushuoneella toimitetaan joka kuukauden 3. viikonloppu. Kuoroharjoitukset pidet\u00e4\u00e4n yleens\u00e4 lauantaisin klo 15.30-16.45, ja ne edelt\u00e4v\u00e4t klo 17 alkavaa vigiliaa. T\u00e4ll\u00e4 hetkell\u00e4 aktiivisia laulajia Raumalla on v\u00e4h\u00e4n, ja kuorotoiminta on siksi ep\u00e4s\u00e4\u00e4nn\u00f6llist\u00e4. Jos kuorolaulu kiinnostaa, ota yhteys&hellip; <a class=\"continue\" href=\"https:\/\/ort.fi\/turku\/kirkkokuorotoiminta-raumalla-ja-salossa\/\">Continue Reading<span> Kirkkolaulutoiminta Raumalla ja Salossa<\/span><\/a><\/p>\n","protected":false},"author":5,"featured_media":0,"parent":0,"menu_order":0,"comment_status":"closed","ping_status":"closed","template":"","meta":{"slim_seo":{"title":"Kirkkolaulutoiminta Raumalla ja Salossa - Turun ortodoksinen seurakunta","description":"Jos olet kiinnostunut kirkkolaulusta Salossa tai Raumalla, ota yhteytt\u00e4 Riikka-kanttoriin! Yhteystiedot: p.044 9012344\/ riikka.patrikainen(at)ort.fi. Rauman lau"},"footnotes":""},"class_list":["post-697","page","type-page","status-publish"],"_links":{"self":[{"href":"https:\/\/ort.fi\/turku\/wp-json\/wp\/v2\/pages\/697","targetHints":{"allow":["GET"]}}],"collection":[{"href":"https:\/\/ort.fi\/turku\/wp-json\/wp\/v2\/pages"}],"about":[{"href":"https:\/\/ort.fi\/turku\/wp-json\/wp\/v2\/types\/page"}],"author":[{"embeddable":true,"href":"https:\/\/ort.fi\/turku\/wp-json\/wp\/v2\/users\/5"}],"replies":[{"embeddable":true,"href":"https:\/\/ort.fi\/turku\/wp-json\/wp\/v2\/comments?post=697"}],"version-history":[{"count":1,"href":"https:\/\/ort.fi\/turku\/wp-json\/wp\/v2\/pages\/697\/revisions"}],"predecessor-version":[{"id":9257,"href":"https:\/\/ort.fi\/turku\/wp-json\/wp\/v2\/pages\/697\/revisions\/9257"}],"wp:attachment":[{"href":"https:\/\/ort.fi\/turku\/wp-json\/wp\/v2\/media?parent=697"}],"curies":[{"name":"wp","href":"https:\/\/api.w.org\/{rel}","templated":true}]}}