{"id":693,"date":"2024-05-14T08:31:09","date_gmt":"2024-05-14T05:31:09","guid":{"rendered":"https:\/\/ort.fi\/ortturkusrk\/?page_id=693"},"modified":"2025-08-22T11:00:25","modified_gmt":"2025-08-22T08:00:25","slug":"turun-ortodoksisen-kirkon-kuoro","status":"publish","type":"page","link":"https:\/\/ort.fi\/turku\/turun-ortodoksisen-kirkon-kuoro\/","title":{"rendered":"Turun ortodoksisen kirkon kuoro"},"content":{"rendered":"\n<p>Turun ortodoksisen kirkon kuoron tarkoituksena on ortodoksisen liturgisen musiikin perinteen s\u00e4ilytt\u00e4minen, edist\u00e4minen ja tunnetuksi tekeminen. Kuoron p\u00e4\u00e4asiallinen teht\u00e4v\u00e4 on osallistua seurakunnan jumalanpalveluksiin ja kirkolliseen toimintaan. Kuoro tuottaa my\u00f6s \u00e4\u00e4nitteit\u00e4 ja pit\u00e4\u00e4 konsertteja kotimaassa ja ulkomailla. Kuoroa johtaa Turun ortodoksisen seurakunnan <strong>kanttori Pasi Torhamo<\/strong>.<\/p>\n\n\n\n<p><strong>J\u00e4seneksi voi pyrki\u00e4<\/strong> 15-50 -vuotias ortodoksisesta musiikista kiinnostunut henkil\u00f6, joka on suorittanut kuoronjohtajan hyv\u00e4ksym\u00e4n laulukokeen. Laulukokeessa laulaja tapailee erilaisia s\u00e4velkulkuja esimerkiksi pianoa seuraten. Koelaulua ei tarvitse j\u00e4nnitt\u00e4\u00e4! Kirkkolaulusta kiinnostuneet voivat sopia oman koelaulutilaisuuden kanttori Pasi Torhamon kanssa (040 835 8360 tai s\u00e4hk\u00f6postitse pasi.torhamo@ort.fi).<\/p>\n\n\n\n<p>Kuoroharjoitukset pidet\u00e4\u00e4n torstaisin klo 18:30\u201320:30 seurakuntasalissa. Kuoro konsertoi ainakin 1-2 kertaa vuodessa. Muutaman vuoden v\u00e4lein j\u00e4rjestet\u00e4\u00e4n esiintymismatkoja ulkomaille sek\u00e4 osallistutaan kirkkop\u00e4iville ja laulup\u00e4iville. Kuoron hallinnosta huolehtii rekister\u00f6ity yhdistys Turun ortodoksisen kirkon kuoro ry.<\/p>\n\n\n\n<p>Turussa toimii my\u00f6s seniorikuoro, joka koostuu entisist\u00e4 kirkkokuoron laulajista.<\/p>\n\n\n\n<h5 class=\"wp-block-heading\"><strong>Yhteystiedot:<\/strong> kanttori Pasi Torhamo, puh. 040 835 8360<\/h5>\n\n\n\n<p>Levytilaukset: turunortodoksisenkirkonkuoro@gmail.com.<\/p>\n\n\n\n<p><strong><em>Kalenterista n\u00e4et Turun ortodoksisen kirkon kuoro<\/em><\/strong>n <strong><em>kokoontumisp\u00e4iv\u00e4t.<\/em><\/strong><\/p>\n\n\n\n<iframe width='1000' height='650' frameborder='0' scrolling='auto'\nmarginheight='0' marginwidth='0' style=\".otsikko {font-size: large;}\"\nsrc='https:\/\/www.mvsoy.fi\/data\/ort\/turku\/lehteen\/tapahtumat.phtml?hakualue%5B%5D=Kirkkokuoro'><\/iframe>\n\n\n\n<p><strong>Seuraa kuoroa:<\/strong><\/p>\n\n\n\n<ul class=\"wp-block-social-links is-layout-flex wp-block-social-links-is-layout-flex\"><li class=\"wp-social-link wp-social-link-facebook  wp-block-social-link\"><a href=\"https:\/\/www.facebook.com\/turunortodoksisenkirkonkuoro?locale=fi_FI\" class=\"wp-block-social-link-anchor\"><svg width=\"24\" height=\"24\" viewBox=\"0 0 24 24\" version=\"1.1\" xmlns=\"http:\/\/www.w3.org\/2000\/svg\" aria-hidden=\"true\" focusable=\"false\"><path d=\"M12 2C6.5 2 2 6.5 2 12c0 5 3.7 9.1 8.4 9.9v-7H7.9V12h2.5V9.8c0-2.5 1.5-3.9 3.8-3.9 1.1 0 2.2.2 2.2.2v2.5h-1.3c-1.2 0-1.6.8-1.6 1.6V12h2.8l-.4 2.9h-2.3v7C18.3 21.1 22 17 22 12c0-5.5-4.5-10-10-10z\"><\/path><\/svg><span class=\"wp-block-social-link-label screen-reader-text\">Facebook<\/span><\/a><\/li>\n\n<li class=\"wp-social-link wp-social-link-instagram  wp-block-social-link\"><a href=\"https:\/\/www.instagram.com\/turunortodoksisenkirkonkuoro\/?utm_source=Turku&#038;utm_medium=Nyt%20on%20kaikki%20t%C3%A4ynn%C3%A4%20valoa%20-%20Turun%20ortodoksisen%20kirkon%20kuoron%20konsertti&#038;utm_campaign=instagram-link-button\" class=\"wp-block-social-link-anchor\"><svg width=\"24\" height=\"24\" viewBox=\"0 0 24 24\" version=\"1.1\" xmlns=\"http:\/\/www.w3.org\/2000\/svg\" aria-hidden=\"true\" focusable=\"false\"><path d=\"M12,4.622c2.403,0,2.688,0.009,3.637,0.052c0.877,0.04,1.354,0.187,1.671,0.31c0.42,0.163,0.72,0.358,1.035,0.673 c0.315,0.315,0.51,0.615,0.673,1.035c0.123,0.317,0.27,0.794,0.31,1.671c0.043,0.949,0.052,1.234,0.052,3.637 s-0.009,2.688-0.052,3.637c-0.04,0.877-0.187,1.354-0.31,1.671c-0.163,0.42-0.358,0.72-0.673,1.035 c-0.315,0.315-0.615,0.51-1.035,0.673c-0.317,0.123-0.794,0.27-1.671,0.31c-0.949,0.043-1.233,0.052-3.637,0.052 s-2.688-0.009-3.637-0.052c-0.877-0.04-1.354-0.187-1.671-0.31c-0.42-0.163-0.72-0.358-1.035-0.673 c-0.315-0.315-0.51-0.615-0.673-1.035c-0.123-0.317-0.27-0.794-0.31-1.671C4.631,14.688,4.622,14.403,4.622,12 s0.009-2.688,0.052-3.637c0.04-0.877,0.187-1.354,0.31-1.671c0.163-0.42,0.358-0.72,0.673-1.035 c0.315-0.315,0.615-0.51,1.035-0.673c0.317-0.123,0.794-0.27,1.671-0.31C9.312,4.631,9.597,4.622,12,4.622 M12,3 C9.556,3,9.249,3.01,8.289,3.054C7.331,3.098,6.677,3.25,6.105,3.472C5.513,3.702,5.011,4.01,4.511,4.511 c-0.5,0.5-0.808,1.002-1.038,1.594C3.25,6.677,3.098,7.331,3.054,8.289C3.01,9.249,3,9.556,3,12c0,2.444,0.01,2.751,0.054,3.711 c0.044,0.958,0.196,1.612,0.418,2.185c0.23,0.592,0.538,1.094,1.038,1.594c0.5,0.5,1.002,0.808,1.594,1.038 c0.572,0.222,1.227,0.375,2.185,0.418C9.249,20.99,9.556,21,12,21s2.751-0.01,3.711-0.054c0.958-0.044,1.612-0.196,2.185-0.418 c0.592-0.23,1.094-0.538,1.594-1.038c0.5-0.5,0.808-1.002,1.038-1.594c0.222-0.572,0.375-1.227,0.418-2.185 C20.99,14.751,21,14.444,21,12s-0.01-2.751-0.054-3.711c-0.044-0.958-0.196-1.612-0.418-2.185c-0.23-0.592-0.538-1.094-1.038-1.594 c-0.5-0.5-1.002-0.808-1.594-1.038c-0.572-0.222-1.227-0.375-2.185-0.418C14.751,3.01,14.444,3,12,3L12,3z M12,7.378 c-2.552,0-4.622,2.069-4.622,4.622S9.448,16.622,12,16.622s4.622-2.069,4.622-4.622S14.552,7.378,12,7.378z M12,15 c-1.657,0-3-1.343-3-3s1.343-3,3-3s3,1.343,3,3S13.657,15,12,15z M16.804,6.116c-0.596,0-1.08,0.484-1.08,1.08 s0.484,1.08,1.08,1.08c0.596,0,1.08-0.484,1.08-1.08S17.401,6.116,16.804,6.116z\"><\/path><\/svg><span class=\"wp-block-social-link-label screen-reader-text\">Instagram<\/span><\/a><\/li><\/ul>\n\n\n\n<p>Kuoron nettisivut: <a href=\"http:\/\/www.tokk.fi\">www.tokk.fi<\/a><\/p>\n\n\n<div class=\"wp-block-image\">\n<figure class=\"aligncenter size-full is-resized\"><img loading=\"lazy\" decoding=\"async\" width=\"860\" height=\"883\" src=\"https:\/\/ort.fi\/ortturkusrk\/wp-content\/uploads\/2024\/09\/TOKK-logo-2.png\" alt=\"\" class=\"wp-image-1543\" style=\"width:383px;height:auto\" srcset=\"https:\/\/ort.fi\/turku\/wp-content\/uploads\/2024\/09\/TOKK-logo-2.png 860w, https:\/\/ort.fi\/turku\/wp-content\/uploads\/2024\/09\/TOKK-logo-2-292x300.png 292w, https:\/\/ort.fi\/turku\/wp-content\/uploads\/2024\/09\/TOKK-logo-2-768x789.png 768w\" sizes=\"auto, (max-width: 860px) 100vw, 860px\" \/><\/figure>\n<\/div>","protected":false},"excerpt":{"rendered":"<p>Turun ortodoksisen kirkon kuoron tarkoituksena on ortodoksisen liturgisen musiikin perinteen s\u00e4ilytt\u00e4minen, edist\u00e4minen ja tunnetuksi tekeminen. Kuoron p\u00e4\u00e4asiallinen teht\u00e4v\u00e4 on osallistua seurakunnan jumalanpalveluksiin ja kirkolliseen toimintaan. Kuoro tuottaa my\u00f6s \u00e4\u00e4nitteit\u00e4 ja pit\u00e4\u00e4 konsertteja kotimaassa ja ulkomailla. Kuoroa johtaa Turun ortodoksisen seurakunnan kanttori Pasi Torhamo. J\u00e4seneksi voi pyrki\u00e4 15-50 -vuotias ortodoksisesta musiikista kiinnostunut henkil\u00f6, joka on suorittanut&hellip; <a class=\"continue\" href=\"https:\/\/ort.fi\/turku\/turun-ortodoksisen-kirkon-kuoro\/\">Continue Reading<span> Turun ortodoksisen kirkon kuoro<\/span><\/a><\/p>\n","protected":false},"author":5,"featured_media":1551,"parent":0,"menu_order":0,"comment_status":"closed","ping_status":"closed","template":"","meta":{"slim_seo":{"title":"Turun ortodoksisen kirkon kuoro - Turun ortodoksinen seurakunta","description":"Turun ortodoksisen kirkon kuoron tarkoituksena on ortodoksisen liturgisen musiikin perinteen s\u00e4ilytt\u00e4minen, edist\u00e4minen ja tunnetuksi tekeminen. Kuoron p\u00e4\u00e4asial"},"footnotes":""},"class_list":["post-693","page","type-page","status-publish","has-post-thumbnail"],"_links":{"self":[{"href":"https:\/\/ort.fi\/turku\/wp-json\/wp\/v2\/pages\/693","targetHints":{"allow":["GET"]}}],"collection":[{"href":"https:\/\/ort.fi\/turku\/wp-json\/wp\/v2\/pages"}],"about":[{"href":"https:\/\/ort.fi\/turku\/wp-json\/wp\/v2\/types\/page"}],"author":[{"embeddable":true,"href":"https:\/\/ort.fi\/turku\/wp-json\/wp\/v2\/users\/5"}],"replies":[{"embeddable":true,"href":"https:\/\/ort.fi\/turku\/wp-json\/wp\/v2\/comments?post=693"}],"version-history":[{"count":1,"href":"https:\/\/ort.fi\/turku\/wp-json\/wp\/v2\/pages\/693\/revisions"}],"predecessor-version":[{"id":7685,"href":"https:\/\/ort.fi\/turku\/wp-json\/wp\/v2\/pages\/693\/revisions\/7685"}],"wp:featuredmedia":[{"embeddable":true,"href":"https:\/\/ort.fi\/turku\/wp-json\/wp\/v2\/media\/1551"}],"wp:attachment":[{"href":"https:\/\/ort.fi\/turku\/wp-json\/wp\/v2\/media?parent=693"}],"curies":[{"name":"wp","href":"https:\/\/api.w.org\/{rel}","templated":true}]}}