{"id":685,"date":"2024-05-14T08:29:44","date_gmt":"2024-05-14T05:29:44","guid":{"rendered":"https:\/\/ort.fi\/ortturkusrk\/?page_id=685"},"modified":"2025-12-11T15:26:18","modified_gmt":"2025-12-11T13:26:18","slug":"raamattupiiri","status":"publish","type":"page","link":"https:\/\/ort.fi\/turku\/raamattupiiri\/","title":{"rendered":"Raamattupiirit"},"content":{"rendered":"\n<p>Seurakunnassamme on kaksi aktiivista raamattupiiri\u00e4, toinen on perinteinen &#8221;l\u00e4hi&#8221;-raamattupiiri joka kokoontuu seurakuntasalilla (Yliopistonkatu 19B3) ja toinen kokoontuu et\u00e4-raamattupiirin\u00e4 <a href=\"https:\/\/zoom.us\/download\" title=\"\">Zoom-sovelluksen<\/a> v\u00e4lityksell\u00e4. N\u00e4m\u00e4 piirit ovat erilliset ja etenev\u00e4t omassa rytmiss\u00e4.<\/p>\n\n\n\n<p>Molempia piirej\u00e4 vet\u00e4\u00e4 is\u00e4 Mikko Ylinen.<br>Yhteystiedot: is\u00e4 Mikko Ylinen (ylinen.mikko@outlook.com, 044 294 3050)<br><br>Tervetuloa mukaan!<\/p>\n\n\n\n<div class=\"wp-block-columns is-layout-flex wp-container-core-columns-is-layout-9d6595d7 wp-block-columns-is-layout-flex\">\n<div class=\"wp-block-column is-layout-flow wp-block-column-is-layout-flow\">\n<h4 class=\"wp-block-heading\">Raamattupiiri<\/h4>\n\n\n\n<p>K\u00e4sittelemme Markuksen evankeliumia alustuksen<br>pohjalta keskustellen.<\/p>\n\n\n\n<p>Kokoonnumme parittomien viikkojen tiistai-iltoina klo 17:30 seurakuntasalilla (Yliopistonkatu 19 B 3). Kev\u00e4\u00e4ll\u00e4 2026 Raamattupiiri kokoontuu: 16.12., 20.1., 3.2., 3.3.,<br>17.3., 14.4., 28.4., 12.5. ja 26.5.<\/p>\n\n\n\n<p>Lis\u00e4tietoja is\u00e4 Mikko Yliselt\u00e4<\/p>\n<\/div>\n\n\n\n<div class=\"wp-block-column is-layout-flow wp-block-column-is-layout-flow\">\n<h4 class=\"wp-block-heading\">Et\u00e4raamattupiiri<\/h4>\n\n\n\n<p>K\u00e4sittelemme Markuksen evankeliumia alustuksen<br>pohjalta keskustellen.<\/p>\n\n\n\n<p>Piiri tapaa Zoom:issa parittomien viikkojen maanantai-iltoina klo 18:30 seuraavasti: 12.1., 26.1., 9.2., 23.2., 9.3., 23.3., 13.4., 27.4. ja 11.5.<\/p>\n\n\n\n<p>Ilmoittaudu mukaan s\u00e4hk\u00f6postilla ja saat s\u00e4hk\u00f6postiisi linkin piiri\u00e4 varten: <a href=\"mailto:raamattupiiritku@outlook.com\">raamattupiiritku@outlook.com<\/a>&nbsp;.<\/p>\n<\/div>\n<\/div>\n\n\n\n<h5 class=\"wp-block-heading\"><strong><em>Kalenterista n\u00e4et molempien raamattupiirien tulevat kokoontumisp\u00e4iv\u00e4t.<\/em><\/strong><\/h5>\n\n\n\n<iframe width='1200' height='650' frameborder='0' scrolling='auto'\nmarginheight='0' marginwidth='0' style=\".otsikko {font-size: large;}\"\nsrc='https:\/\/www.mvsoy.fi\/data\/ort\/turku\/lehteen\/tapahtumat.phtml?hakualue%5B%5D=Raamattupiiri&#038;piilota_menneet=true'><\/iframe>\n\n\n\n<p><\/p>\n","protected":false},"excerpt":{"rendered":"<p>Seurakunnassamme on kaksi aktiivista raamattupiiri\u00e4, toinen on perinteinen &#8221;l\u00e4hi&#8221;-raamattupiiri joka kokoontuu seurakuntasalilla (Yliopistonkatu 19B3) ja toinen kokoontuu et\u00e4-raamattupiirin\u00e4 Zoom-sovelluksen v\u00e4lityksell\u00e4. N\u00e4m\u00e4 piirit ovat erilliset ja etenev\u00e4t omassa rytmiss\u00e4. Molempia piirej\u00e4 vet\u00e4\u00e4 is\u00e4 Mikko Ylinen.Yhteystiedot: is\u00e4 Mikko Ylinen (ylinen.mikko@outlook.com, 044 294 3050) Tervetuloa mukaan! Raamattupiiri K\u00e4sittelemme Markuksen evankeliumia alustuksenpohjalta keskustellen. Kokoonnumme parittomien viikkojen tiistai-iltoina klo 17:30&hellip; <a class=\"continue\" href=\"https:\/\/ort.fi\/turku\/raamattupiiri\/\">Continue Reading<span> Raamattupiirit<\/span><\/a><\/p>\n","protected":false},"author":5,"featured_media":0,"parent":0,"menu_order":0,"comment_status":"closed","ping_status":"closed","template":"","meta":{"slim_seo":{"title":"Raamattupiirit - Turun ortodoksinen seurakunta","description":"Seurakunnassamme on kaksi aktiivista raamattupiiri\u00e4, toinen on perinteinen \"l\u00e4hi\"-raamattupiiri joka kokoontuu seurakuntasalilla (Yliopistonkatu 19B3) ja toinen"},"footnotes":""},"class_list":["post-685","page","type-page","status-publish"],"_links":{"self":[{"href":"https:\/\/ort.fi\/turku\/wp-json\/wp\/v2\/pages\/685","targetHints":{"allow":["GET"]}}],"collection":[{"href":"https:\/\/ort.fi\/turku\/wp-json\/wp\/v2\/pages"}],"about":[{"href":"https:\/\/ort.fi\/turku\/wp-json\/wp\/v2\/types\/page"}],"author":[{"embeddable":true,"href":"https:\/\/ort.fi\/turku\/wp-json\/wp\/v2\/users\/5"}],"replies":[{"embeddable":true,"href":"https:\/\/ort.fi\/turku\/wp-json\/wp\/v2\/comments?post=685"}],"version-history":[{"count":7,"href":"https:\/\/ort.fi\/turku\/wp-json\/wp\/v2\/pages\/685\/revisions"}],"predecessor-version":[{"id":9275,"href":"https:\/\/ort.fi\/turku\/wp-json\/wp\/v2\/pages\/685\/revisions\/9275"}],"wp:attachment":[{"href":"https:\/\/ort.fi\/turku\/wp-json\/wp\/v2\/media?parent=685"}],"curies":[{"name":"wp","href":"https:\/\/api.w.org\/{rel}","templated":true}]}}