{"id":681,"date":"2024-05-14T08:29:21","date_gmt":"2024-05-14T05:29:21","guid":{"rendered":"https:\/\/ort.fi\/ortturkusrk\/?page_id=681"},"modified":"2026-01-29T14:51:35","modified_gmt":"2026-01-29T12:51:35","slug":"ortodoksiapiiri","status":"publish","type":"page","link":"https:\/\/ort.fi\/turku\/ortodoksiapiiri\/","title":{"rendered":"Ortodoksiapiiri"},"content":{"rendered":"\n<p>Ortodoksiapiiriss\u00e4 keskustelemme ortodoksiseen kirkkoon liittyvist\u00e4 asioista: kirkon opista, tavoista ja kristittyn\u00e4 el\u00e4misest\u00e4. Piiri alkaa klo 17 jumalanpalveluksen j\u00e4lkeen ja kokoontuu Pyh\u00e4n Aleksandran kirkossa (Yliopistonkatu 19).<\/p>\n\n\n\n<p>Voit l\u00e4hett\u00e4\u00e4 kysymyksi\u00e4 my\u00f6s etuk\u00e4teen s\u00e4hk\u00f6postitse piirin vet\u00e4j\u00e4lle is\u00e4 Ioannikselle .<\/p>\n\n\n\n<p>Tervetuloa mukaan!<\/p>\n\n\n\n<p>Kokoontumisp\u00e4iv\u00e4t seuraavina keskiviikkoina; 29.10., 19.11., 17.12., 25.2., 18.3.<\/p>\n\n\n\n<h5 class=\"wp-block-heading\"><strong><em>Yhteystiedot<\/em><\/strong>: is\u00e4 Ioannis Lampropoulos (050 357 3675, ioannis.lampropoulos@ort.fi)<\/h5>\n\n\n\n<p><strong><em>Kalenterista n\u00e4et Ortodoksiapiirin kokoontumisp\u00e4iv\u00e4t kuukausittain.<\/em><\/strong><\/p>\n\n\n\n<iframe width='1200' height='650' frameborder='0' scrolling='auto'\nmarginheight='0' marginwidth='0' style=\".otsikko {font-size: large;}\"\nsrc='https:\/\/www.mvsoy.fi\/data\/ort\/turku\/lehteen\/tapahtumat.phtml?hakualue%5B%5D=Ortodoksiapiiri'><\/iframe>\n\n\n\n<p><\/p>\n","protected":false},"excerpt":{"rendered":"<p>Ortodoksiapiiriss\u00e4 keskustelemme ortodoksiseen kirkkoon liittyvist\u00e4 asioista: kirkon opista, tavoista ja kristittyn\u00e4 el\u00e4misest\u00e4. Piiri alkaa klo 17 jumalanpalveluksen j\u00e4lkeen ja kokoontuu Pyh\u00e4n Aleksandran kirkossa (Yliopistonkatu 19). Voit l\u00e4hett\u00e4\u00e4 kysymyksi\u00e4 my\u00f6s etuk\u00e4teen s\u00e4hk\u00f6postitse piirin vet\u00e4j\u00e4lle is\u00e4 Ioannikselle . Tervetuloa mukaan! Kokoontumisp\u00e4iv\u00e4t seuraavina keskiviikkoina; 29.10., 19.11., 17.12., 25.2., 18.3. Yhteystiedot: is\u00e4 Ioannis Lampropoulos (050 357 3675, ioannis.lampropoulos@ort.fi) Kalenterista&hellip; <a class=\"continue\" href=\"https:\/\/ort.fi\/turku\/ortodoksiapiiri\/\">Continue Reading<span> Ortodoksiapiiri<\/span><\/a><\/p>\n","protected":false},"author":5,"featured_media":0,"parent":0,"menu_order":0,"comment_status":"closed","ping_status":"closed","template":"","meta":{"slim_seo":{"title":"Ortodoksiapiiri - Turun ortodoksinen seurakunta","description":"Ortodoksiapiiriss\u00e4 keskustelemme ortodoksiseen kirkkoon liittyvist\u00e4 asioista: kirkon opista, tavoista ja kristittyn\u00e4 el\u00e4misest\u00e4. Piiri alkaa klo 17 jumalanpalve"},"footnotes":""},"class_list":["post-681","page","type-page","status-publish"],"_links":{"self":[{"href":"https:\/\/ort.fi\/turku\/wp-json\/wp\/v2\/pages\/681","targetHints":{"allow":["GET"]}}],"collection":[{"href":"https:\/\/ort.fi\/turku\/wp-json\/wp\/v2\/pages"}],"about":[{"href":"https:\/\/ort.fi\/turku\/wp-json\/wp\/v2\/types\/page"}],"author":[{"embeddable":true,"href":"https:\/\/ort.fi\/turku\/wp-json\/wp\/v2\/users\/5"}],"replies":[{"embeddable":true,"href":"https:\/\/ort.fi\/turku\/wp-json\/wp\/v2\/comments?post=681"}],"version-history":[{"count":6,"href":"https:\/\/ort.fi\/turku\/wp-json\/wp\/v2\/pages\/681\/revisions"}],"predecessor-version":[{"id":9753,"href":"https:\/\/ort.fi\/turku\/wp-json\/wp\/v2\/pages\/681\/revisions\/9753"}],"wp:attachment":[{"href":"https:\/\/ort.fi\/turku\/wp-json\/wp\/v2\/media?parent=681"}],"curies":[{"name":"wp","href":"https:\/\/api.w.org\/{rel}","templated":true}]}}