{"id":675,"date":"2024-05-12T14:58:22","date_gmt":"2024-05-12T11:58:22","guid":{"rendered":"https:\/\/ort.fi\/ortturkusrk\/?page_id=675"},"modified":"2026-01-02T09:33:24","modified_gmt":"2026-01-02T07:33:24","slug":"minustako-ortodoksi","status":"publish","type":"page","link":"https:\/\/ort.fi\/turku\/minustako-ortodoksi\/","title":{"rendered":"Minustako ortodoksi?"},"content":{"rendered":"\n<p>Oletko kiinnostunut ortodoksisesta kirkosta? Tule kuulemaan lis\u00e4\u00e4 kirkon uskosta ja perinteest\u00e4! Avoin luentosarja katekumeeneille, ortodoksisen kirkon j\u00e4senyytt\u00e4 pohtineille ja kaikille ortodoksisuudesta kiinnostuneille. Kev\u00e4\u00e4n 2026 ensimm\u00e4inen tapaaminen on ke 14.1. klo 17.45 p. Aleksandran kirkossa (Yliopistonkatu 19). <\/p>\n\n\n\n<p>Luentoihin ei ennakkoilmoittautumista. Tervetuloa mukaan!<\/p>\n\n\n\n<p>Kev\u00e4\u00e4n kokoontumiset: 14.1., 11.2., 11.3., 15.4., 6.5.<\/p>\n\n\n\n<p>Kalenterissa alapuolella l\u00f6yd\u00e4t kokoontumiset kuukausittain. <\/p>\n\n\n\n<p><strong>Paikka<\/strong>: Turun ortodoksinen kirkko (Yliopistonkatu 19 B 3)<\/p>\n\n\n\n<p>Tervetuloa mukaan!<\/p>\n\n\n\n<h2 class=\"wp-block-heading has-medium-font-size\">Yhteystiedot:<\/h2>\n\n\n\n<p>TM Henri Hane puh. 050 3204660<\/p>\n\n\n\n<p><\/p>\n\n\n\n<p>T\u00e4m\u00e4n lis\u00e4ksi katekumeeniopetusta kirkkoon liittymist\u00e4 harkitseville j\u00e4rjestet\u00e4\u00e4n sunnuntaisin klo 15 alkaen p. Aleksandran kirkossa seuraavina p\u00e4ivin\u00e4: 25.1., 15.2., 22.3. Yhteystiedot: is\u00e4 Ioannis Lampropoulos,<br>puh. 050 3573675, ioannis.lampropoulos@ort.fi.<\/p>\n\n\n\n<p><\/p>\n\n\n\n<iframe width='1200' height='650' frameborder='0' scrolling='auto'\nmarginheight='0' marginwidth='0' style=\".otsikko {font-size: large;}\"\nsrc='https:\/\/www.mvsoy.fi\/data\/ort\/turku\/lehteen\/tapahtumat.phtml?hakualue%5B%5D=Minusta ortodoksi'><\/iframe>\n","protected":false},"excerpt":{"rendered":"<p>Oletko kiinnostunut ortodoksisesta kirkosta? Tule kuulemaan lis\u00e4\u00e4 kirkon uskosta ja perinteest\u00e4! Avoin luentosarja katekumeeneille, ortodoksisen kirkon j\u00e4senyytt\u00e4 pohtineille ja kaikille ortodoksisuudesta kiinnostuneille. Kev\u00e4\u00e4n 2026 ensimm\u00e4inen tapaaminen on ke 14.1. klo 17.45 p. Aleksandran kirkossa (Yliopistonkatu 19). Luentoihin ei ennakkoilmoittautumista. Tervetuloa mukaan! Kev\u00e4\u00e4n kokoontumiset: 14.1., 11.2., 11.3., 15.4., 6.5. Kalenterissa alapuolella l\u00f6yd\u00e4t kokoontumiset kuukausittain. Paikka: Turun&hellip; <a class=\"continue\" href=\"https:\/\/ort.fi\/turku\/minustako-ortodoksi\/\">Continue Reading<span> Minustako ortodoksi?<\/span><\/a><\/p>\n","protected":false},"author":5,"featured_media":0,"parent":0,"menu_order":0,"comment_status":"closed","ping_status":"closed","template":"","meta":{"slim_seo":{"title":"Minustako ortodoksi? - Turun ortodoksinen seurakunta","description":"Oletko kiinnostunut ortodoksisesta kirkosta? Tule kuulemaan lis\u00e4\u00e4 kirkon uskosta ja perinteest\u00e4! Avoin luentosarja katekumeeneille, ortodoksisen kirkon j\u00e4senyyt"},"footnotes":""},"class_list":["post-675","page","type-page","status-publish"],"_links":{"self":[{"href":"https:\/\/ort.fi\/turku\/wp-json\/wp\/v2\/pages\/675","targetHints":{"allow":["GET"]}}],"collection":[{"href":"https:\/\/ort.fi\/turku\/wp-json\/wp\/v2\/pages"}],"about":[{"href":"https:\/\/ort.fi\/turku\/wp-json\/wp\/v2\/types\/page"}],"author":[{"embeddable":true,"href":"https:\/\/ort.fi\/turku\/wp-json\/wp\/v2\/users\/5"}],"replies":[{"embeddable":true,"href":"https:\/\/ort.fi\/turku\/wp-json\/wp\/v2\/comments?post=675"}],"version-history":[{"count":5,"href":"https:\/\/ort.fi\/turku\/wp-json\/wp\/v2\/pages\/675\/revisions"}],"predecessor-version":[{"id":9475,"href":"https:\/\/ort.fi\/turku\/wp-json\/wp\/v2\/pages\/675\/revisions\/9475"}],"wp:attachment":[{"href":"https:\/\/ort.fi\/turku\/wp-json\/wp\/v2\/media?parent=675"}],"curies":[{"name":"wp","href":"https:\/\/api.w.org\/{rel}","templated":true}]}}