{"id":637,"date":"2024-05-11T08:35:26","date_gmt":"2024-05-11T05:35:26","guid":{"rendered":"https:\/\/ort.fi\/ortturkusrk\/?page_id=637"},"modified":"2024-11-29T14:17:11","modified_gmt":"2024-11-29T12:17:11","slug":"liturgia","status":"publish","type":"page","link":"https:\/\/ort.fi\/turku\/liturgia\/","title":{"rendered":"Liturgia"},"content":{"rendered":"\n<p><\/p>\n\n\n\n<div class=\"wp-block-media-text is-stacked-on-mobile\"><figure class=\"wp-block-media-text__media\"><img loading=\"lazy\" decoding=\"async\" width=\"1024\" height=\"683\" src=\"https:\/\/ort.fi\/ortturkusrk\/wp-content\/uploads\/2024\/03\/pexels-elina-volkova-18707688-1024x683.jpg\" alt=\"pexels-elina-volkova-18707688\" class=\"wp-image-99 size-full\" srcset=\"https:\/\/ort.fi\/turku\/wp-content\/uploads\/2024\/03\/pexels-elina-volkova-18707688-1024x683.jpg 1024w, https:\/\/ort.fi\/turku\/wp-content\/uploads\/2024\/03\/pexels-elina-volkova-18707688-300x200.jpg 300w, https:\/\/ort.fi\/turku\/wp-content\/uploads\/2024\/03\/pexels-elina-volkova-18707688-768x512.jpg 768w, https:\/\/ort.fi\/turku\/wp-content\/uploads\/2024\/03\/pexels-elina-volkova-18707688-1536x1024.jpg 1536w, https:\/\/ort.fi\/turku\/wp-content\/uploads\/2024\/03\/pexels-elina-volkova-18707688-2048x1365.jpg 2048w\" sizes=\"auto, (max-width: 1024px) 100vw, 1024px\" \/><\/figure><div class=\"wp-block-media-text__content\">\n<p>Liturgia on ortodoksisen kirkon ehtoollisjumalanpalvelus. Liturgiaan ovat tervetulleita kaikki, mutta ehtoollisesta eli Kristuksen ruumiista ja verest\u00e4 voivat tulla osallisiksi vain ortodoksisen kirkon j\u00e4senet. Mik\u00e4li et kuulu ortodoksiseen kirkkoon, voit ehtoollisen ajan odottaa rauhassa paikallasi.<\/p>\n\n\n\n<p>Kirkon j\u00e4senet valmistautuvat ehtoolliseen osallistumiseen paastoamalla v\u00e4hint\u00e4\u00e4n kuusi tuntia ennen palveluksen alkua. Kirkko ohjaa my\u00f6s valmistautumaan ehtoolliseen lukemalla ehtoolliseen valmistavia rukouksia illalla ja aamulla mahdollisuuksien mukaan. Rukoukset l\u00f6ytyv\u00e4t esimerkiksi ONL ry:n julkaisemasta pienest\u00e4 hartauskirjasta tai Orologion-rukouskirjasta.<\/p>\n\n\n\n<p><\/p>\n\n\n\n<p><\/p>\n<\/div><\/div>\n\n\n\n<p><\/p>\n\n\n\n<p>Ortodoksinen perinne tuntee useita liturgiapalveluksen kaavoja. Suomessa toimitetaan useimmiten Pyh\u00e4n Johannes Krysostomoksen nime\u00e4 kantava liturgia. Toiseksi yleisin on Pyh\u00e4n Basileios Suuren liturgia, joka toimitetaan kirkkovuoden aikana useita kertoja \u2013 esimerkiksi uudenvuodenp\u00e4iv\u00e4n\u00e4.<\/p>\n\n\n\n<p>N\u00e4m\u00e4 liturgiakaavat eroavat toisistaan niin v\u00e4h\u00e4n, ett\u00e4 harvemmin kirkossa k\u00e4yv\u00e4 tulee tuskin kiinnitt\u00e4neeksi huomiota eroavaisuuksiin. Sen sijaan Pyh\u00e4n apostoli Jaakobin nime\u00e4 kantava liturgia, joka toimitetaan monissa seurakunnissa apostolin muistop\u00e4iv\u00e4n\u00e4 23.10., eroaa n\u00e4ist\u00e4 kahdesta muusta selv\u00e4sti, sill\u00e4 ehtoollista jaettaessa leip\u00e4 ja viini jaetaan uskoville erikseen.<\/p>\n\n\n\n<p>Turun ortodoksisessa seurakunnassa toimitetaan liturgia s\u00e4\u00e4nn\u00f6llisesti sunnuntaisin ja juhlap\u00e4ivin\u00e4 kello 10.<\/p>\n","protected":false},"excerpt":{"rendered":"<p>Liturgia on ortodoksisen kirkon ehtoollisjumalanpalvelus. Liturgiaan ovat tervetulleita kaikki, mutta ehtoollisesta eli Kristuksen ruumiista ja verest\u00e4 voivat tulla osallisiksi vain ortodoksisen kirkon j\u00e4senet. Mik\u00e4li et kuulu ortodoksiseen kirkkoon, voit ehtoollisen ajan odottaa rauhassa paikallasi. Kirkon j\u00e4senet valmistautuvat ehtoolliseen osallistumiseen paastoamalla v\u00e4hint\u00e4\u00e4n kuusi tuntia ennen palveluksen alkua. Kirkko ohjaa my\u00f6s valmistautumaan ehtoolliseen lukemalla ehtoolliseen valmistavia rukouksia&hellip; <a class=\"continue\" href=\"https:\/\/ort.fi\/turku\/liturgia\/\">Continue Reading<span> Liturgia<\/span><\/a><\/p>\n","protected":false},"author":5,"featured_media":0,"parent":0,"menu_order":0,"comment_status":"closed","ping_status":"closed","template":"","meta":{"slim_seo":{"title":"Liturgia - Turun ortodoksinen seurakunta","description":"Ortodoksinen perinne tuntee useita liturgiapalveluksen kaavoja. Suomessa toimitetaan useimmiten Pyh\u00e4n Johannes Krysostomoksen nime\u00e4 kantava liturgia. Toiseksi y"},"footnotes":""},"class_list":["post-637","page","type-page","status-publish"],"_links":{"self":[{"href":"https:\/\/ort.fi\/turku\/wp-json\/wp\/v2\/pages\/637","targetHints":{"allow":["GET"]}}],"collection":[{"href":"https:\/\/ort.fi\/turku\/wp-json\/wp\/v2\/pages"}],"about":[{"href":"https:\/\/ort.fi\/turku\/wp-json\/wp\/v2\/types\/page"}],"author":[{"embeddable":true,"href":"https:\/\/ort.fi\/turku\/wp-json\/wp\/v2\/users\/5"}],"replies":[{"embeddable":true,"href":"https:\/\/ort.fi\/turku\/wp-json\/wp\/v2\/comments?post=637"}],"version-history":[{"count":0,"href":"https:\/\/ort.fi\/turku\/wp-json\/wp\/v2\/pages\/637\/revisions"}],"wp:attachment":[{"href":"https:\/\/ort.fi\/turku\/wp-json\/wp\/v2\/media?parent=637"}],"curies":[{"name":"wp","href":"https:\/\/api.w.org\/{rel}","templated":true}]}}