{"id":633,"date":"2024-05-11T08:35:18","date_gmt":"2024-05-11T05:35:18","guid":{"rendered":"https:\/\/ort.fi\/ortturkusrk\/?page_id=633"},"modified":"2024-10-22T09:33:32","modified_gmt":"2024-10-22T06:33:32","slug":"vigilia","status":"publish","type":"page","link":"https:\/\/ort.fi\/turku\/vigilia\/","title":{"rendered":"Vigilia"},"content":{"rendered":"\n<p>Vigilia on juhlap\u00e4ivien aattona ja usein my\u00f6s lauantaisin (yl\u00f6snousemuksen muistop\u00e4iv\u00e4n eli sunnuntain aattona) toimitettava jumalanpalvelus, joka koostuu ehtoopalveluksesta, aamupalveluksesta ja ensimm\u00e4isest\u00e4 hetkest\u00e4.<\/p>\n\n\n\n<p>Vigilia kest\u00e4\u00e4 noin kaksi tuntia. Jos aamupalvelukseen sis\u00e4ltyy polyeleo ja kirkkokansaa on paljon, kesto voi olla pidempikin.<\/p>\n\n\n\n<p>Mik\u00e4li joku kirkkovuoden juhla halutaan huomioida jumalanpalvelusj\u00e4rjestyksess\u00e4 viel\u00e4 paremmin, niin vigilian sijaan voidaan toimittaa ns. koko\u00f6inen jumalanpalvelus, jossa toimitetaan per\u00e4kk\u00e4in kaikki vuorokauden kiertoon kuuluvat jumalanpalvelukset ehtoopalveluksesta liturgiaan asti. Koko\u00f6isi\u00e4 palveluksia toimitetaan Suomessa kuitenkin verrattain harvoin.<\/p>\n\n\n\n<p>Turun ortodoksisessa seurakunnassa vigilia toimitetaan s\u00e4\u00e4nn\u00f6llisesti lauantaisin ja juhlap\u00e4ivien aattona kello 17.<\/p>\n","protected":false},"excerpt":{"rendered":"<p>Vigilia on juhlap\u00e4ivien aattona ja usein my\u00f6s lauantaisin (yl\u00f6snousemuksen muistop\u00e4iv\u00e4n eli sunnuntain aattona) toimitettava jumalanpalvelus, joka koostuu ehtoopalveluksesta, aamupalveluksesta ja ensimm\u00e4isest\u00e4 hetkest\u00e4. Vigilia kest\u00e4\u00e4 noin kaksi tuntia. Jos aamupalvelukseen sis\u00e4ltyy polyeleo ja kirkkokansaa on paljon, kesto voi olla pidempikin. Mik\u00e4li joku kirkkovuoden juhla halutaan huomioida jumalanpalvelusj\u00e4rjestyksess\u00e4 viel\u00e4 paremmin, niin vigilian sijaan voidaan toimittaa ns. koko\u00f6inen&hellip; <a class=\"continue\" href=\"https:\/\/ort.fi\/turku\/vigilia\/\">Continue Reading<span> Vigilia<\/span><\/a><\/p>\n","protected":false},"author":5,"featured_media":0,"parent":0,"menu_order":0,"comment_status":"closed","ping_status":"closed","template":"","meta":{"slim_seo":{"title":"Vigilia - Turun ortodoksinen seurakunta","description":"Vigilia on juhlap\u00e4ivien aattona ja usein my\u00f6s lauantaisin (yl\u00f6snousemuksen muistop\u00e4iv\u00e4n eli sunnuntain aattona) toimitettava jumalanpalvelus, joka koostuu ehtoo"},"footnotes":""},"class_list":["post-633","page","type-page","status-publish"],"_links":{"self":[{"href":"https:\/\/ort.fi\/turku\/wp-json\/wp\/v2\/pages\/633","targetHints":{"allow":["GET"]}}],"collection":[{"href":"https:\/\/ort.fi\/turku\/wp-json\/wp\/v2\/pages"}],"about":[{"href":"https:\/\/ort.fi\/turku\/wp-json\/wp\/v2\/types\/page"}],"author":[{"embeddable":true,"href":"https:\/\/ort.fi\/turku\/wp-json\/wp\/v2\/users\/5"}],"replies":[{"embeddable":true,"href":"https:\/\/ort.fi\/turku\/wp-json\/wp\/v2\/comments?post=633"}],"version-history":[{"count":0,"href":"https:\/\/ort.fi\/turku\/wp-json\/wp\/v2\/pages\/633\/revisions"}],"wp:attachment":[{"href":"https:\/\/ort.fi\/turku\/wp-json\/wp\/v2\/media?parent=633"}],"curies":[{"name":"wp","href":"https:\/\/api.w.org\/{rel}","templated":true}]}}