{"id":629,"date":"2024-05-11T08:35:06","date_gmt":"2024-05-11T05:35:06","guid":{"rendered":"https:\/\/ort.fi\/ortturkusrk\/?page_id=629"},"modified":"2025-06-27T10:14:27","modified_gmt":"2025-06-27T07:14:27","slug":"aamupalvelus","status":"publish","type":"page","link":"https:\/\/ort.fi\/turku\/aamupalvelus\/","title":{"rendered":"Aamupalvelus"},"content":{"rendered":"\n<p style=\"font-size:17px\"><\/p>\n\n\n\n<div class=\"wp-block-columns is-layout-flex wp-container-core-columns-is-layout-9d6595d7 wp-block-columns-is-layout-flex\">\n<div class=\"wp-block-column is-layout-flow wp-block-column-is-layout-flow\">\n<p style=\"font-size:17px\">Aamupalveluksen sis\u00e4lt\u00f6 kertoo Uuden testamentin tapahtumista ja Kristuksen yl\u00f6snousemuksesta. Aamupalvelus voidaan toimittaa joko aamulla tai illalla vigilian osana eli yhdistettyn\u00e4 ehtoopalvelukseen. Turun seurakunnassa ehtoopalvelus ja aamupalvelus toimitetaan vigiliana s\u00e4\u00e4nn\u00f6llisesti lauantaisin klo 17.<\/p>\n\n\n\n<p style=\"font-size:17px\">Juhlap\u00e4ivien aamupalvelukseen sis\u00e4ltyy erityinen osio, jonka nimi on polyeleo. Sen toimittamisen ajan papisto seisoo kirkon keskiosassa.<\/p>\n\n\n\n<p style=\"font-size:17px\">Aamupalvelus kest\u00e4\u00e4 noin tunnin.<\/p>\n<\/div>\n\n\n\n<div class=\"wp-block-column is-layout-flow wp-block-column-is-layout-flow\"><div class=\"wp-block-image\">\n<figure class=\"aligncenter size-large\"><img loading=\"lazy\" decoding=\"async\" width=\"1024\" height=\"678\" src=\"https:\/\/ort.fi\/ortturkusrk\/wp-content\/uploads\/2024\/12\/DSC_4461-1024x678.jpg\" alt=\"\" class=\"wp-image-3671\" srcset=\"https:\/\/ort.fi\/turku\/wp-content\/uploads\/2024\/12\/DSC_4461-1024x678.jpg 1024w, https:\/\/ort.fi\/turku\/wp-content\/uploads\/2024\/12\/DSC_4461-300x199.jpg 300w, https:\/\/ort.fi\/turku\/wp-content\/uploads\/2024\/12\/DSC_4461-768x509.jpg 768w, https:\/\/ort.fi\/turku\/wp-content\/uploads\/2024\/12\/DSC_4461-1536x1017.jpg 1536w, https:\/\/ort.fi\/turku\/wp-content\/uploads\/2024\/12\/DSC_4461-2048x1356.jpg 2048w\" sizes=\"auto, (max-width: 1024px) 100vw, 1024px\" \/><figcaption class=\"wp-element-caption\"><em>Aleksandran kirkon ikkuna ja k\u00e4spaikka Tekij\u00e4: Jonathan Guillaume<\/em><\/figcaption><\/figure>\n<\/div><\/div>\n<\/div>\n","protected":false},"excerpt":{"rendered":"<p>Aamupalveluksen sis\u00e4lt\u00f6 kertoo Uuden testamentin tapahtumista ja Kristuksen yl\u00f6snousemuksesta. Aamupalvelus voidaan toimittaa joko aamulla tai illalla vigilian osana eli yhdistettyn\u00e4 ehtoopalvelukseen. Turun seurakunnassa ehtoopalvelus ja aamupalvelus toimitetaan vigiliana s\u00e4\u00e4nn\u00f6llisesti lauantaisin klo 17. Juhlap\u00e4ivien aamupalvelukseen sis\u00e4ltyy erityinen osio, jonka nimi on polyeleo. Sen toimittamisen ajan papisto seisoo kirkon keskiosassa. Aamupalvelus kest\u00e4\u00e4 noin tunnin.<\/p>\n","protected":false},"author":5,"featured_media":0,"parent":0,"menu_order":0,"comment_status":"closed","ping_status":"closed","template":"","meta":{"slim_seo":{"title":"Aamupalvelus - Turun ortodoksinen seurakunta","description":"Aamupalveluksen sis\u00e4lt\u00f6 kertoo Uuden testamentin tapahtumista ja Kristuksen yl\u00f6snousemuksesta. Aamupalvelus voidaan toimittaa joko aamulla tai illalla vigilian"},"footnotes":""},"class_list":["post-629","page","type-page","status-publish"],"_links":{"self":[{"href":"https:\/\/ort.fi\/turku\/wp-json\/wp\/v2\/pages\/629","targetHints":{"allow":["GET"]}}],"collection":[{"href":"https:\/\/ort.fi\/turku\/wp-json\/wp\/v2\/pages"}],"about":[{"href":"https:\/\/ort.fi\/turku\/wp-json\/wp\/v2\/types\/page"}],"author":[{"embeddable":true,"href":"https:\/\/ort.fi\/turku\/wp-json\/wp\/v2\/users\/5"}],"replies":[{"embeddable":true,"href":"https:\/\/ort.fi\/turku\/wp-json\/wp\/v2\/comments?post=629"}],"version-history":[{"count":1,"href":"https:\/\/ort.fi\/turku\/wp-json\/wp\/v2\/pages\/629\/revisions"}],"predecessor-version":[{"id":6897,"href":"https:\/\/ort.fi\/turku\/wp-json\/wp\/v2\/pages\/629\/revisions\/6897"}],"wp:attachment":[{"href":"https:\/\/ort.fi\/turku\/wp-json\/wp\/v2\/media?parent=629"}],"curies":[{"name":"wp","href":"https:\/\/api.w.org\/{rel}","templated":true}]}}