{"id":625,"date":"2024-05-11T08:34:12","date_gmt":"2024-05-11T05:34:12","guid":{"rendered":"https:\/\/ort.fi\/ortturkusrk\/?page_id=625"},"modified":"2024-12-16T18:48:22","modified_gmt":"2024-12-16T16:48:22","slug":"ehtoopalvelus","status":"publish","type":"page","link":"https:\/\/ort.fi\/turku\/ehtoopalvelus\/","title":{"rendered":"Ehtoopalvelus"},"content":{"rendered":"<div class=\"wp-block-image\">\n<figure class=\"alignright size-large is-resized\"><img loading=\"lazy\" decoding=\"async\" width=\"1024\" height=\"679\" src=\"https:\/\/ort.fi\/ortturkusrk\/wp-content\/uploads\/2024\/11\/IMG_20241125_0002-1024x679.jpg\" alt=\"\" class=\"wp-image-2851\" style=\"width:448px;height:auto\" srcset=\"https:\/\/ort.fi\/turku\/wp-content\/uploads\/2024\/11\/IMG_20241125_0002-1024x679.jpg 1024w, https:\/\/ort.fi\/turku\/wp-content\/uploads\/2024\/11\/IMG_20241125_0002-300x199.jpg 300w, https:\/\/ort.fi\/turku\/wp-content\/uploads\/2024\/11\/IMG_20241125_0002-768x509.jpg 768w, https:\/\/ort.fi\/turku\/wp-content\/uploads\/2024\/11\/IMG_20241125_0002-1536x1019.jpg 1536w, https:\/\/ort.fi\/turku\/wp-content\/uploads\/2024\/11\/IMG_20241125_0002-2048x1359.jpg 2048w\" sizes=\"auto, (max-width: 1024px) 100vw, 1024px\" \/><figcaption class=\"wp-element-caption\"><em>Suitsutusastia, kuva: Jonathan Guillaume<\/em><\/figcaption><\/figure>\n<\/div>\n\n\n<p>Kirkollinen vuorokausi alkaa illasta, joten ehtoopalvelus aloittaa uuden liturgisen vuorokauden. Ehtoopalvelus kertoo Jumalan luomisty\u00f6st\u00e4, ihmiskunnan lankeemuksesta ja Vapahtajan lunastusty\u00f6n alkamisesta. Koska ehtoopalvelus liittyy osaksi seuraavaa vuorokautta, niin jumalanpalveluksen vaihtuvissa tekstiosissa kuullaan jo seuraavan p\u00e4iv\u00e4n sis\u00e4lt\u00f6\u00f6n liittyvi\u00e4 tekstej\u00e4.<\/p>\n\n\n\n<p style=\"font-size:17px\">Noin 45 minuuttia kest\u00e4v\u00e4 ehtoopalvelus toimitetaan muutamia kirkkovuoden jumalanpalveluskiertoon kuuluvia poikkeuksia lukuun ottamatta iltaisin \u2013 Turun ortodoksisessa seurakunnassa p\u00e4\u00e4s\u00e4\u00e4nt\u00f6isesti keskiviikkoisin kello 17. Ehtoopalvelus voidaan yhdist\u00e4\u00e4 my\u00f6s aamupalvelukseen. T\u00e4t\u00e4 yhdistelm\u00e4\u00e4 kutsutaan vigiliaksi. Turun seurakunnassa toimitetaan lauantai-iltaisin ja juhlapyhin\u00e4 klo 17 p\u00e4\u00e4s\u00e4\u00e4nt\u00f6isesti nimenomaan vigilia.<\/p>\n\n\n\n<p>Ehtoopalvelusta ei pid\u00e4 sekoittaa ehtoollisjumalanpalvelukseen eli liturgiaan, joka toimitetaan Turun seurakunnassa s\u00e4\u00e4nn\u00f6llisesti sunnuntaisin ja juhlap\u00e4ivisin kello 10.<\/p>\n\n\n\n<p><\/p>\n","protected":false},"excerpt":{"rendered":"<p>Kirkollinen vuorokausi alkaa illasta, joten ehtoopalvelus aloittaa uuden liturgisen vuorokauden. Ehtoopalvelus kertoo Jumalan luomisty\u00f6st\u00e4, ihmiskunnan lankeemuksesta ja Vapahtajan lunastusty\u00f6n alkamisesta. Koska ehtoopalvelus liittyy osaksi seuraavaa vuorokautta, niin jumalanpalveluksen vaihtuvissa tekstiosissa kuullaan jo seuraavan p\u00e4iv\u00e4n sis\u00e4lt\u00f6\u00f6n liittyvi\u00e4 tekstej\u00e4. Noin 45 minuuttia kest\u00e4v\u00e4 ehtoopalvelus toimitetaan muutamia kirkkovuoden jumalanpalveluskiertoon kuuluvia poikkeuksia lukuun ottamatta iltaisin \u2013 Turun ortodoksisessa seurakunnassa&hellip; <a class=\"continue\" href=\"https:\/\/ort.fi\/turku\/ehtoopalvelus\/\">Continue Reading<span> Ehtoopalvelus<\/span><\/a><\/p>\n","protected":false},"author":5,"featured_media":0,"parent":0,"menu_order":0,"comment_status":"closed","ping_status":"closed","template":"","meta":{"slim_seo":{"title":"Ehtoopalvelus - Turun ortodoksinen seurakunta","description":"Kirkollinen vuorokausi alkaa illasta, joten ehtoopalvelus aloittaa uuden liturgisen vuorokauden. Ehtoopalvelus kertoo Jumalan luomisty\u00f6st\u00e4, ihmiskunnan lankeemu"},"footnotes":""},"class_list":["post-625","page","type-page","status-publish"],"_links":{"self":[{"href":"https:\/\/ort.fi\/turku\/wp-json\/wp\/v2\/pages\/625","targetHints":{"allow":["GET"]}}],"collection":[{"href":"https:\/\/ort.fi\/turku\/wp-json\/wp\/v2\/pages"}],"about":[{"href":"https:\/\/ort.fi\/turku\/wp-json\/wp\/v2\/types\/page"}],"author":[{"embeddable":true,"href":"https:\/\/ort.fi\/turku\/wp-json\/wp\/v2\/users\/5"}],"replies":[{"embeddable":true,"href":"https:\/\/ort.fi\/turku\/wp-json\/wp\/v2\/comments?post=625"}],"version-history":[{"count":0,"href":"https:\/\/ort.fi\/turku\/wp-json\/wp\/v2\/pages\/625\/revisions"}],"wp:attachment":[{"href":"https:\/\/ort.fi\/turku\/wp-json\/wp\/v2\/media?parent=625"}],"curies":[{"name":"wp","href":"https:\/\/api.w.org\/{rel}","templated":true}]}}