{"id":6185,"date":"2025-06-08T14:02:57","date_gmt":"2025-06-08T11:02:57","guid":{"rendered":"https:\/\/ort.fi\/turku\/?page_id=6185"},"modified":"2025-11-20T10:50:16","modified_gmt":"2025-11-20T08:50:16","slug":"minustako-ortodoksi-14-19-vuotiaille","status":"publish","type":"page","link":"https:\/\/ort.fi\/turku\/minustako-ortodoksi-14-19-vuotiaille\/","title":{"rendered":"Minustako ortodoksi? &#8211; opetusta 14 &#8211; 19 -vuotiaille"},"content":{"rendered":"\n<p>Hei sin\u00e4 14-19 -vuotias nuori! Oletko kiinnostunut ortodoksisesta kirkosta ja el\u00e4m\u00e4st\u00e4? Haluatko oppia lis\u00e4\u00e4?<\/p>\n\n\n\n<p>Tule mukaan Turun ortodoksisen seurakunnan kurssille, jossa tutustutaan yhdess\u00e4 muiden nuorten kanssa ortodoksiseen kirkkoon ja sen el\u00e4m\u00e4\u00e4n.<\/p>\n\n\n\n<p>Kurssi alkoi syksyll\u00e4, mutta mukaan voi hyp\u00e4t\u00e4 my\u00f6s kev\u00e4\u00e4ll\u00e4. Kev\u00e4tkausi alkaa maanantaina 12.1. klo 17 seurakuntatalolla. Olemme vastassa alaovella.&nbsp;Kurssi pidet\u00e4\u00e4n kerran kuussa maanantai-iltaisin klo 17: <strong>12.1., 9.2., 2.3., 13.4. ja 11.5.<\/strong><\/p>\n\n\n\n<p>Kurssille osallistuminen ei velvoita sinua mihink\u00e4\u00e4n.<\/p>\n\n\n\n<p>Tule mukaan omista l\u00e4ht\u00f6kohdistasi ja sellaisena kuin olet! Noudatamme ONL:n turvallisen tilan periaatteita<\/p>\n\n\n\n<p style=\"font-size:17px\">Kurssin opettajana toimivat TM Henri Hane ja FM Jyri Luonila yhdess\u00e4 seurakunnan papiston kanssa.<\/p>\n\n\n\n<p>Ilmoittaudu lomakkeen kautta: <a href=\"https:\/\/forms.gle\/gMbxeSRZmHt74Jg46\" target=\"_blank\" rel=\"noreferrer noopener\">https:\/\/forms.gle\/gMbxeSRZmHt74Jg46<\/a><\/p>\n\n\n\n<p>Tule mukaan omista l\u00e4ht\u00f6kohdistasi ja sellaisena kuin olet! Noudatamme <a href=\"https:\/\/onl.fi\/osaanko-ottaa-toiset-huomioon-ortodoksisessa-toiminnassa-turvallisemman-tilan-periaatteet-auttavat-onnistumaan\/\" target=\"_blank\" rel=\"noreferrer noopener\">ONL:n turvallisen tilan periaatteita<\/a><\/p>\n\n\n\n<p>Jos olet alaik\u00e4inen, tarvitsemme huoltajan yhteystiedot ja suostumuksen. (Ilmoita yhteystiedot lomakkeeseen.)<br>Lis\u00e4tietoja: is\u00e4 Ioannis Lampropoulos (050 357 3675)<\/p>\n\n\n\n<iframe width='1200' height='650' frameborder='0' scrolling='auto'\nmarginheight='0' marginwidth='0' style=\".otsikko {font-size: large;}\"\nsrc='https:\/\/www.mvsoy.fi\/data\/ort\/turku\/lehteen\/tapahtumat.phtml?hakualue%5B%5D=Nuorten katekumeeniopetus'><\/iframe>\n","protected":false},"excerpt":{"rendered":"<p>Hei sin\u00e4 14-19 -vuotias nuori! Oletko kiinnostunut ortodoksisesta kirkosta ja el\u00e4m\u00e4st\u00e4? Haluatko oppia lis\u00e4\u00e4? Tule mukaan Turun ortodoksisen seurakunnan kurssille, jossa tutustutaan yhdess\u00e4 muiden nuorten kanssa ortodoksiseen kirkkoon ja sen el\u00e4m\u00e4\u00e4n. Kurssi alkoi syksyll\u00e4, mutta mukaan voi hyp\u00e4t\u00e4 my\u00f6s kev\u00e4\u00e4ll\u00e4. Kev\u00e4tkausi alkaa maanantaina 12.1. klo 17 seurakuntatalolla. Olemme vastassa alaovella.&nbsp;Kurssi pidet\u00e4\u00e4n kerran kuussa maanantai-iltaisin klo&hellip; <a class=\"continue\" href=\"https:\/\/ort.fi\/turku\/minustako-ortodoksi-14-19-vuotiaille\/\">Continue Reading<span> Minustako ortodoksi? &#8211; opetusta 14 &#8211; 19 -vuotiaille<\/span><\/a><\/p>\n","protected":false},"author":5,"featured_media":0,"parent":0,"menu_order":0,"comment_status":"closed","ping_status":"closed","template":"","meta":{"slim_seo":{"title":"Minustako ortodoksi? - opetusta 14 - 19 -vuotiaille - Turun ortodoksinen seurakunta","description":"Hei sin\u00e4 14-19 -vuotias nuori! Oletko kiinnostunut ortodoksisesta kirkosta ja el\u00e4m\u00e4st\u00e4? Haluatko oppia lis\u00e4\u00e4? Tule mukaan Turun ortodoksisen seurakunnan kurssil"},"footnotes":""},"class_list":["post-6185","page","type-page","status-publish"],"_links":{"self":[{"href":"https:\/\/ort.fi\/turku\/wp-json\/wp\/v2\/pages\/6185","targetHints":{"allow":["GET"]}}],"collection":[{"href":"https:\/\/ort.fi\/turku\/wp-json\/wp\/v2\/pages"}],"about":[{"href":"https:\/\/ort.fi\/turku\/wp-json\/wp\/v2\/types\/page"}],"author":[{"embeddable":true,"href":"https:\/\/ort.fi\/turku\/wp-json\/wp\/v2\/users\/5"}],"replies":[{"embeddable":true,"href":"https:\/\/ort.fi\/turku\/wp-json\/wp\/v2\/comments?post=6185"}],"version-history":[{"count":4,"href":"https:\/\/ort.fi\/turku\/wp-json\/wp\/v2\/pages\/6185\/revisions"}],"predecessor-version":[{"id":8731,"href":"https:\/\/ort.fi\/turku\/wp-json\/wp\/v2\/pages\/6185\/revisions\/8731"}],"wp:attachment":[{"href":"https:\/\/ort.fi\/turku\/wp-json\/wp\/v2\/media?parent=6185"}],"curies":[{"name":"wp","href":"https:\/\/api.w.org\/{rel}","templated":true}]}}