{"id":5215,"date":"2025-02-08T13:48:36","date_gmt":"2025-02-08T11:48:36","guid":{"rendered":"https:\/\/ort.fi\/turku\/?page_id=5215"},"modified":"2026-01-13T15:40:21","modified_gmt":"2026-01-13T13:40:21","slug":"gudstjanster-pa-svenska","status":"publish","type":"page","link":"https:\/\/ort.fi\/turku\/gudstjanster-pa-svenska\/","title":{"rendered":"Gudstj\u00e4nster p\u00e5 svenska"},"content":{"rendered":"\n<p class=\"has-medium-font-size\"><strong>I \u00c5bo (Universitetsgatan 19):<\/strong><br>L\u00f6 14.2. kl 10.00 liturgi<\/p>\n\n\n\n<p class=\"has-medium-font-size\"><strong>I Mariehamn (Margaretag\u00e5rden, M\u00e5sv\u00e4gen 4): <\/strong><br>L\u00f6 21.2. kl 10.00 liturgi<br>S\u00f6 26.4. kl 10.00 liturgi<br>S\u00f6 28.6. kl 10.00 liturgi<\/p>\n\n\n\n<p class=\"has-medium-font-size\"><strong>I Sund (Sunds kyrka, Norra Sundsv\u00e4gen 235) <\/strong><\/p>\n\n\n\n<p class=\"has-medium-font-size\">Fre 20.2. kl 19.00 Allm\u00e4n panihida (minnesgudstj\u00e4nst) <\/p>\n\n\n\n<p><\/p>\n","protected":false},"excerpt":{"rendered":"<p>I \u00c5bo (Universitetsgatan 19):L\u00f6 14.2. kl 10.00 liturgi I Mariehamn (Margaretag\u00e5rden, M\u00e5sv\u00e4gen 4): L\u00f6 21.2. kl 10.00 liturgiS\u00f6 26.4. kl 10.00 liturgiS\u00f6 28.6. kl 10.00 liturgi I Sund (Sunds kyrka, Norra Sundsv\u00e4gen 235) Fre 20.2. kl 19.00 Allm\u00e4n panihida (minnesgudstj\u00e4nst)<\/p>\n","protected":false},"author":5,"featured_media":0,"parent":0,"menu_order":0,"comment_status":"closed","ping_status":"closed","template":"","meta":{"slim_seo":{"title":"Gudstj\u00e4nster p\u00e5 svenska - Turun ortodoksinen seurakunta","description":"I \u00c5bo (Universitetsgatan 19): L\u00f6 14.2. kl 10.00 liturgi I Mariehamn (Margaretag\u00e5rden, M\u00e5sv\u00e4gen 4): L\u00f6 21.2. kl 10.00 liturgi S\u00f6 26.4. kl 10.00 liturgi S\u00f6 28.6."},"footnotes":""},"class_list":["post-5215","page","type-page","status-publish"],"_links":{"self":[{"href":"https:\/\/ort.fi\/turku\/wp-json\/wp\/v2\/pages\/5215","targetHints":{"allow":["GET"]}}],"collection":[{"href":"https:\/\/ort.fi\/turku\/wp-json\/wp\/v2\/pages"}],"about":[{"href":"https:\/\/ort.fi\/turku\/wp-json\/wp\/v2\/types\/page"}],"author":[{"embeddable":true,"href":"https:\/\/ort.fi\/turku\/wp-json\/wp\/v2\/users\/5"}],"replies":[{"embeddable":true,"href":"https:\/\/ort.fi\/turku\/wp-json\/wp\/v2\/comments?post=5215"}],"version-history":[{"count":3,"href":"https:\/\/ort.fi\/turku\/wp-json\/wp\/v2\/pages\/5215\/revisions"}],"predecessor-version":[{"id":9599,"href":"https:\/\/ort.fi\/turku\/wp-json\/wp\/v2\/pages\/5215\/revisions\/9599"}],"wp:attachment":[{"href":"https:\/\/ort.fi\/turku\/wp-json\/wp\/v2\/media?parent=5215"}],"curies":[{"name":"wp","href":"https:\/\/api.w.org\/{rel}","templated":true}]}}