{"id":5199,"date":"2025-02-08T11:58:42","date_gmt":"2025-02-08T09:58:42","guid":{"rendered":"https:\/\/ort.fi\/turku\/?page_id=5199"},"modified":"2025-12-11T13:36:31","modified_gmt":"2025-12-11T11:36:31","slug":"%ce%b8%ce%b5%ce%af%ce%b1-%ce%bb%ce%b5%ce%b9%cf%84%ce%bf%cf%85%cf%81%ce%b3%ce%af%ce%b1-%cf%83%cf%84%ce%b1-%ce%b5%ce%bb%ce%bb%ce%b7%ce%bd%ce%b9%ce%ba%ce%ac","status":"publish","type":"page","link":"https:\/\/ort.fi\/turku\/%ce%b8%ce%b5%ce%af%ce%b1-%ce%bb%ce%b5%ce%b9%cf%84%ce%bf%cf%85%cf%81%ce%b3%ce%af%ce%b1-%cf%83%cf%84%ce%b1-%ce%b5%ce%bb%ce%bb%ce%b7%ce%bd%ce%b9%ce%ba%ce%ac\/","title":{"rendered":"\u0398\u03b5\u03af\u03b1 \u039b\u03b5\u03b9\u03c4\u03bf\u03c5\u03c1\u03b3\u03af\u03b1 \u03c3\u03c4\u03b1 \u03b5\u03bb\u03bb\u03b7\u03bd\u03b9\u03ba\u03ac"},"content":{"rendered":"\n<h5 class=\"wp-block-heading has-medium-font-size\"><strong>\u0397 \u0395\u03ba\u03ba\u03bb\u03b7\u03c3\u03af\u03b1 \u03c4\u03b7\u03c2 \u0391\u03b3\u03af\u03b1\u03c2 \u0391\u03bb\u03b5\u03be\u03ac\u03bd\u03b4\u03c1\u03b1\u03c2 (Yliopistonkatu 19)<\/strong><\/h5>\n\n\n\n<p class=\"has-medium-font-size\">\u03a3\u03ac\u03b2\u03b2\u03b1\u03c4\u03bf 28.2. \u03ce\u03c1\u03b1 10 \u03c0.\u03bc.<\/p>\n\n\n\n<p class=\"has-medium-font-size\"><\/p>\n\n\n\n<p class=\"has-medium-font-size\"><strong>Mariehamn, Margaretag\u00e5rden, M\u00e5sv\u00e4gen 4: <\/strong><br>\u039a\u03c5\u03c1\u03b9\u03b1\u03ba\u03ae <strong>14.12<\/strong>. \u03ce\u03c1\u03b1 10 \u03c0.\u03bc. (\u03a1\u03bf\u03c5\u03bc\u03ac\u03bd\u03b9\u03ba\u03b1, \u03c3\u03bb\u03b1\u03b2\u03bf\u03bd\u03b9\u03ba\u03ac, \u03ba\u03b1\u03b9 \u03c3\u03bf\u03c5\u03b7\u03b4\u03b9\u03ba\u03ac)<\/p>\n\n\n\n<p class=\"has-medium-font-size\"><\/p>\n\n\n\n<p><\/p>\n","protected":false},"excerpt":{"rendered":"<p>\u0397 \u0395\u03ba\u03ba\u03bb\u03b7\u03c3\u03af\u03b1 \u03c4\u03b7\u03c2 \u0391\u03b3\u03af\u03b1\u03c2 \u0391\u03bb\u03b5\u03be\u03ac\u03bd\u03b4\u03c1\u03b1\u03c2 (Yliopistonkatu 19) \u03a3\u03ac\u03b2\u03b2\u03b1\u03c4\u03bf 28.2. \u03ce\u03c1\u03b1 10 \u03c0.\u03bc. Mariehamn, Margaretag\u00e5rden, M\u00e5sv\u00e4gen 4: \u039a\u03c5\u03c1\u03b9\u03b1\u03ba\u03ae 14.12. \u03ce\u03c1\u03b1 10 \u03c0.\u03bc. (\u03a1\u03bf\u03c5\u03bc\u03ac\u03bd\u03b9\u03ba\u03b1, \u03c3\u03bb\u03b1\u03b2\u03bf\u03bd\u03b9\u03ba\u03ac, \u03ba\u03b1\u03b9 \u03c3\u03bf\u03c5\u03b7\u03b4\u03b9\u03ba\u03ac)<\/p>\n","protected":false},"author":3,"featured_media":0,"parent":0,"menu_order":0,"comment_status":"closed","ping_status":"closed","template":"","meta":{"slim_seo":{"title":"\u0398\u03b5\u03af\u03b1 \u039b\u03b5\u03b9\u03c4\u03bf\u03c5\u03c1\u03b3\u03af\u03b1 \u03c3\u03c4\u03b1 \u03b5\u03bb\u03bb\u03b7\u03bd\u03b9\u03ba\u03ac - Turun ortodoksinen seurakunta","description":"\u0397 \u0395\u03ba\u03ba\u03bb\u03b7\u03c3\u03af\u03b1 \u03c4\u03b7\u03c2 \u0391\u03b3\u03af\u03b1\u03c2 \u0391\u03bb\u03b5\u03be\u03ac\u03bd\u03b4\u03c1\u03b1\u03c2 (Yliopistonkatu 19) \u03a3\u03ac\u03b2\u03b2\u03b1\u03c4\u03bf 28.2. \u03ce\u03c1\u03b1 10 \u03c0.\u03bc. Mariehamn, Margaretag\u00e5rden, M\u00e5sv\u00e4gen 4: \u039a\u03c5\u03c1\u03b9\u03b1\u03ba\u03ae 14.12 . \u03ce\u03c1\u03b1 10 \u03c0.\u03bc. (\u03a1\u03bf\u03c5\u03bc\u03ac\u03bd\u03b9\u03ba\u03b1, \u03c3\u03bb"},"footnotes":""},"class_list":["post-5199","page","type-page","status-publish"],"_links":{"self":[{"href":"https:\/\/ort.fi\/turku\/wp-json\/wp\/v2\/pages\/5199","targetHints":{"allow":["GET"]}}],"collection":[{"href":"https:\/\/ort.fi\/turku\/wp-json\/wp\/v2\/pages"}],"about":[{"href":"https:\/\/ort.fi\/turku\/wp-json\/wp\/v2\/types\/page"}],"author":[{"embeddable":true,"href":"https:\/\/ort.fi\/turku\/wp-json\/wp\/v2\/users\/3"}],"replies":[{"embeddable":true,"href":"https:\/\/ort.fi\/turku\/wp-json\/wp\/v2\/comments?post=5199"}],"version-history":[{"count":1,"href":"https:\/\/ort.fi\/turku\/wp-json\/wp\/v2\/pages\/5199\/revisions"}],"predecessor-version":[{"id":9247,"href":"https:\/\/ort.fi\/turku\/wp-json\/wp\/v2\/pages\/5199\/revisions\/9247"}],"wp:attachment":[{"href":"https:\/\/ort.fi\/turku\/wp-json\/wp\/v2\/media?parent=5199"}],"curies":[{"name":"wp","href":"https:\/\/api.w.org\/{rel}","templated":true}]}}