{"id":5,"date":"2024-03-07T17:23:22","date_gmt":"2024-03-07T15:23:22","guid":{"rendered":"https:\/\/ort.fi\/ortturkusrk\/?page_id=3"},"modified":"2025-02-02T16:22:37","modified_gmt":"2025-02-02T14:22:37","slug":"tietosuojaseloste","status":"publish","type":"page","link":"https:\/\/ort.fi\/turku\/tietosuojaseloste\/","title":{"rendered":"Tietosuoja"},"content":{"rendered":"\n<p class=\"has-medium-font-size\">Seurakunta kunnioittaa ja on sitoutunut suojaamaan jokaisen seurakuntalaisen yksityisyytt\u00e4. Tietosuojaselosteessa kerrotaan miten ja miksi seurakunta ker\u00e4\u00e4 ja k\u00e4ytt\u00e4\u00e4 henkil\u00f6tietoja. Seurakunta k\u00e4sittelee henkil\u00f6tietoja kulloinkin voimassa olevan henkil\u00f6tietolains\u00e4\u00e4d\u00e4nn\u00f6n mukaisesti.<\/p>\n\n\n\n<h5 class=\"wp-block-heading has-text-align-center\"><strong><em>Kuka voi tarkistaa omat tietonsa ja miten se tapahtuu?<\/em><\/strong><\/h5>\n\n\n\n<p class=\"has-medium-font-size\">Seurakunnan rekister\u00f6idyll\u00e4 j\u00e4senell\u00e4 on mahdollisuus tarkastaa omat tietonsa veloituksetta Turun ortodoksisen seurakunnan ja Suomen ortodoksisen kirkon rekistereist\u00e4 kerran vuodessa. Mik\u00e4li rekister\u00f6ity haluaa tarkastaa tietonsa useammin kuin kerran vuodessa, tietojen luovutuksesta perit\u00e4\u00e4n tuntiveloituksen mukainen korvaus. Tarkastuspyynt\u00f6\u00e4 ei voi tehd\u00e4 s\u00e4hk\u00f6postin tai puhelimen v\u00e4lityksell\u00e4. <\/p>\n\n\n\n<p class=\"has-medium-font-size\">Tarkastuspyynt\u00f6 tehd\u00e4\u00e4n rekisteritietojen tarkastuspyynt\u00f6lomakkeella: <a href=\"https:\/\/ort.fi\/ortturkusrk\/wp-content\/uploads\/2024\/12\/Rekisteritietojen_tarkastuspyynto.pdf\">Rekisteritietojen tarkastuspyynt\u00f6lomake<\/a> Pdf-lomake tulostetaan ja palautetaan t\u00e4ytettyn\u00e4 ja allekirjoitettuna osoitteeseen: Turun ortodoksinen seurakunta Yliopistonkatu 19 B 3 20100 Turku <\/p>\n\n\n\n<p class=\"has-medium-font-size\">Lis\u00e4tietoa tietosuojaan liittyviss\u00e4 kysymyksiss\u00e4 antaa seurakunnan virasto, kirkkoherra tai Suomen ortodoksisen kirkon tietosuojavastaava Annaleea Kemppainen, annaleea.kemppainen@ort.fi, puh. 040 865 1937.<\/p>\n\n\n\n<h5 class=\"wp-block-heading\"><strong>Tietosuojaselosteet<\/strong><\/h5>\n\n\n\n<ul class=\"wp-block-list\">\n<li class=\"has-medium-font-size\"><a href=\"https:\/\/ort.fi\/turku\/wp-content\/uploads\/2024\/12\/Tietosuojaseloste_diakonia.pdf\">Diakonian asiakasrekisteri<\/a><\/li>\n\n\n\n<li class=\"has-medium-font-size\"><a href=\"https:\/\/ort.fi\/turku\/wp-content\/uploads\/2024\/12\/Tietosuojaseloste_hallinon_hr_talous-1.pdf\">Hallinnon rekisteri (HR ja Talous)<\/a><\/li>\n\n\n\n<li class=\"has-medium-font-size\"><a href=\"https:\/\/ort.fi\/turku\/wp-content\/uploads\/2024\/12\/Tietosuojaseloste-rekisteroidyn-informointi-Prime-HRJ-2024.pdf\">Hautatoimen rekisteri (Prime)<\/a><\/li>\n\n\n\n<li class=\"has-medium-font-size\"><a href=\"https:\/\/ort.fi\/turku\/wp-content\/uploads\/2024\/12\/Tietosuojaseloste_IT.pdf\">IT:n rekisteri<\/a><\/li>\n\n\n\n<li class=\"has-medium-font-size\"><a href=\"https:\/\/ort.fi\/turku\/wp-content\/uploads\/2024\/12\/Tietosuojaseloste-rekisteroidyn-informointi-Eden-2024.pdf\">J\u00e4sentietojen rekisteri (Eden)<\/a><\/li>\n\n\n\n<li class=\"has-medium-font-size\"><a href=\"https:\/\/ort.fi\/turku\/wp-content\/uploads\/2024\/12\/Tietosuojaseloste_kamervalvonta.pdf\">Kameravalvonnan rekisteri<\/a><\/li>\n\n\n\n<li class=\"has-medium-font-size\"><a href=\"https:\/\/ort.fi\/turku\/wp-content\/uploads\/2024\/12\/Tietosuojaseloste_katrina_kalenteri.pdf\">Katrina-kalenterin rekisteri<\/a><\/li>\n\n\n\n<li class=\"has-medium-font-size\"><a href=\"https:\/\/ort.fi\/turku\/wp-content\/uploads\/2024\/12\/Tietosuojaseloste_leiri_ja_matkaosallistujat-3.pdf\">Leiri- ja matkaosallistujien rekisteri<\/a><\/li>\n\n\n\n<li class=\"has-medium-font-size\"><a href=\"https:\/\/ort.fi\/turku\/wp-content\/uploads\/2024\/12\/TKU_ort_srk_paatearkiston_tutkijarekisteri_kuvaus.pdf\">P\u00e4\u00e4tearkiston tutkijarekisteri<\/a><\/li>\n\n\n\n<li class=\"has-medium-font-size\"><a href=\"https:\/\/ort.fi\/turku\/wp-content\/uploads\/2024\/12\/Tietosuojaseloste_ilmoittautuminen_srk_toimintaan-1.docx\">Rekisteri ilmoittautumisesta seurakunnan toimintaan<\/a><\/li>\n\n\n\n<li class=\"has-medium-font-size\"><a href=\"https:\/\/ort.fi\/turku\/wp-content\/uploads\/2024\/12\/Tietosuojaseloste_seurakunnan_hallinto.pdf\">Seurakunnan hallinnon ja luottamushenkil\u00f6iden rekisteri<\/a><\/li>\n\n\n\n<li class=\"has-medium-font-size\"><a href=\"https:\/\/ort.fi\/turku\/wp-content\/uploads\/2024\/12\/Tietosuojaseloste_vapaaehtoiset_ja-_toimintapiirit-1.pdf\">Vapaaehtoistoiminnan ja toimintapiirien rekisteri<\/a><\/li>\n\n\n\n<li class=\"has-medium-font-size\">Viestinn\u00e4n tietosuojaseloste (TULOSSA)<\/li>\n\n\n\n<li class=\"has-medium-font-size\"><a href=\"https:\/\/ort.fi\/turku\/wp-content\/uploads\/2024\/12\/Tietosuojaseloste_vuokralaisten_henkilorekisterit.pdf\">Vuokralaisten henkil\u00f6rekisterit<\/a><\/li>\n\n\n\n<li class=\"has-medium-font-size\"><a href=\"https:\/\/ort.fi\/turku\/wp-content\/uploads\/2024\/12\/Tietosuojaseloste_WhatsApp-Turku.pdf\">Turun ortodoksisen seurakunnan WhatsApp yhteis\u00f6n rekisteri<\/a><\/li>\n\n\n\n<li class=\"has-medium-font-size\"><a href=\"https:\/\/ort.fi\/turku\/wp-content\/uploads\/2024\/12\/Tietosuojaseloste_kirjasto.pdf\">Turun kirjaston rekisteri<\/a><\/li>\n<\/ul>\n\n\n\n<h5 class=\"wp-block-heading\"><strong>P\u00e4\u00e4tearkisto<\/strong><\/h5>\n\n\n\n<ul class=\"wp-block-list\">\n<li class=\"has-medium-font-size\"><a href=\"https:\/\/ort.fi\/turku\/wp-content\/uploads\/2024\/12\/TKU_ort_srk_paatearkiston_tutkijarekisteri_kuvaus-1.pdf\">Tietoa tutkijoille<\/a><\/li>\n\n\n\n<li class=\"has-medium-font-size\"><a href=\"https:\/\/ort.fi\/turku\/wp-content\/uploads\/2024\/12\/Tietosuojaseloste_paatearkiston_tutkijarekisteri.pdf\">P\u00e4\u00e4tearkiston tutkijarekisteri (my\u00f6s tietosuojan alla)<\/a><\/li>\n\n\n\n<li class=\"has-medium-font-size\"><a href=\"https:\/\/ort.fi\/turku\/wp-content\/uploads\/2024\/12\/paatearkiston_tutkijarekisteri_kayttolupahakemus.pdf\">P\u00e4\u00e4tearkiston k\u00e4ytt\u00f6lupahakemus<\/a><\/li>\n<\/ul>\n","protected":false},"excerpt":{"rendered":"<p>Seurakunta kunnioittaa ja on sitoutunut suojaamaan jokaisen seurakuntalaisen yksityisyytt\u00e4. Tietosuojaselosteessa kerrotaan miten ja miksi seurakunta ker\u00e4\u00e4 ja k\u00e4ytt\u00e4\u00e4 henkil\u00f6tietoja. Seurakunta k\u00e4sittelee henkil\u00f6tietoja kulloinkin voimassa olevan henkil\u00f6tietolains\u00e4\u00e4d\u00e4nn\u00f6n mukaisesti. Kuka voi tarkistaa omat tietonsa ja miten se tapahtuu? Seurakunnan rekister\u00f6idyll\u00e4 j\u00e4senell\u00e4 on mahdollisuus tarkastaa omat tietonsa veloituksetta Turun ortodoksisen seurakunnan ja Suomen ortodoksisen kirkon rekistereist\u00e4 kerran vuodessa.&hellip; <a class=\"continue\" href=\"https:\/\/ort.fi\/turku\/tietosuojaseloste\/\">Continue Reading<span> Tietosuoja<\/span><\/a><\/p>\n","protected":false},"author":1,"featured_media":0,"parent":0,"menu_order":0,"comment_status":"closed","ping_status":"open","template":"","meta":{"slim_seo":{"title":"Tietosuoja - Turun ortodoksinen seurakunta","description":"Seurakunta kunnioittaa ja on sitoutunut suojaamaan jokaisen seurakuntalaisen yksityisyytt\u00e4. Tietosuojaselosteessa kerrotaan miten ja miksi seurakunta ker\u00e4\u00e4 ja k"},"footnotes":""},"class_list":["post-5","page","type-page","status-publish"],"_links":{"self":[{"href":"https:\/\/ort.fi\/turku\/wp-json\/wp\/v2\/pages\/5","targetHints":{"allow":["GET"]}}],"collection":[{"href":"https:\/\/ort.fi\/turku\/wp-json\/wp\/v2\/pages"}],"about":[{"href":"https:\/\/ort.fi\/turku\/wp-json\/wp\/v2\/types\/page"}],"author":[{"embeddable":true,"href":"https:\/\/ort.fi\/turku\/wp-json\/wp\/v2\/users\/1"}],"replies":[{"embeddable":true,"href":"https:\/\/ort.fi\/turku\/wp-json\/wp\/v2\/comments?post=5"}],"version-history":[{"count":0,"href":"https:\/\/ort.fi\/turku\/wp-json\/wp\/v2\/pages\/5\/revisions"}],"wp:attachment":[{"href":"https:\/\/ort.fi\/turku\/wp-json\/wp\/v2\/media?parent=5"}],"curies":[{"name":"wp","href":"https:\/\/api.w.org\/{rel}","templated":true}]}}