{"id":4981,"date":"2025-02-01T13:46:04","date_gmt":"2025-02-01T11:46:04","guid":{"rendered":"https:\/\/ort.fi\/ortturkusrk\/?page_id=4981"},"modified":"2025-02-01T13:46:04","modified_gmt":"2025-02-01T11:46:04","slug":"anna-palautetta","status":"publish","type":"page","link":"https:\/\/ort.fi\/turku\/anna-palautetta\/","title":{"rendered":"Anna palautetta"},"content":{"rendered":"\n<p>Mik\u00e4li haluat antaa palautetta, kehitysehdotuksia tai kysymyksi\u00e4 seurakunnan toimintaan liittyen, voi l\u00e4hett\u00e4\u00e4 s\u00e4hk\u00f6postia osoitteeseen: turku@ort.fi <\/p>\n\n\n\n<p><\/p>\n","protected":false},"excerpt":{"rendered":"<p>Mik\u00e4li haluat antaa palautetta, kehitysehdotuksia tai kysymyksi\u00e4 seurakunnan toimintaan liittyen, voi l\u00e4hett\u00e4\u00e4 s\u00e4hk\u00f6postia osoitteeseen: turku@ort.fi<\/p>\n","protected":false},"author":5,"featured_media":0,"parent":0,"menu_order":0,"comment_status":"closed","ping_status":"closed","template":"","meta":{"slim_seo":{"title":"Anna palautetta - Turun ortodoksinen seurakunta","description":"Mik\u00e4li haluat antaa palautetta, kehitysehdotuksia tai kysymyksi\u00e4 seurakunnan toimintaan liittyen, voi l\u00e4hett\u00e4\u00e4 s\u00e4hk\u00f6postia osoitteeseen: turku@ort.fi"},"footnotes":""},"class_list":["post-4981","page","type-page","status-publish"],"_links":{"self":[{"href":"https:\/\/ort.fi\/turku\/wp-json\/wp\/v2\/pages\/4981","targetHints":{"allow":["GET"]}}],"collection":[{"href":"https:\/\/ort.fi\/turku\/wp-json\/wp\/v2\/pages"}],"about":[{"href":"https:\/\/ort.fi\/turku\/wp-json\/wp\/v2\/types\/page"}],"author":[{"embeddable":true,"href":"https:\/\/ort.fi\/turku\/wp-json\/wp\/v2\/users\/5"}],"replies":[{"embeddable":true,"href":"https:\/\/ort.fi\/turku\/wp-json\/wp\/v2\/comments?post=4981"}],"version-history":[{"count":0,"href":"https:\/\/ort.fi\/turku\/wp-json\/wp\/v2\/pages\/4981\/revisions"}],"wp:attachment":[{"href":"https:\/\/ort.fi\/turku\/wp-json\/wp\/v2\/media?parent=4981"}],"curies":[{"name":"wp","href":"https:\/\/api.w.org\/{rel}","templated":true}]}}