{"id":4681,"date":"2025-01-03T09:43:37","date_gmt":"2025-01-03T07:43:37","guid":{"rendered":"https:\/\/ort.fi\/ortturkusrk\/?page_id=4681"},"modified":"2025-02-02T15:08:23","modified_gmt":"2025-02-02T13:08:23","slug":"faq","status":"publish","type":"page","link":"https:\/\/ort.fi\/turku\/faq\/","title":{"rendered":"Usein kysyttyj\u00e4 kysymyksi\u00e4"},"content":{"rendered":"\n<p class=\"has-medium-font-size\">Tervetuloa kirkkoon omana itsen\u00e4<\/p>\n\n\n\n<p class=\"has-medium-font-size\"><strong>Saako ei-ortodoksi osallistua ortodoksisiin jumalanpalveluksiin?<\/strong><\/p>\n\n\n\n<p class=\"has-medium-font-size\">Ortodoksiset jumalanpalvelukset ovat kaikille avoimia. Kaikki ovat tervetulleita yhteiseen rukoukseen ja hiljentymiseen.<\/p>\n\n\n\n<p class=\"has-medium-font-size\"><strong>Miten k\u00e4ytt\u00e4yty\u00e4 kirkossa?<\/strong><\/p>\n\n\n\n<p class=\"has-medium-font-size\">Kirkkoon voi tulla sis\u00e4\u00e4n, vaikka jumalanpalvelus olisi jo k\u00e4ynniss\u00e4. Kirkossa ei ole tarkkoja k\u00e4ytt\u00e4ytymiss\u00e4\u00e4nt\u00f6j\u00e4, ja toisia kunnioittavalla arkij\u00e4rjell\u00e4 p\u00e4rj\u00e4\u00e4 hyvin. <\/p>\n\n\n\n<p class=\"has-medium-font-size\">Suomessa on tapana seist\u00e4 jumalanpalveluksen ajan. Palvelusta voi kuitenkin seurata my\u00f6s istumalla (kirkkosalissa on tuoleja). Jumalanpalveluksen aikana on hyv\u00e4 v\u00e4ltt\u00e4\u00e4 turhaa liikkumista ja puhumista. Ikoneita voi k\u00e4yd\u00e4 kunnioittamassa ja tuohuksia eli kirkkokynttil\u00f6it\u00e4 sytytt\u00e4m\u00e4ss\u00e4. Ehtoolliselle saavat osallistua vain ortodoksisen kirkon j\u00e4senet.<\/p>\n\n\n\n<p class=\"has-medium-font-size\">Jos haluat lis\u00e4tietoja ortodoksisesta uskosta, <a href=\"https:\/\/ort.fi\/turku\/seurakunnan-henkilosto\/\" data-type=\"link\" data-id=\"https:\/\/ort.fi\/ortturkusrk\/seurakunnan-henkilosto\/\">ota yhteytt\u00e4 pappiin<\/a> tai osallistu seurakunnan j\u00e4rjest\u00e4m\u00e4\u00e4n toimintaan.<\/p>\n","protected":false},"excerpt":{"rendered":"<p>Tervetuloa kirkkoon omana itsen\u00e4 Saako ei-ortodoksi osallistua ortodoksisiin jumalanpalveluksiin? Ortodoksiset jumalanpalvelukset ovat kaikille avoimia. Kaikki ovat tervetulleita yhteiseen rukoukseen ja hiljentymiseen. Miten k\u00e4ytt\u00e4yty\u00e4 kirkossa? Kirkkoon voi tulla sis\u00e4\u00e4n, vaikka jumalanpalvelus olisi jo k\u00e4ynniss\u00e4. Kirkossa ei ole tarkkoja k\u00e4ytt\u00e4ytymiss\u00e4\u00e4nt\u00f6j\u00e4, ja toisia kunnioittavalla arkij\u00e4rjell\u00e4 p\u00e4rj\u00e4\u00e4 hyvin. Suomessa on tapana seist\u00e4 jumalanpalveluksen ajan. Palvelusta voi kuitenkin seurata my\u00f6s&hellip; <a class=\"continue\" href=\"https:\/\/ort.fi\/turku\/faq\/\">Continue Reading<span> Usein kysyttyj\u00e4 kysymyksi\u00e4<\/span><\/a><\/p>\n","protected":false},"author":3,"featured_media":0,"parent":0,"menu_order":0,"comment_status":"closed","ping_status":"closed","template":"","meta":{"slim_seo":{"title":"Usein kysyttyj\u00e4 kysymyksi\u00e4 - Turun ortodoksinen seurakunta","description":"Tervetuloa kirkkoon omana itsen\u00e4 Saako ei-ortodoksi osallistua ortodoksisiin jumalanpalveluksiin? Ortodoksiset jumalanpalvelukset ovat kaikille avoimia. Kaikki"},"footnotes":""},"class_list":["post-4681","page","type-page","status-publish"],"_links":{"self":[{"href":"https:\/\/ort.fi\/turku\/wp-json\/wp\/v2\/pages\/4681","targetHints":{"allow":["GET"]}}],"collection":[{"href":"https:\/\/ort.fi\/turku\/wp-json\/wp\/v2\/pages"}],"about":[{"href":"https:\/\/ort.fi\/turku\/wp-json\/wp\/v2\/types\/page"}],"author":[{"embeddable":true,"href":"https:\/\/ort.fi\/turku\/wp-json\/wp\/v2\/users\/3"}],"replies":[{"embeddable":true,"href":"https:\/\/ort.fi\/turku\/wp-json\/wp\/v2\/comments?post=4681"}],"version-history":[{"count":0,"href":"https:\/\/ort.fi\/turku\/wp-json\/wp\/v2\/pages\/4681\/revisions"}],"wp:attachment":[{"href":"https:\/\/ort.fi\/turku\/wp-json\/wp\/v2\/media?parent=4681"}],"curies":[{"name":"wp","href":"https:\/\/api.w.org\/{rel}","templated":true}]}}