{"id":4641,"date":"2025-01-02T21:17:00","date_gmt":"2025-01-02T19:17:00","guid":{"rendered":"https:\/\/ort.fi\/ortturkusrk\/?page_id=4641"},"modified":"2025-02-02T15:14:43","modified_gmt":"2025-02-02T13:14:43","slug":"vuoden-2023-seurakunnanvaltuuston-poytakirjat","status":"publish","type":"page","link":"https:\/\/ort.fi\/turku\/vuoden-2023-seurakunnanvaltuuston-poytakirjat\/","title":{"rendered":"Vuoden 2023 seurakunnanvaltuuston p\u00f6yt\u00e4kirjat"},"content":{"rendered":"\n<p class=\"has-medium-font-size\"><a href=\"https:\/\/ort.fi\/turku\/wp-content\/uploads\/2025\/01\/Valtuusto_2_2023_pk.pdf\">Seurakunnanvaltuuston p\u00f6yt\u00e4kirja 24.5.2023<\/a><\/p>\n\n\n\n<p class=\"has-medium-font-size\"><a href=\"https:\/\/ort.fi\/turku\/wp-content\/uploads\/2025\/01\/Valtuusto_3_2023_pk.pdf\">Seurakunnanvaltuuston p\u00f6yt\u00e4kirja 13.11.2023<\/a><\/p>\n\n\n\n<p><\/p>\n","protected":false},"excerpt":{"rendered":"<p>Seurakunnanvaltuuston p\u00f6yt\u00e4kirja 24.5.2023 Seurakunnanvaltuuston p\u00f6yt\u00e4kirja 13.11.2023<\/p>\n","protected":false},"author":3,"featured_media":0,"parent":0,"menu_order":0,"comment_status":"closed","ping_status":"closed","template":"","meta":{"slim_seo":{"title":"Vuoden 2023 seurakunnanvaltuuston p\u00f6yt\u00e4kirjat - Turun ortodoksinen seurakunta","description":"Seurakunnanvaltuuston p\u00f6yt\u00e4kirja 24.5.2023 Seurakunnanvaltuuston p\u00f6yt\u00e4kirja 13.11.2023"},"footnotes":""},"class_list":["post-4641","page","type-page","status-publish"],"_links":{"self":[{"href":"https:\/\/ort.fi\/turku\/wp-json\/wp\/v2\/pages\/4641","targetHints":{"allow":["GET"]}}],"collection":[{"href":"https:\/\/ort.fi\/turku\/wp-json\/wp\/v2\/pages"}],"about":[{"href":"https:\/\/ort.fi\/turku\/wp-json\/wp\/v2\/types\/page"}],"author":[{"embeddable":true,"href":"https:\/\/ort.fi\/turku\/wp-json\/wp\/v2\/users\/3"}],"replies":[{"embeddable":true,"href":"https:\/\/ort.fi\/turku\/wp-json\/wp\/v2\/comments?post=4641"}],"version-history":[{"count":0,"href":"https:\/\/ort.fi\/turku\/wp-json\/wp\/v2\/pages\/4641\/revisions"}],"wp:attachment":[{"href":"https:\/\/ort.fi\/turku\/wp-json\/wp\/v2\/media?parent=4641"}],"curies":[{"name":"wp","href":"https:\/\/api.w.org\/{rel}","templated":true}]}}