{"id":4627,"date":"2025-01-02T21:15:21","date_gmt":"2025-01-02T19:15:21","guid":{"rendered":"https:\/\/ort.fi\/ortturkusrk\/?page_id=4627"},"modified":"2025-11-13T10:09:51","modified_gmt":"2025-11-13T08:09:51","slug":"vuoden-2025-seurakunnanvaltuuston-poytakirjat","status":"publish","type":"page","link":"https:\/\/ort.fi\/turku\/vuoden-2025-seurakunnanvaltuuston-poytakirjat\/","title":{"rendered":"Vuoden 2025 seurakunnanvaltuuston p\u00f6yt\u00e4kirjat"},"content":{"rendered":"\n<p class=\"has-medium-font-size\"><a href=\"https:\/\/ort.fi\/turku\/wp-content\/uploads\/2025\/11\/Valtuusto_2_2025_pk.pdf\">Seurakunnanvaltuuston p\u00f6yt\u00e4kirja 12.11.2025<\/a><\/p>\n\n\n\n<p class=\"has-medium-font-size\"><a href=\"https:\/\/ort.fi\/turku\/wp-content\/uploads\/2025\/05\/Valtuusto_1_2025_pk.pdf\">Seurakunnanvaltuuston p\u00f6yt\u00e4kirja 15.5.2025<\/a><\/p>\n\n\n\n<p><\/p>\n","protected":false},"excerpt":{"rendered":"<p>Seurakunnanvaltuuston p\u00f6yt\u00e4kirja 12.11.2025 Seurakunnanvaltuuston p\u00f6yt\u00e4kirja 15.5.2025<\/p>\n","protected":false},"author":3,"featured_media":0,"parent":0,"menu_order":0,"comment_status":"closed","ping_status":"closed","template":"","meta":{"slim_seo":{"title":"Vuoden 2025 seurakunnanvaltuuston p\u00f6yt\u00e4kirjat - Turun ortodoksinen seurakunta","description":"Seurakunnanvaltuuston p\u00f6yt\u00e4kirja 12.11.2025 Seurakunnanvaltuuston p\u00f6yt\u00e4kirja 15.5.2025"},"footnotes":""},"class_list":["post-4627","page","type-page","status-publish"],"_links":{"self":[{"href":"https:\/\/ort.fi\/turku\/wp-json\/wp\/v2\/pages\/4627","targetHints":{"allow":["GET"]}}],"collection":[{"href":"https:\/\/ort.fi\/turku\/wp-json\/wp\/v2\/pages"}],"about":[{"href":"https:\/\/ort.fi\/turku\/wp-json\/wp\/v2\/types\/page"}],"author":[{"embeddable":true,"href":"https:\/\/ort.fi\/turku\/wp-json\/wp\/v2\/users\/3"}],"replies":[{"embeddable":true,"href":"https:\/\/ort.fi\/turku\/wp-json\/wp\/v2\/comments?post=4627"}],"version-history":[{"count":2,"href":"https:\/\/ort.fi\/turku\/wp-json\/wp\/v2\/pages\/4627\/revisions"}],"predecessor-version":[{"id":8469,"href":"https:\/\/ort.fi\/turku\/wp-json\/wp\/v2\/pages\/4627\/revisions\/8469"}],"wp:attachment":[{"href":"https:\/\/ort.fi\/turku\/wp-json\/wp\/v2\/media?parent=4627"}],"curies":[{"name":"wp","href":"https:\/\/api.w.org\/{rel}","templated":true}]}}