{"id":4615,"date":"2025-01-02T20:54:53","date_gmt":"2025-01-02T18:54:53","guid":{"rendered":"https:\/\/ort.fi\/ortturkusrk\/?page_id=4615"},"modified":"2025-12-18T08:56:26","modified_gmt":"2025-12-18T06:56:26","slug":"vuoden-2025-kiinteistolautakunnan-poytakirjat","status":"publish","type":"page","link":"https:\/\/ort.fi\/turku\/vuoden-2025-kiinteistolautakunnan-poytakirjat\/","title":{"rendered":"Vuoden 2025 kiinteist\u00f6lautakunnan p\u00f6yt\u00e4kirjat"},"content":{"rendered":"\n<p class=\"has-medium-font-size\"><a href=\"https:\/\/ort.fi\/turku\/wp-content\/uploads\/2025\/12\/Kiinteistolautakunta_pk_11_2025.pdf\">Kiinteist\u00f6lautakunnan p\u00f6yt\u00e4kirja 15.12.2025<\/a><\/p>\n\n\n\n<p class=\"has-medium-font-size\"><a href=\"https:\/\/ort.fi\/turku\/wp-content\/uploads\/2025\/11\/Kiinteistolautakunta_pk_10_2025.pdf\">Kiinteist\u00f6lautakunnan p\u00f6yt\u00e4kirja 18.11.2025<\/a><\/p>\n\n\n\n<p class=\"has-medium-font-size\"><a href=\"https:\/\/ort.fi\/turku\/wp-content\/uploads\/2025\/10\/Kiinteistolautakunta_pk_9_2025.pdf\" title=\"\">Kiinteist\u00f6lautakunnan p\u00f6yt\u00e4kirja 6.10.2025<\/a><\/p>\n\n\n\n<p class=\"has-medium-font-size\"><a href=\"https:\/\/ort.fi\/turku\/wp-content\/uploads\/2025\/09\/Kiinteistolautakunta_pk_8_2025.pdf\">Kiinteist\u00f6lautakunnan p\u00f6yt\u00e4kirja 15.9.2025<\/a><\/p>\n\n\n\n<p class=\"has-medium-font-size\"><a href=\"https:\/\/ort.fi\/turku\/wp-content\/uploads\/2025\/08\/Kiinteistolautakunta_pk_7_2025.pdf\" target=\"_blank\" rel=\"noopener\" title=\"\">Kiinteist\u00f6lautakunnan p\u00f6yt\u00e4kirja 18.8.2025<\/a><\/p>\n\n\n\n<p class=\"has-medium-font-size\"><a href=\"https:\/\/ort.fi\/turku\/wp-content\/uploads\/2025\/05\/Kiinteistolautakunta_pk_6_2025.pdf\">Kiinteist\u00f6lautakunnan p\u00f6yt\u00e4kirja 19.5.2025<\/a><\/p>\n\n\n\n<p class=\"has-medium-font-size\"><a href=\"https:\/\/ort.fi\/turku\/wp-content\/uploads\/2025\/04\/Kiinteistolautakunta_pk_5_2025.pdf\" target=\"_blank\" rel=\"noreferrer noopener\">Kiinteist\u00f6lautakunnan p\u00f6yt\u00e4kirja 29.4.2025<\/a><\/p>\n\n\n\n<p class=\"has-medium-font-size\"><a href=\"https:\/\/ort.fi\/turku\/wp-content\/uploads\/2025\/03\/Kiinteistolautakunta_pk_SPOSTIKOKOUS_4_2025.pdf\">Kiinteist\u00f6lautakunnan s\u00e4hk\u00f6postikokouksen p\u00f6yt\u00e4kirja 24.3.2025 klo 15.30 &#8211; 26.3.2025 klo 15<\/a><\/p>\n\n\n\n<p class=\"has-medium-font-size\"><a href=\"https:\/\/ort.fi\/turku\/wp-content\/uploads\/2025\/03\/Kiinteistolautakunta_pk_3_2025.pdf\" target=\"_blank\" rel=\"noreferrer noopener\">Kiinteist\u00f6lautakunnan p\u00f6yt\u00e4kirja 11.3.2025<\/a><\/p>\n\n\n\n<p class=\"has-medium-font-size\"><a href=\"https:\/\/ort.fi\/turku\/wp-content\/uploads\/2025\/02\/Kiinteistolautakunta_pk_2_2025.pdf\" target=\"_blank\" rel=\"noreferrer noopener\">Kiinteist\u00f6lautakunnan p\u00f6yt\u00e4kirja 12.2.2025<\/a><\/p>\n\n\n\n<p class=\"has-medium-font-size\"><a href=\"https:\/\/ort.fi\/turku\/wp-content\/uploads\/2025\/01\/Kiinteistolautakunta_pk_1_2025.pdf\" target=\"_blank\" rel=\"noreferrer noopener\">Kiinteist\u00f6lautakunnan p\u00f6yt\u00e4kirja 20.1.2025<\/a><\/p>\n","protected":false},"excerpt":{"rendered":"<p>Kiinteist\u00f6lautakunnan p\u00f6yt\u00e4kirja 15.12.2025 Kiinteist\u00f6lautakunnan p\u00f6yt\u00e4kirja 18.11.2025 Kiinteist\u00f6lautakunnan p\u00f6yt\u00e4kirja 6.10.2025 Kiinteist\u00f6lautakunnan p\u00f6yt\u00e4kirja 15.9.2025 Kiinteist\u00f6lautakunnan p\u00f6yt\u00e4kirja 18.8.2025 Kiinteist\u00f6lautakunnan p\u00f6yt\u00e4kirja 19.5.2025 Kiinteist\u00f6lautakunnan p\u00f6yt\u00e4kirja 29.4.2025 Kiinteist\u00f6lautakunnan s\u00e4hk\u00f6postikokouksen p\u00f6yt\u00e4kirja 24.3.2025 klo 15.30 &#8211; 26.3.2025 klo 15 Kiinteist\u00f6lautakunnan p\u00f6yt\u00e4kirja 11.3.2025 Kiinteist\u00f6lautakunnan p\u00f6yt\u00e4kirja 12.2.2025 Kiinteist\u00f6lautakunnan p\u00f6yt\u00e4kirja 20.1.2025<\/p>\n","protected":false},"author":3,"featured_media":0,"parent":0,"menu_order":0,"comment_status":"closed","ping_status":"closed","template":"","meta":{"slim_seo":{"title":"Vuoden 2025 kiinteist\u00f6lautakunnan p\u00f6yt\u00e4kirjat - Turun ortodoksinen seurakunta","description":"Kiinteist\u00f6lautakunnan p\u00f6yt\u00e4kirja 15.12.2025 Kiinteist\u00f6lautakunnan p\u00f6yt\u00e4kirja 18.11.2025 Kiinteist\u00f6lautakunnan p\u00f6yt\u00e4kirja 6.10.2025 Kiinteist\u00f6lautakunnan p\u00f6yt\u00e4ki"},"footnotes":""},"class_list":["post-4615","page","type-page","status-publish"],"_links":{"self":[{"href":"https:\/\/ort.fi\/turku\/wp-json\/wp\/v2\/pages\/4615","targetHints":{"allow":["GET"]}}],"collection":[{"href":"https:\/\/ort.fi\/turku\/wp-json\/wp\/v2\/pages"}],"about":[{"href":"https:\/\/ort.fi\/turku\/wp-json\/wp\/v2\/types\/page"}],"author":[{"embeddable":true,"href":"https:\/\/ort.fi\/turku\/wp-json\/wp\/v2\/users\/3"}],"replies":[{"embeddable":true,"href":"https:\/\/ort.fi\/turku\/wp-json\/wp\/v2\/comments?post=4615"}],"version-history":[{"count":6,"href":"https:\/\/ort.fi\/turku\/wp-json\/wp\/v2\/pages\/4615\/revisions"}],"predecessor-version":[{"id":9341,"href":"https:\/\/ort.fi\/turku\/wp-json\/wp\/v2\/pages\/4615\/revisions\/9341"}],"wp:attachment":[{"href":"https:\/\/ort.fi\/turku\/wp-json\/wp\/v2\/media?parent=4615"}],"curies":[{"name":"wp","href":"https:\/\/api.w.org\/{rel}","templated":true}]}}