{"id":4575,"date":"2025-01-02T20:22:19","date_gmt":"2025-01-02T18:22:19","guid":{"rendered":"https:\/\/ort.fi\/ortturkusrk\/?page_id=4575"},"modified":"2025-02-02T15:30:04","modified_gmt":"2025-02-02T13:30:04","slug":"vuoden-2024-kiinteistolautakunnan-poytakirjat","status":"publish","type":"page","link":"https:\/\/ort.fi\/turku\/vuoden-2024-kiinteistolautakunnan-poytakirjat\/","title":{"rendered":"Vuoden 2024 kiinteist\u00f6lautakunnan p\u00f6yt\u00e4kirjat"},"content":{"rendered":"\n<p><a href=\"https:\/\/ort.fi\/turku\/wp-content\/uploads\/2025\/01\/Kiinteistolautakunta_pk_8_2024.pdf\">Kiinteist\u00f6lautakunnan p\u00f6yt\u00e4kirja 2.12.2024<\/a><\/p>\n\n\n\n<p><a href=\"https:\/\/ort.fi\/turku\/wp-content\/uploads\/2025\/01\/Kiinteistolautakunta_pk_7_2024.pdf\">Kiinteist\u00f6lautakunnan p\u00f6yt\u00e4kirja 7.10.2024<\/a><\/p>\n\n\n\n<p><a href=\"https:\/\/ort.fi\/turku\/wp-content\/uploads\/2025\/01\/Kiinteistolautakunta_pk_6_2024.pdf\">Kiinteist\u00f6lautakunnan p\u00f6yt\u00e4kirja 16.9.2024<\/a><\/p>\n","protected":false},"excerpt":{"rendered":"<p>Kiinteist\u00f6lautakunnan p\u00f6yt\u00e4kirja 2.12.2024 Kiinteist\u00f6lautakunnan p\u00f6yt\u00e4kirja 7.10.2024 Kiinteist\u00f6lautakunnan p\u00f6yt\u00e4kirja 16.9.2024<\/p>\n","protected":false},"author":3,"featured_media":0,"parent":0,"menu_order":0,"comment_status":"closed","ping_status":"closed","template":"","meta":{"slim_seo":{"title":"Vuoden 2024 kiinteist\u00f6lautakunnan p\u00f6yt\u00e4kirjat - Turun ortodoksinen seurakunta","description":"Kiinteist\u00f6lautakunnan p\u00f6yt\u00e4kirja 2.12.2024 Kiinteist\u00f6lautakunnan p\u00f6yt\u00e4kirja 7.10.2024 Kiinteist\u00f6lautakunnan p\u00f6yt\u00e4kirja 16.9.2024"},"footnotes":""},"class_list":["post-4575","page","type-page","status-publish"],"_links":{"self":[{"href":"https:\/\/ort.fi\/turku\/wp-json\/wp\/v2\/pages\/4575","targetHints":{"allow":["GET"]}}],"collection":[{"href":"https:\/\/ort.fi\/turku\/wp-json\/wp\/v2\/pages"}],"about":[{"href":"https:\/\/ort.fi\/turku\/wp-json\/wp\/v2\/types\/page"}],"author":[{"embeddable":true,"href":"https:\/\/ort.fi\/turku\/wp-json\/wp\/v2\/users\/3"}],"replies":[{"embeddable":true,"href":"https:\/\/ort.fi\/turku\/wp-json\/wp\/v2\/comments?post=4575"}],"version-history":[{"count":0,"href":"https:\/\/ort.fi\/turku\/wp-json\/wp\/v2\/pages\/4575\/revisions"}],"wp:attachment":[{"href":"https:\/\/ort.fi\/turku\/wp-json\/wp\/v2\/media?parent=4575"}],"curies":[{"name":"wp","href":"https:\/\/api.w.org\/{rel}","templated":true}]}}