{"id":4565,"date":"2025-01-02T19:49:07","date_gmt":"2025-01-02T17:49:07","guid":{"rendered":"https:\/\/ort.fi\/ortturkusrk\/?page_id=4565"},"modified":"2025-01-02T20:21:03","modified_gmt":"2025-01-02T18:21:03","slug":"seurakunnanvaltuuston-vaalit","status":"publish","type":"page","link":"https:\/\/ort.fi\/turku\/seurakunnanvaltuuston-vaalit\/","title":{"rendered":"Seurakunnanvaltuuston vaalit"},"content":{"rendered":"\n<p class=\"has-medium-font-size\">Lain ortodoksisesta kirkosta mukaan seurakunnanvaltuusto k\u00e4ytt\u00e4\u00e4 seurakunnan p\u00e4\u00e4t\u00f6svaltaa. Seurakunnanvaltuustolle tulevat asiat valmistelee seurakunnanneuvosto. Turun ortodoksisen seurakunnan seurakunnanvaltuuston j\u00e4seni\u00e4 ovat kirkkoherra; nelj\u00e4ksi kalenterivuodeksi valitut 15 j\u00e4senet.<\/p>\n\n\n\n<h5 class=\"wp-block-heading has-text-align-center has-medium-font-size\"><strong>Vuoden 2023 seurakunnanvaltuuston vaalien tulos<\/strong><\/h5>\n\n\n\n<p class=\"has-medium-font-size\">Vaalilautakunta avasi uurnan 18.11.2023 klo 10 ja suoritti \u00e4\u00e4ntenlaskennan muiden kutsuttujen kanssa.<\/p>\n\n\n\n<p class=\"has-medium-font-size\">\u00c4\u00e4nioikeutettuja oli 2641 henke\u00e4.<\/p>\n\n\n\n<p class=\"has-medium-font-size\">Vaaleissa merkittyj\u00e4 \u00e4\u00e4nest\u00e4ji\u00e4 195. Vaaleissa j\u00e4tettiin leimattuja \u00e4\u00e4nestyslippuja 198, joista oli hyv\u00e4ksyttyj\u00e4 191 kpl, osittain hyv\u00e4ksyttyj\u00e4 7 kpl hyl\u00e4ttyj\u00e4 0 kpl, tyhji\u00e4 0 kpl.<\/p>\n\n\n\n<p class=\"has-medium-font-size\">\u00c4\u00e4nestysprosentti oli 7,4 %<\/p>\n\n\n\n<p class=\"has-medium-font-size\">\u00c4\u00e4nestyksen perustella Turun ortodoksisen seurakunnanvaltuustoon on valittu 2024\u20132027 15 eniten \u00e4\u00e4ni\u00e4 saaneet ehdokkaat:<\/p>\n\n\n\n<figure class=\"wp-block-table is-style-regular has-medium-font-size\"><table><thead><tr><th>Numero<\/th><th>Nimi<\/th><th>\u00c4\u00e4nim\u00e4\u00e4r\u00e4<\/th><\/tr><\/thead><tbody><tr><td>16<\/td><td>Ylinen Mikko<\/td><td>89<\/td><\/tr><tr><td>11<\/td><td>Rantanen Veera<\/td><td>85<\/td><\/tr><tr><td>4<\/td><td>Kulmala Kalle<\/td><td>72<\/td><\/tr><tr><td>6<\/td><td>Florea Maria<\/td><td>72<\/td><\/tr><tr><td>9<\/td><td>Kuusela Maisa<\/td><td>70<\/td><\/tr><tr><td>20<\/td><td>Viitaniemi Vesa<\/td><td>67<\/td><\/tr><tr><td>13<\/td><td>Sigfridsson Lenni<\/td><td>65<\/td><\/tr><tr><td>19<\/td><td>Oksa Valtteri<\/td><td>58<\/td><\/tr><tr><td>12<\/td><td>Ojanen Tarja<\/td><td>52<\/td><\/tr><tr><td>2<\/td><td>Harikkala-Laihinen Riikka<\/td><td>51<\/td><\/tr><tr><td>8<\/td><td>Ratilainen Niina<\/td><td>49<\/td><\/tr><tr><td>10<\/td><td>Nikolaev Kirill<\/td><td>49<\/td><\/tr><tr><td>21<\/td><td>Kaari Tapio<\/td><td>49<\/td><\/tr><tr><td>22<\/td><td>Koponen Riitta<\/td><td>44<\/td><\/tr><tr><td>18<\/td><td>Lehtinen Leena<\/td><td>41<\/td><\/tr><tr><td><\/td><td><\/td><td><\/td><\/tr><tr><td><\/td><td><strong>Varasijalla:<\/strong><\/td><td><\/td><\/tr><tr><td>3<\/td><td>Harri Outi<\/td><td>40<\/td><\/tr><tr><td>5<\/td><td>Farah Fatena<\/td><td>35<\/td><\/tr><tr><td>15<\/td><td>Sulawko Julita<\/td><td>34<\/td><\/tr><tr><td>17<\/td><td>Liljeqvist Tanja<\/td><td>31<\/td><\/tr><tr><td>7<\/td><td>Gorgees Rita<\/td><td>25<\/td><\/tr><tr><td>14<\/td><td>Haapakoski Outi<\/td><td>22<\/td><\/tr><\/tbody><\/table><\/figure>\n\n\n\n<p class=\"has-medium-font-size\">Seurakunnanvaltuuston valituiksi tulleista 67 % on uusia valtuutettuja. Valituista 47 % on miehi\u00e4 ja 53 % naisia. Valittujen keski-ik\u00e4 on 50 vuotta.<\/p>\n","protected":false},"excerpt":{"rendered":"<p>Lain ortodoksisesta kirkosta mukaan seurakunnanvaltuusto k\u00e4ytt\u00e4\u00e4 seurakunnan p\u00e4\u00e4t\u00f6svaltaa. Seurakunnanvaltuustolle tulevat asiat valmistelee seurakunnanneuvosto. Turun ortodoksisen seurakunnan seurakunnanvaltuuston j\u00e4seni\u00e4 ovat kirkkoherra; nelj\u00e4ksi kalenterivuodeksi valitut 15 j\u00e4senet. Vuoden 2023 seurakunnanvaltuuston vaalien tulos Vaalilautakunta avasi uurnan 18.11.2023 klo 10 ja suoritti \u00e4\u00e4ntenlaskennan muiden kutsuttujen kanssa. \u00c4\u00e4nioikeutettuja oli 2641 henke\u00e4. Vaaleissa merkittyj\u00e4 \u00e4\u00e4nest\u00e4ji\u00e4 195. Vaaleissa j\u00e4tettiin leimattuja \u00e4\u00e4nestyslippuja 198,&hellip; <a class=\"continue\" href=\"https:\/\/ort.fi\/turku\/seurakunnanvaltuuston-vaalit\/\">Continue Reading<span> Seurakunnanvaltuuston vaalit<\/span><\/a><\/p>\n","protected":false},"author":3,"featured_media":0,"parent":0,"menu_order":0,"comment_status":"closed","ping_status":"closed","template":"","meta":{"slim_seo":{"title":"Seurakunnanvaltuuston vaalit - Turun ortodoksinen seurakunta","description":"Lain ortodoksisesta kirkosta mukaan seurakunnanvaltuusto k\u00e4ytt\u00e4\u00e4 seurakunnan p\u00e4\u00e4t\u00f6svaltaa. Seurakunnanvaltuustolle tulevat asiat valmistelee seurakunnanneuvosto"},"footnotes":""},"class_list":["post-4565","page","type-page","status-publish"],"_links":{"self":[{"href":"https:\/\/ort.fi\/turku\/wp-json\/wp\/v2\/pages\/4565","targetHints":{"allow":["GET"]}}],"collection":[{"href":"https:\/\/ort.fi\/turku\/wp-json\/wp\/v2\/pages"}],"about":[{"href":"https:\/\/ort.fi\/turku\/wp-json\/wp\/v2\/types\/page"}],"author":[{"embeddable":true,"href":"https:\/\/ort.fi\/turku\/wp-json\/wp\/v2\/users\/3"}],"replies":[{"embeddable":true,"href":"https:\/\/ort.fi\/turku\/wp-json\/wp\/v2\/comments?post=4565"}],"version-history":[{"count":0,"href":"https:\/\/ort.fi\/turku\/wp-json\/wp\/v2\/pages\/4565\/revisions"}],"wp:attachment":[{"href":"https:\/\/ort.fi\/turku\/wp-json\/wp\/v2\/media?parent=4565"}],"curies":[{"name":"wp","href":"https:\/\/api.w.org\/{rel}","templated":true}]}}