{"id":439,"date":"2024-09-09T18:28:35","date_gmt":"2024-09-09T15:28:35","guid":{"rendered":"https:\/\/ort.fi\/ortturkusrk\/?page_id=439"},"modified":"2025-02-12T09:00:46","modified_gmt":"2025-02-12T07:00:46","slug":"uutiset","status":"publish","type":"page","link":"https:\/\/ort.fi\/turku\/uutiset\/","title":{"rendered":"Uutiset"},"content":{"rendered":"<ul class=\"wp-block-latest-posts__list has-dates wp-block-latest-posts\"><li><div class=\"wp-block-latest-posts__featured-image alignleft\"><img loading=\"lazy\" decoding=\"async\" width=\"300\" height=\"225\" src=\"https:\/\/ort.fi\/turku\/wp-content\/uploads\/2025\/09\/20250514_102318-300x225.jpg\" class=\"attachment-medium size-medium wp-post-image\" alt=\"20250514 102318\" style=\"max-width:150px;max-height:150px;\" srcset=\"https:\/\/ort.fi\/turku\/wp-content\/uploads\/2025\/09\/20250514_102318-300x225.jpg 300w, https:\/\/ort.fi\/turku\/wp-content\/uploads\/2025\/09\/20250514_102318-1024x768.jpg 1024w, https:\/\/ort.fi\/turku\/wp-content\/uploads\/2025\/09\/20250514_102318-768x576.jpg 768w, https:\/\/ort.fi\/turku\/wp-content\/uploads\/2025\/09\/20250514_102318-1536x1152.jpg 1536w, https:\/\/ort.fi\/turku\/wp-content\/uploads\/2025\/09\/20250514_102318-2048x1536.jpg 2048w\" sizes=\"auto, (max-width: 300px) 100vw, 300px\" \/><\/div><a class=\"wp-block-latest-posts__post-title\" href=\"https:\/\/ort.fi\/turku\/2026\/05\/04\/seurakunnanvaltuuston-kokous-20-5-2026\/\">Seurakunnanvaltuuston kokous 20.5.2026<\/a><time datetime=\"2026-05-04T13:20:36+03:00\" class=\"wp-block-latest-posts__post-date\">4.5.2026<\/time><div class=\"wp-block-latest-posts__post-excerpt\">Seurakunnanvaltuuston ensimm\u00e4inen s\u00e4\u00e4nt\u00f6m\u00e4\u00e4r\u00e4inen kokous pidet\u00e4\u00e4n keskiviikkona 20.5.2024 klo 18. Kokouksessa k\u00e4sitelt\u00e4v\u00e4t asiat ovat n\u00e4ht\u00e4viss\u00e4 t\u00e4m\u00e4n linkin kautta. Seurakunnanvaltuuston kokoukset ovat julkisia, ja niit\u00e4 voi tulla seuraamaan.<\/div><\/li>\n<li><div class=\"wp-block-latest-posts__featured-image alignleft\"><img loading=\"lazy\" decoding=\"async\" width=\"300\" height=\"200\" src=\"https:\/\/ort.fi\/turku\/wp-content\/uploads\/2026\/05\/VPK_talo_jalkipeliNet-300x200.jpg\" class=\"attachment-medium size-medium wp-post-image\" alt=\"VPK talo j\u00e4lkipeliNet\" style=\"max-width:150px;max-height:150px;\" srcset=\"https:\/\/ort.fi\/turku\/wp-content\/uploads\/2026\/05\/VPK_talo_jalkipeliNet-300x200.jpg 300w, https:\/\/ort.fi\/turku\/wp-content\/uploads\/2026\/05\/VPK_talo_jalkipeliNet-1024x682.jpg 1024w, https:\/\/ort.fi\/turku\/wp-content\/uploads\/2026\/05\/VPK_talo_jalkipeliNet-768x512.jpg 768w, https:\/\/ort.fi\/turku\/wp-content\/uploads\/2026\/05\/VPK_talo_jalkipeliNet.jpg 1520w\" sizes=\"auto, (max-width: 300px) 100vw, 300px\" \/><\/div><a class=\"wp-block-latest-posts__post-title\" href=\"https:\/\/ort.fi\/turku\/2026\/05\/02\/tiedote-pyhan-aleksandran-kirkon-vaistotilajarjestelyt-kevaasta-2027\/\">TIEDOTE \/ Pyh\u00e4n Aleksandran kirkon v\u00e4ist\u00f6tilaj\u00e4rjestelyt kev\u00e4\u00e4st\u00e4 2027<\/a><time datetime=\"2026-05-02T15:28:20+03:00\" class=\"wp-block-latest-posts__post-date\">2.5.2026<\/time><div class=\"wp-block-latest-posts__post-excerpt\">Seurakunnanneuvosto on 27.4.2026 p\u00e4\u00e4tt\u00e4nyt Pyh\u00e4n Aleksandran kirkkoa koskevista &nbsp;v\u00e4ist\u00f6tilaj\u00e4rjestelyist\u00e4.Kev\u00e4\u00e4ll\u00e4 2027, Turun Pyh\u00e4n Aleksandran kirkossa aloitetaan alustavien suunnitelmien mukaan kirkon perustusten korjausty\u00f6t. Korjausten arvioidaan kest\u00e4v\u00e4n noin yhden vuoden. T\u00e4n\u00e4 aikana kirkossa ei voida toimittaa jumalanpalveluksia tai muita toimituksia. Joulukuusta 2025 maaliskuuhun 2026 kartoitettiin erilaisia vaihtoehtoja v\u00e4ist\u00f6tiloiksi. V\u00e4ist\u00f6tiloja&hellip; <a class=\"continue\" href=\"https:\/\/ort.fi\/turku\/uutiset\/\">Continue Reading<span> Uutiset<\/span><\/a><\/div><\/li>\n<li><div class=\"wp-block-latest-posts__featured-image alignleft\"><img loading=\"lazy\" decoding=\"async\" width=\"169\" height=\"300\" src=\"https:\/\/ort.fi\/turku\/wp-content\/uploads\/2026\/05\/1000053385-169x300.jpg\" class=\"attachment-medium size-medium wp-post-image\" alt=\"1000053385\" style=\"max-width:150px;max-height:150px;\" srcset=\"https:\/\/ort.fi\/turku\/wp-content\/uploads\/2026\/05\/1000053385-169x300.jpg 169w, https:\/\/ort.fi\/turku\/wp-content\/uploads\/2026\/05\/1000053385-576x1024.jpg 576w, https:\/\/ort.fi\/turku\/wp-content\/uploads\/2026\/05\/1000053385-768x1365.jpg 768w, https:\/\/ort.fi\/turku\/wp-content\/uploads\/2026\/05\/1000053385-864x1536.jpg 864w, https:\/\/ort.fi\/turku\/wp-content\/uploads\/2026\/05\/1000053385-1152x2048.jpg 1152w, https:\/\/ort.fi\/turku\/wp-content\/uploads\/2026\/05\/1000053385-rotated.jpg 1301w\" sizes=\"auto, (max-width: 169px) 100vw, 169px\" \/><\/div><a class=\"wp-block-latest-posts__post-title\" href=\"https:\/\/ort.fi\/turku\/2026\/05\/02\/tiedote-seurakunnanneuvoston-kokouksen-27-4-2026-paatokset\/\">Tiedote \/ Seurakunnanneuvoston kokouksen 27.4.2026 p\u00e4\u00e4t\u00f6kset<\/a><time datetime=\"2026-05-02T15:13:09+03:00\" class=\"wp-block-latest-posts__post-date\">2.5.2026<\/time><div class=\"wp-block-latest-posts__post-excerpt\">Turun ortodoksisen seurakunnan seurakunnanneuvosto kokoontui maanantaina 27. huhtikuuta 2026. Kokouksessa k\u00e4siteltiin laajasti seurakunnan hallintoon, strategiseen kehitt\u00e4miseen, kiinteist\u00f6ihin sek\u00e4 tulevien vuosien toimintaedellytyksiin liittyvi\u00e4 asioita. Seurakunnanneuvosto hyv\u00e4ksyi Turun ortodoksisen seurakunnan nykytila-analyysin ja kehitt\u00e4missuunnitelman, joka on laadittu osana Suomen ortodoksisen kirkon strategian toimeenpanoa. Ty\u00f6t\u00e4 on tehty useiden yhteisten seminaarien&hellip; <a class=\"continue\" href=\"https:\/\/ort.fi\/turku\/uutiset\/\">Continue Reading<span> Uutiset<\/span><\/a><\/div><\/li>\n<li><div class=\"wp-block-latest-posts__featured-image alignleft\"><img loading=\"lazy\" decoding=\"async\" width=\"240\" height=\"300\" src=\"https:\/\/ort.fi\/turku\/wp-content\/uploads\/2026\/04\/koepalvelukset-1-1-240x300.png\" class=\"attachment-medium size-medium wp-post-image\" alt=\"Koepalvelukset\" style=\"max-width:150px;max-height:150px;\" srcset=\"https:\/\/ort.fi\/turku\/wp-content\/uploads\/2026\/04\/koepalvelukset-1-1-240x300.png 240w, https:\/\/ort.fi\/turku\/wp-content\/uploads\/2026\/04\/koepalvelukset-1-1-819x1024.png 819w, https:\/\/ort.fi\/turku\/wp-content\/uploads\/2026\/04\/koepalvelukset-1-1-768x961.png 768w, https:\/\/ort.fi\/turku\/wp-content\/uploads\/2026\/04\/koepalvelukset-1-1-1228x1536.png 1228w, https:\/\/ort.fi\/turku\/wp-content\/uploads\/2026\/04\/koepalvelukset-1-1-1638x2048.png 1638w, https:\/\/ort.fi\/turku\/wp-content\/uploads\/2026\/04\/koepalvelukset-1-1-scaled.png 2047w\" sizes=\"auto, (max-width: 240px) 100vw, 240px\" \/><\/div><a class=\"wp-block-latest-posts__post-title\" href=\"https:\/\/ort.fi\/turku\/2026\/04\/27\/pastori-valtteri-oksan-koepalvelukset\/\">Pastori Valtteri Oksan koepalvelukset<\/a><time datetime=\"2026-04-27T20:23:58+03:00\" class=\"wp-block-latest-posts__post-date\">27.4.2026<\/time><div class=\"wp-block-latest-posts__post-excerpt\">Pastori Valtteri Oksan koepalvelukset j\u00e4rjestet\u00e4\u00e4n Pyh\u00e4n Aleksandran kirkossa. Tervetuloa lauantaina 9.5. klo 17 vigiliaan ja sunnuntaina 10.5. klo 10 liturgiaan!<\/div><\/li>\n<li><div class=\"wp-block-latest-posts__featured-image alignleft\"><img loading=\"lazy\" decoding=\"async\" width=\"240\" height=\"300\" src=\"https:\/\/ort.fi\/turku\/wp-content\/uploads\/2026\/04\/tervetuloa-Professori-arkkimandriitta-Serafim-Sepalan-luentoon-aiheesta-\u2018elaimet-ja-jumala-2-240x300.png\" class=\"attachment-medium size-medium wp-post-image\" alt=\"Tervetuloa Professori arkkimandriitta Serafim Sep\u00e4l\u00e4n luentoon aiheesta \u2018el\u00e4imet ja jumala\u2019 (2)\" style=\"max-width:150px;max-height:150px;\" srcset=\"https:\/\/ort.fi\/turku\/wp-content\/uploads\/2026\/04\/tervetuloa-Professori-arkkimandriitta-Serafim-Sepalan-luentoon-aiheesta-\u2018elaimet-ja-jumala-2-240x300.png 240w, https:\/\/ort.fi\/turku\/wp-content\/uploads\/2026\/04\/tervetuloa-Professori-arkkimandriitta-Serafim-Sepalan-luentoon-aiheesta-\u2018elaimet-ja-jumala-2-819x1024.png 819w, https:\/\/ort.fi\/turku\/wp-content\/uploads\/2026\/04\/tervetuloa-Professori-arkkimandriitta-Serafim-Sepalan-luentoon-aiheesta-\u2018elaimet-ja-jumala-2-768x960.png 768w, https:\/\/ort.fi\/turku\/wp-content\/uploads\/2026\/04\/tervetuloa-Professori-arkkimandriitta-Serafim-Sepalan-luentoon-aiheesta-\u2018elaimet-ja-jumala-2-1229x1536.png 1229w, https:\/\/ort.fi\/turku\/wp-content\/uploads\/2026\/04\/tervetuloa-Professori-arkkimandriitta-Serafim-Sepalan-luentoon-aiheesta-\u2018elaimet-ja-jumala-2-1638x2048.png 1638w, https:\/\/ort.fi\/turku\/wp-content\/uploads\/2026\/04\/tervetuloa-Professori-arkkimandriitta-Serafim-Sepalan-luentoon-aiheesta-\u2018elaimet-ja-jumala-2-scaled.png 2048w\" sizes=\"auto, (max-width: 240px) 100vw, 240px\" \/><\/div><a class=\"wp-block-latest-posts__post-title\" href=\"https:\/\/ort.fi\/turku\/2026\/04\/18\/10713\/\">Professori Arkkimandriitta Serafim Sepp\u00e4l\u00e4n luento &#8217;El\u00e4imet ja Jumala&#8217;<\/a><time datetime=\"2026-04-18T20:37:40+03:00\" class=\"wp-block-latest-posts__post-date\">18.4.2026<\/time><div class=\"wp-block-latest-posts__post-excerpt\">Tervetuloa professori Arkkimandriitta Serafim Sepp\u00e4l\u00e4n luentoon &#8217;El\u00e4imet ja Jumala&#8217; 6.5.2026 klo 18 Seurakuntasalissa (Yliopistonkatu 19B3)!<\/div><\/li>\n<li><div class=\"wp-block-latest-posts__featured-image alignleft\"><img loading=\"lazy\" decoding=\"async\" width=\"300\" height=\"225\" src=\"https:\/\/ort.fi\/turku\/wp-content\/uploads\/2026\/04\/Lapsikuoro-Tampereella-NEKKU-300x225.jpg\" class=\"attachment-medium size-medium wp-post-image\" alt=\"Lapsia kirkossa laulamassa.\" style=\"max-width:150px;max-height:150px;\" srcset=\"https:\/\/ort.fi\/turku\/wp-content\/uploads\/2026\/04\/Lapsikuoro-Tampereella-NEKKU-300x225.jpg 300w, https:\/\/ort.fi\/turku\/wp-content\/uploads\/2026\/04\/Lapsikuoro-Tampereella-NEKKU-1024x768.jpg 1024w, https:\/\/ort.fi\/turku\/wp-content\/uploads\/2026\/04\/Lapsikuoro-Tampereella-NEKKU-768x576.jpg 768w, https:\/\/ort.fi\/turku\/wp-content\/uploads\/2026\/04\/Lapsikuoro-Tampereella-NEKKU-1536x1152.jpg 1536w, https:\/\/ort.fi\/turku\/wp-content\/uploads\/2026\/04\/Lapsikuoro-Tampereella-NEKKU-2048x1536.jpg 2048w\" sizes=\"auto, (max-width: 300px) 100vw, 300px\" \/><\/div><a class=\"wp-block-latest-posts__post-title\" href=\"https:\/\/ort.fi\/turku\/2026\/04\/13\/mahdollisuus-osallistua-seurakunnan-lasten-paivaleirille-turussa\/\">Mahdollisuus osallistua lasten p\u00e4iv\u00e4leirille Turussa!<\/a><time datetime=\"2026-04-13T17:24:57+03:00\" class=\"wp-block-latest-posts__post-date\">13.4.2026<\/time><div class=\"wp-block-latest-posts__post-excerpt\">Hyv\u00e4 huoltaja, T\u00e4n\u00e4 kes\u00e4n\u00e4 seurakuntamme j\u00e4rjest\u00e4\u00e4 lasten p\u00e4iv\u00e4leirin Turussa. Haluamme tarjota mahdollisimman monelle lapselle mahdollisuuden osallistua kes\u00e4iseen leiritoimintaan. Toivotamme teid\u00e4t l\u00e4mpim\u00e4sti tervetulleiksi lasten p\u00e4iv\u00e4leirille! Seurakuntamme j\u00e4rjest\u00e4\u00e4 p\u00e4iv\u00e4leirin vuonna 2013\u20132017 syntyneille seurakunnan j\u00e4senille. Leiri toteutetaan kaupungissa p\u00e4iv\u00e4leirin\u00e4, ja ohjelmassa on luvassa ohjattua toimintaa, leikkej\u00e4, yhdess\u00e4oloa sek\u00e4 mukavaa&hellip; <a class=\"continue\" href=\"https:\/\/ort.fi\/turku\/uutiset\/\">Continue Reading<span> Uutiset<\/span><\/a><\/div><\/li>\n<li><div class=\"wp-block-latest-posts__featured-image alignleft\"><img loading=\"lazy\" decoding=\"async\" width=\"300\" height=\"129\" src=\"https:\/\/ort.fi\/turku\/wp-content\/uploads\/2026\/04\/Isa-Valtterin-papiksi-vihkiminen-2100-x-900-px-1-300x129.png\" class=\"attachment-medium size-medium wp-post-image\" alt=\"Is\u00e4 Valtterin papiksi vihkiminen (2100 x 900 px) (1)\" style=\"max-width:150px;max-height:150px;\" srcset=\"https:\/\/ort.fi\/turku\/wp-content\/uploads\/2026\/04\/Isa-Valtterin-papiksi-vihkiminen-2100-x-900-px-1-300x129.png 300w, https:\/\/ort.fi\/turku\/wp-content\/uploads\/2026\/04\/Isa-Valtterin-papiksi-vihkiminen-2100-x-900-px-1-1024x439.png 1024w, https:\/\/ort.fi\/turku\/wp-content\/uploads\/2026\/04\/Isa-Valtterin-papiksi-vihkiminen-2100-x-900-px-1-768x329.png 768w, https:\/\/ort.fi\/turku\/wp-content\/uploads\/2026\/04\/Isa-Valtterin-papiksi-vihkiminen-2100-x-900-px-1-1536x658.png 1536w, https:\/\/ort.fi\/turku\/wp-content\/uploads\/2026\/04\/Isa-Valtterin-papiksi-vihkiminen-2100-x-900-px-1-2048x878.png 2048w\" sizes=\"auto, (max-width: 300px) 100vw, 300px\" \/><\/div><a class=\"wp-block-latest-posts__post-title\" href=\"https:\/\/ort.fi\/turku\/2026\/04\/13\/isa-valtterin-papiksi-vihkiminen-19-4\/\">Is\u00e4 Valtterin papiksi vihkiminen 19.4.<\/a><time datetime=\"2026-04-13T15:46:49+03:00\" class=\"wp-block-latest-posts__post-date\">13.4.2026<\/time><div class=\"wp-block-latest-posts__post-excerpt\">KP arkkipiispa Elia toimittaa praasniekkaliturgian sunnuntaina 19.4. Liturgiassa KP arkkipiispa Elia vihkii diakoni Valtteri Oksan papiksi. Jumalanpalvelus alkaa klo 10. Tervetuloa!<\/div><\/li>\n<li><div class=\"wp-block-latest-posts__featured-image alignleft\"><img loading=\"lazy\" decoding=\"async\" width=\"300\" height=\"129\" src=\"https:\/\/ort.fi\/turku\/wp-content\/uploads\/2026\/04\/Pyhan-marttyyrikeisarinna-Aleksandran-kirkon-praasniekka-2100-x-900-px-1-300x129.png\" class=\"attachment-medium size-medium wp-post-image\" alt=\"Pyh\u00e4n marttyyrikeisarinna Aleksandran kirkon praasniekka (2100 x 900 px) (1)\" style=\"max-width:150px;max-height:150px;\" srcset=\"https:\/\/ort.fi\/turku\/wp-content\/uploads\/2026\/04\/Pyhan-marttyyrikeisarinna-Aleksandran-kirkon-praasniekka-2100-x-900-px-1-300x129.png 300w, https:\/\/ort.fi\/turku\/wp-content\/uploads\/2026\/04\/Pyhan-marttyyrikeisarinna-Aleksandran-kirkon-praasniekka-2100-x-900-px-1-1024x439.png 1024w, https:\/\/ort.fi\/turku\/wp-content\/uploads\/2026\/04\/Pyhan-marttyyrikeisarinna-Aleksandran-kirkon-praasniekka-2100-x-900-px-1-768x329.png 768w, https:\/\/ort.fi\/turku\/wp-content\/uploads\/2026\/04\/Pyhan-marttyyrikeisarinna-Aleksandran-kirkon-praasniekka-2100-x-900-px-1-1536x658.png 1536w, https:\/\/ort.fi\/turku\/wp-content\/uploads\/2026\/04\/Pyhan-marttyyrikeisarinna-Aleksandran-kirkon-praasniekka-2100-x-900-px-1-2048x878.png 2048w\" sizes=\"auto, (max-width: 300px) 100vw, 300px\" \/><\/div><a class=\"wp-block-latest-posts__post-title\" href=\"https:\/\/ort.fi\/turku\/2026\/04\/13\/aleksandran-praasniekka-18-19-4\/\">Aleksandran praasniekka 18.-19.4.<\/a><time datetime=\"2026-04-13T15:43:31+03:00\" class=\"wp-block-latest-posts__post-date\">13.4.2026<\/time><div class=\"wp-block-latest-posts__post-excerpt\">La 18.4. klo 17 vigilia, jonka j\u00e4lkeen Tiistaiseuran j\u00e4rjest\u00e4m\u00e4 iltatee. Su 19.4. klo 10 liturgia, jonka j\u00e4lkeen kirkkokahvit. Liturgian toimittaa KP arkkipiispa Elia. P\u00e4iv\u00e4juhlassa esiintyy viulisti Pietari Ovaskainen. Yliopistonkatu 19.<\/div><\/li>\n<li><div class=\"wp-block-latest-posts__featured-image alignleft\"><img loading=\"lazy\" decoding=\"async\" width=\"225\" height=\"300\" src=\"https:\/\/ort.fi\/turku\/wp-content\/uploads\/2026\/04\/kattokruunu-paasiainen-225x300.jpeg\" class=\"attachment-medium size-medium wp-post-image\" alt=\"Kattokruunu p\u00e4\u00e4si\u00e4isen\u00e4 Turun pyh\u00e4n Aleksandran kirkossa. Kuva: RP\" style=\"max-width:150px;max-height:150px;\" srcset=\"https:\/\/ort.fi\/turku\/wp-content\/uploads\/2026\/04\/kattokruunu-paasiainen-225x300.jpeg 225w, https:\/\/ort.fi\/turku\/wp-content\/uploads\/2026\/04\/kattokruunu-paasiainen-768x1024.jpeg 768w, https:\/\/ort.fi\/turku\/wp-content\/uploads\/2026\/04\/kattokruunu-paasiainen-1152x1536.jpeg 1152w, https:\/\/ort.fi\/turku\/wp-content\/uploads\/2026\/04\/kattokruunu-paasiainen.jpeg 1530w\" sizes=\"auto, (max-width: 225px) 100vw, 225px\" \/><\/div><a class=\"wp-block-latest-posts__post-title\" href=\"https:\/\/ort.fi\/turku\/2026\/04\/10\/muutos-koskien-lauantain-11-4-vigiliaa\/\">Muutos koskien lauantain 11.4. vigiliaa<\/a><time datetime=\"2026-04-10T08:41:17+03:00\" class=\"wp-block-latest-posts__post-date\">10.4.2026<\/time><div class=\"wp-block-latest-posts__post-excerpt\">Lauantaina 11.4.2026 klo 17\u201318.30 pyh\u00e4n Aleksandran kirkko on auki, mutta vigiliaa ei poikkeuksellisesti toimiteta. T\u00e4m\u00e4 johtuu torilla samaan aikaan pidett\u00e4v\u00e4st\u00e4 isosta konsertista. Papit ovat paikalla ja p\u00e4\u00e4si\u00e4iskoreja voi tuoda edelleen siunattavaksi.<\/div><\/li>\n<li><div class=\"wp-block-latest-posts__featured-image alignleft\"><img loading=\"lazy\" decoding=\"async\" width=\"225\" height=\"300\" src=\"https:\/\/ort.fi\/turku\/wp-content\/uploads\/2025\/11\/IMG_3212-225x300.jpg\" class=\"attachment-medium size-medium wp-post-image\" alt=\"Img 3212\" style=\"max-width:150px;max-height:150px;\" srcset=\"https:\/\/ort.fi\/turku\/wp-content\/uploads\/2025\/11\/IMG_3212-225x300.jpg 225w, https:\/\/ort.fi\/turku\/wp-content\/uploads\/2025\/11\/IMG_3212-768x1024.jpg 768w, https:\/\/ort.fi\/turku\/wp-content\/uploads\/2025\/11\/IMG_3212-1152x1536.jpg 1152w, https:\/\/ort.fi\/turku\/wp-content\/uploads\/2025\/11\/IMG_3212-1536x2048.jpg 1536w, https:\/\/ort.fi\/turku\/wp-content\/uploads\/2025\/11\/IMG_3212-scaled.jpg 1920w\" sizes=\"auto, (max-width: 225px) 100vw, 225px\" \/><\/div><a class=\"wp-block-latest-posts__post-title\" href=\"https:\/\/ort.fi\/turku\/2026\/04\/08\/comunicat-de-presa\/\">Comunicat de pres\u0103<\/a><time datetime=\"2026-04-08T16:11:03+03:00\" class=\"wp-block-latest-posts__post-date\">8.4.2026<\/time><div class=\"wp-block-latest-posts__post-excerpt\">Dragi surori \u0219i fra\u021bi, Hristos a \u00eenviat! \u00cen timpul preg\u0103tirii Postului Mare, mul\u021bi dintre noi am sim\u021bit \u00eengrijorare \u0219i incertitudine cu privire la ceea ce s-a \u00eent\u00e2mplat \u00een comunitatea rom\u00e2neasc\u0103 \u00een ultimul timp. Este de \u00een\u021beles c\u0103 situa\u021biile \u0219i deciziile pot ridica \u00eentreb\u0103ri. Dorim s\u0103 subliniem&hellip; <a class=\"continue\" href=\"https:\/\/ort.fi\/turku\/uutiset\/\">Continue Reading<span> Uutiset<\/span><\/a><\/div><\/li>\n<li><div class=\"wp-block-latest-posts__featured-image alignleft\"><img loading=\"lazy\" decoding=\"async\" width=\"225\" height=\"300\" src=\"https:\/\/ort.fi\/turku\/wp-content\/uploads\/2025\/11\/IMG_3212-225x300.jpg\" class=\"attachment-medium size-medium wp-post-image\" alt=\"Img 3212\" style=\"max-width:150px;max-height:150px;\" srcset=\"https:\/\/ort.fi\/turku\/wp-content\/uploads\/2025\/11\/IMG_3212-225x300.jpg 225w, https:\/\/ort.fi\/turku\/wp-content\/uploads\/2025\/11\/IMG_3212-768x1024.jpg 768w, https:\/\/ort.fi\/turku\/wp-content\/uploads\/2025\/11\/IMG_3212-1152x1536.jpg 1152w, https:\/\/ort.fi\/turku\/wp-content\/uploads\/2025\/11\/IMG_3212-1536x2048.jpg 1536w, https:\/\/ort.fi\/turku\/wp-content\/uploads\/2025\/11\/IMG_3212-scaled.jpg 1920w\" sizes=\"auto, (max-width: 225px) 100vw, 225px\" \/><\/div><a class=\"wp-block-latest-posts__post-title\" href=\"https:\/\/ort.fi\/turku\/2026\/04\/08\/seurakunnanneuvoston-tiedote\/\">Seurakunnanneuvoston tiedote<\/a><time datetime=\"2026-04-08T16:07:52+03:00\" class=\"wp-block-latest-posts__post-date\">8.4.2026<\/time><div class=\"wp-block-latest-posts__post-excerpt\">Rakkaat sisaret ja veljet, Kristus nousi kuolleista! Suuren paaston valmistautumisen aikana moni meist\u00e4 on kokenut huolta ja ep\u00e4tietoisuutta siit\u00e4, mit\u00e4 romanialaisyhteis\u00f6ss\u00e4 viime aikoina on tapahtunut. On ymm\u00e4rrett\u00e4v\u00e4\u00e4, ett\u00e4 tilanteet ja p\u00e4\u00e4t\u00f6kset voivat her\u00e4tt\u00e4\u00e4 kysymyksi\u00e4. Haluamme painottaa sit\u00e4, ett\u00e4 koko seurakunta \u2013 kaikki sen j\u00e4senet ja jokainen&hellip; <a class=\"continue\" href=\"https:\/\/ort.fi\/turku\/uutiset\/\">Continue Reading<span> Uutiset<\/span><\/a><\/div><\/li>\n<li><div class=\"wp-block-latest-posts__featured-image alignleft\"><img loading=\"lazy\" decoding=\"async\" width=\"300\" height=\"122\" src=\"https:\/\/ort.fi\/turku\/wp-content\/uploads\/2026\/04\/Lintula_kuva_2-300x122.jpg\" class=\"attachment-medium size-medium wp-post-image\" alt=\"Lintula ker\u00e4ysmainos.pdf\" style=\"max-width:150px;max-height:150px;\" srcset=\"https:\/\/ort.fi\/turku\/wp-content\/uploads\/2026\/04\/Lintula_kuva_2-300x122.jpg 300w, https:\/\/ort.fi\/turku\/wp-content\/uploads\/2026\/04\/Lintula_kuva_2-1024x417.jpg 1024w, https:\/\/ort.fi\/turku\/wp-content\/uploads\/2026\/04\/Lintula_kuva_2-768x313.jpg 768w, https:\/\/ort.fi\/turku\/wp-content\/uploads\/2026\/04\/Lintula_kuva_2.jpg 1158w\" sizes=\"auto, (max-width: 300px) 100vw, 300px\" \/><\/div><a class=\"wp-block-latest-posts__post-title\" href=\"https:\/\/ort.fi\/turku\/2026\/04\/08\/kirkkokahvit-turussa-12-4-2026-lintulan-luostarin-keittioremontin-hyvaksi\/\">Kirkkokahvit Turussa 12.4.2026 Lintulan luostarin keitti\u00f6remontin hyv\u00e4ksi<\/a><time datetime=\"2026-04-08T08:16:35+03:00\" class=\"wp-block-latest-posts__post-date\">8.4.2026<\/time><div class=\"wp-block-latest-posts__post-excerpt\">Lintulan sisaristoa, vieraita ja pyhiinvaeltajia palveleva keitti\u00f6 sijaitsee sisaristonasuinrakennuksessa, joka on rakennettu vuonna 1966. Vuonna 1993 keitti\u00f6 remontoitiin ja modernisoitiin. Nyt edellisest\u00e4 peruskorjauksesta on kulunut jo 33 vuotta.Jotta keitti\u00f6 voisi edelleen asianmukaisesti palvella niin sisaristoa kuin luostarin vieraita jatalkoolaisia, on peruskorjaus v\u00e4ltt\u00e4m\u00e4t\u00f6n. Korjauksen rahoittamiseksi Lintulan Luostarin&hellip; <a class=\"continue\" href=\"https:\/\/ort.fi\/turku\/uutiset\/\">Continue Reading<span> Uutiset<\/span><\/a><\/div><\/li>\n<li><div class=\"wp-block-latest-posts__featured-image alignleft\"><img loading=\"lazy\" decoding=\"async\" width=\"300\" height=\"202\" src=\"https:\/\/ort.fi\/turku\/wp-content\/uploads\/2026\/04\/1000051820-300x202.jpg\" class=\"attachment-medium size-medium wp-post-image\" alt=\"1000051820\" style=\"max-width:150px;max-height:150px;\" srcset=\"https:\/\/ort.fi\/turku\/wp-content\/uploads\/2026\/04\/1000051820-300x202.jpg 300w, https:\/\/ort.fi\/turku\/wp-content\/uploads\/2026\/04\/1000051820-1024x690.jpg 1024w, https:\/\/ort.fi\/turku\/wp-content\/uploads\/2026\/04\/1000051820-768x517.jpg 768w, https:\/\/ort.fi\/turku\/wp-content\/uploads\/2026\/04\/1000051820-1536x1034.jpg 1536w, https:\/\/ort.fi\/turku\/wp-content\/uploads\/2026\/04\/1000051820.jpg 2027w\" sizes=\"auto, (max-width: 300px) 100vw, 300px\" \/><\/div><a class=\"wp-block-latest-posts__post-title\" href=\"https:\/\/ort.fi\/turku\/2026\/04\/03\/live-youtube-lahetys-suuren-perjantain-ehtoopalvelus-klo-14\/\">Live Youtube-l\u00e4hetys;  Suuren perjantain ehtoopalvelus klo 14<\/a><time datetime=\"2026-04-03T13:08:52+03:00\" class=\"wp-block-latest-posts__post-date\">3.4.2026<\/time><div class=\"wp-block-latest-posts__post-excerpt\"><\/div><\/li>\n<\/ul>\n\n\n<p><\/p>\n","protected":false},"excerpt":{"rendered":"","protected":false},"author":3,"featured_media":0,"parent":0,"menu_order":0,"comment_status":"closed","ping_status":"closed","template":"","meta":{"slim_seo":{"title":"Uutiset - Turun ortodoksinen seurakunta","description":""},"footnotes":""},"class_list":["post-439","page","type-page","status-publish"],"_links":{"self":[{"href":"https:\/\/ort.fi\/turku\/wp-json\/wp\/v2\/pages\/439","targetHints":{"allow":["GET"]}}],"collection":[{"href":"https:\/\/ort.fi\/turku\/wp-json\/wp\/v2\/pages"}],"about":[{"href":"https:\/\/ort.fi\/turku\/wp-json\/wp\/v2\/types\/page"}],"author":[{"embeddable":true,"href":"https:\/\/ort.fi\/turku\/wp-json\/wp\/v2\/users\/3"}],"replies":[{"embeddable":true,"href":"https:\/\/ort.fi\/turku\/wp-json\/wp\/v2\/comments?post=439"}],"version-history":[{"count":0,"href":"https:\/\/ort.fi\/turku\/wp-json\/wp\/v2\/pages\/439\/revisions"}],"wp:attachment":[{"href":"https:\/\/ort.fi\/turku\/wp-json\/wp\/v2\/media?parent=439"}],"curies":[{"name":"wp","href":"https:\/\/api.w.org\/{rel}","templated":true}]}}