{"id":4377,"date":"2024-12-19T10:51:40","date_gmt":"2024-12-19T08:51:40","guid":{"rendered":"https:\/\/ort.fi\/ortturkusrk\/?page_id=4377"},"modified":"2025-12-11T13:46:26","modified_gmt":"2025-12-11T11:46:26","slug":"kirkkolaulupiiri","status":"publish","type":"page","link":"https:\/\/ort.fi\/turku\/kirkkolaulupiiri\/","title":{"rendered":"Kirkkolaulupiiri"},"content":{"rendered":"\n<p>Seurakunnassa toimii noin <strong>kerran kuussa keskiviikko-iltaisin klo 18:00-19:00<\/strong> yleens\u00e4 seurakuntasalilla kokoontuva kirkkolaulupiiri. Piirin ty\u00f6skentelyn tavoitteena on oppia laulamaan yksi\u00e4\u00e4nisesti jumalanpalveluksien yhteislauluosuuksia, opetella lukemaan laulavaa lukutapaa noudattaen (resitatiivinen lukeminen) sek\u00e4 tutustua ortodoksisen kirkon kahdeksans\u00e4velmist\u00f6\u00f6n teoriassa ja k\u00e4yt\u00e4nn\u00f6ss\u00e4.<\/p>\n\n\n\n<p>Piirin toiminta on suunnattu kaikille aiheesta kiinnostuneille, aiempaa kokemusta laulamisesta ei tarvita. <\/p>\n\n\n\n<p><strong>Piiri kokoontuu seurakuntasalilla kev\u00e4\u00e4ll\u00e4 2026 11.2. klo 18 ja 4.3. klo 18.45.<\/strong><\/p>\n\n\n\n<p>Piiri\u00e4 ohjaa kanttori Riikka Patrikainen (p.044 9012344 tai riikka.patrikainen@ort.fi). Ei ilmoittautumista.<\/p>\n\n\n\n<p><strong><em>Kirkkolaulupiirin kokoontumisp\u00e4iv\u00e4t<\/em><\/strong><em><strong> n\u00e4kyv\u00e4t my\u00f6s seurakunnan s\u00e4hk\u00f6isess\u00e4 kalenterissa aina kuukausi kerrallaan:<\/strong><\/em><\/p>\n\n\n\n<iframe width='1000' height='650' frameborder='0' scrolling='auto'\nmarginheight='0' marginwidth='0' style=\".otsikko {font-size: large;}\"\nsrc='https:\/\/www.mvsoy.fi\/data\/ort\/turku\/lehteen\/tapahtumat.phtml?hakualue%5B%5D=Kirkkolaulupiiri'><\/iframe>\n","protected":false},"excerpt":{"rendered":"<p>Seurakunnassa toimii noin kerran kuussa keskiviikko-iltaisin klo 18:00-19:00 yleens\u00e4 seurakuntasalilla kokoontuva kirkkolaulupiiri. Piirin ty\u00f6skentelyn tavoitteena on oppia laulamaan yksi\u00e4\u00e4nisesti jumalanpalveluksien yhteislauluosuuksia, opetella lukemaan laulavaa lukutapaa noudattaen (resitatiivinen lukeminen) sek\u00e4 tutustua ortodoksisen kirkon kahdeksans\u00e4velmist\u00f6\u00f6n teoriassa ja k\u00e4yt\u00e4nn\u00f6ss\u00e4. Piirin toiminta on suunnattu kaikille aiheesta kiinnostuneille, aiempaa kokemusta laulamisesta ei tarvita. Piiri kokoontuu seurakuntasalilla kev\u00e4\u00e4ll\u00e4 2026 11.2. klo&hellip; <a class=\"continue\" href=\"https:\/\/ort.fi\/turku\/kirkkolaulupiiri\/\">Continue Reading<span> Kirkkolaulupiiri<\/span><\/a><\/p>\n","protected":false},"author":5,"featured_media":0,"parent":0,"menu_order":0,"comment_status":"closed","ping_status":"closed","template":"","meta":{"slim_seo":{"title":"Kirkkolaulupiiri - Turun ortodoksinen seurakunta","description":"Seurakunnassa toimii noin kerran kuussa keskiviikko-iltaisin klo 18:00-19:00 yleens\u00e4 seurakuntasalilla kokoontuva kirkkolaulupiiri. Piirin ty\u00f6skentelyn tavoitte"},"footnotes":""},"class_list":["post-4377","page","type-page","status-publish"],"_links":{"self":[{"href":"https:\/\/ort.fi\/turku\/wp-json\/wp\/v2\/pages\/4377","targetHints":{"allow":["GET"]}}],"collection":[{"href":"https:\/\/ort.fi\/turku\/wp-json\/wp\/v2\/pages"}],"about":[{"href":"https:\/\/ort.fi\/turku\/wp-json\/wp\/v2\/types\/page"}],"author":[{"embeddable":true,"href":"https:\/\/ort.fi\/turku\/wp-json\/wp\/v2\/users\/5"}],"replies":[{"embeddable":true,"href":"https:\/\/ort.fi\/turku\/wp-json\/wp\/v2\/comments?post=4377"}],"version-history":[{"count":4,"href":"https:\/\/ort.fi\/turku\/wp-json\/wp\/v2\/pages\/4377\/revisions"}],"predecessor-version":[{"id":9255,"href":"https:\/\/ort.fi\/turku\/wp-json\/wp\/v2\/pages\/4377\/revisions\/9255"}],"wp:attachment":[{"href":"https:\/\/ort.fi\/turku\/wp-json\/wp\/v2\/media?parent=4377"}],"curies":[{"name":"wp","href":"https:\/\/api.w.org\/{rel}","templated":true}]}}