{"id":4253,"date":"2024-12-17T17:01:44","date_gmt":"2024-12-17T15:01:44","guid":{"rendered":"https:\/\/ort.fi\/ortturkusrk\/?page_id=4253"},"modified":"2025-02-02T15:25:09","modified_gmt":"2025-02-02T13:25:09","slug":"vuoden-2023-seurakunnanneuvoston-poytakirjat","status":"publish","type":"page","link":"https:\/\/ort.fi\/turku\/vuoden-2023-seurakunnanneuvoston-poytakirjat\/","title":{"rendered":"Vuoden 2023 seurakunnanneuvoston p\u00f6yt\u00e4kirjat"},"content":{"rendered":"\n<p><a href=\"https:\/\/ort.fi\/turku\/wp-content\/uploads\/2024\/12\/Neuvosto_5_2023_pk.pdf\">Seurakunnanneuvoston p\u00f6yt\u00e4kirja 29.5.2023<\/a><\/p>\n\n\n\n<p><a href=\"https:\/\/ort.fi\/turku\/wp-content\/uploads\/2024\/12\/Neuvosto_6_2023_pk.pdf\">Seurakunnanneuvoston p\u00f6yt\u00e4kirja <\/a><a href=\"https:\/\/ort.fi\/ortturkusrk\/wp-content\/uploads\/2024\/12\/Neuvosto_6_2023_pk.pdf\">22.8.2023<\/a><\/p>\n\n\n\n<p><a href=\"https:\/\/ort.fi\/turku\/wp-content\/uploads\/2024\/12\/Neuvosto_7_2023_pk.pdf\">Seurakunnanneuvoston p\u00f6yt\u00e4kirja 14.9.2023<\/a><\/p>\n\n\n\n<p class=\"has-medium-font-size\"><a href=\"https:\/\/ort.fi\/turku\/wp-content\/uploads\/2024\/12\/Neuvosto_8_2023_pk.pdf\">Seurakunnanneuvoston p\u00f6yt\u00e4kirja 23.10.2023<\/a><\/p>\n\n\n\n<p><a href=\"https:\/\/ort.fi\/turku\/wp-content\/uploads\/2024\/12\/Neuvosto_9_2023_pk.pdf\">Seurakunnanneuvoston p\u00f6yt\u00e4kirja 11.12.2023<\/a><\/p>\n\n\n\n<p><\/p>\n","protected":false},"excerpt":{"rendered":"<p>Seurakunnanneuvoston p\u00f6yt\u00e4kirja 29.5.2023 Seurakunnanneuvoston p\u00f6yt\u00e4kirja 22.8.2023 Seurakunnanneuvoston p\u00f6yt\u00e4kirja 14.9.2023 Seurakunnanneuvoston p\u00f6yt\u00e4kirja 23.10.2023 Seurakunnanneuvoston p\u00f6yt\u00e4kirja 11.12.2023<\/p>\n","protected":false},"author":3,"featured_media":0,"parent":0,"menu_order":0,"comment_status":"closed","ping_status":"closed","template":"","meta":{"slim_seo":{"title":"Vuoden 2023 seurakunnanneuvoston p\u00f6yt\u00e4kirjat - Turun ortodoksinen seurakunta","description":"Seurakunnanneuvoston p\u00f6yt\u00e4kirja 29.5.2023 Seurakunnanneuvoston p\u00f6yt\u00e4kirja 22.8.2023 Seurakunnanneuvoston p\u00f6yt\u00e4kirja 14.9.2023 Seurakunnanneuvoston p\u00f6yt\u00e4kirja 23"},"footnotes":""},"class_list":["post-4253","page","type-page","status-publish"],"_links":{"self":[{"href":"https:\/\/ort.fi\/turku\/wp-json\/wp\/v2\/pages\/4253","targetHints":{"allow":["GET"]}}],"collection":[{"href":"https:\/\/ort.fi\/turku\/wp-json\/wp\/v2\/pages"}],"about":[{"href":"https:\/\/ort.fi\/turku\/wp-json\/wp\/v2\/types\/page"}],"author":[{"embeddable":true,"href":"https:\/\/ort.fi\/turku\/wp-json\/wp\/v2\/users\/3"}],"replies":[{"embeddable":true,"href":"https:\/\/ort.fi\/turku\/wp-json\/wp\/v2\/comments?post=4253"}],"version-history":[{"count":0,"href":"https:\/\/ort.fi\/turku\/wp-json\/wp\/v2\/pages\/4253\/revisions"}],"wp:attachment":[{"href":"https:\/\/ort.fi\/turku\/wp-json\/wp\/v2\/media?parent=4253"}],"curies":[{"name":"wp","href":"https:\/\/api.w.org\/{rel}","templated":true}]}}