{"id":417,"date":"2024-04-30T10:39:48","date_gmt":"2024-04-30T07:39:48","guid":{"rendered":"https:\/\/ort.fi\/ortturkusrk\/?page_id=417"},"modified":"2025-12-23T15:30:43","modified_gmt":"2025-12-23T13:30:43","slug":"tno","status":"publish","type":"page","link":"https:\/\/ort.fi\/turku\/tno\/","title":{"rendered":"Turun Nuoret Ortodoksit \u2013 TNO"},"content":{"rendered":"\n<p>TNO on nuorille n. 15-25-vuotiaille tarkoitettu matalakynnyksinen kerho. Kerhon tarkoituksena on vahvistaa seurakuntamme ortodoksinuorten yhteydenpitoa ja keksi\u00e4 mukavaa yhteist\u00e4 tekemist\u00e4. Tapaamiset ovat rentoa hengailua esim. leipomista, pelailua, leffailtoja ja piknikki\u00e4. Tapaamisiin voi ilmesty\u00e4 paikalle, kun itselle sopii.<\/p>\n\n\n\n<p>Tapaamiset alkavat klo 17 ja loppuvat klo 20.30 ellei toisin ilmoiteta. Seuraavat TNO:n tapaamisten ajankohdat ovat <strong>16.1., 13.2., 7.2., 20.3., 28.3., 6.4., 19.4., 24.4., 15.\/16.5., 20.5., 7.6.<\/strong> Tapaamme p\u00e4\u00e4s\u00e4\u00e4nt\u00f6isesti perjantaisin klo 17. Muissa tapauksissa ilmoitamme ajankohdan etuk\u00e4teen.<\/p>\n\n\n\n<p>Luvassa on mm. pelailua, pulkkailua, opiskeluiltoja sek\u00e4 myyj\u00e4isj\u00e4rjestelyj\u00e4. Tapaamiset ilmoitetaan TNO:n Instagramissa ja Facebookissa. Tapaamisiin voi ilmesty\u00e4 paikalle kun itselle sopii. <\/p>\n\n\n\n<p>Tapaamisajankohdat ja tarkemmat tiedot l\u00f6yd\u00e4t meid\u00e4n Instagram- ja Facebook-tileilt\u00e4: <strong>@turunnuoretortodoksit <\/strong>ja<strong> TNO \u2013 Turun nuoret ortodoksit<\/strong>.Tervetuloa mukaan mahtavaan joukkoomme!<\/p>\n\n\n\n<h2 class=\"wp-block-heading\">Yhteystiedot:<\/h2>\n\n\n\n<p>Nikolaos Lampropoulos: <a href=\"mailto:nikolaoslampropoulos04@gmail.com\">nikolaoslampropoulos04@gmail.com<\/a>.<\/p>\n\n\n\n<p>Lenni Sigfridsson: <a href=\"mailto:lenni.sigfridsson@gmail.com\">lenni.sigfridsson@gmail.com<\/a>)<\/p>\n\n\n\n<p>Silja Sigfridsson: <a href=\"mailto:siljafanni@gmail.com\">siljafanni@gmail.com<\/a><\/p>\n\n\n\n<p>Katariina Taimen: taimen.katariina@gmail.com<\/p>\n\n\n\n<iframe width='1000' height='450' frameborder='0' scrolling='auto'\nmarginheight='0' marginwidth='0' style=\".otsikko {font-size: large;}\"\nsrc='https:\/\/www.mvsoy.fi\/data\/ort\/turku\/lehteen\/tapahtumat.phtml?hakualue%5B%5D=TNO (Turun nuoret ortodoksit)'><\/iframe>\n","protected":false},"excerpt":{"rendered":"<p>TNO on nuorille n. 15-25-vuotiaille tarkoitettu matalakynnyksinen kerho. Kerhon tarkoituksena on vahvistaa seurakuntamme ortodoksinuorten yhteydenpitoa ja keksi\u00e4 mukavaa yhteist\u00e4 tekemist\u00e4. Tapaamiset ovat rentoa hengailua esim. leipomista, pelailua, leffailtoja ja piknikki\u00e4. Tapaamisiin voi ilmesty\u00e4 paikalle, kun itselle sopii. Tapaamiset alkavat klo 17 ja loppuvat klo 20.30 ellei toisin ilmoiteta. Seuraavat TNO:n tapaamisten ajankohdat ovat 16.1., 13.2.,&hellip; <a class=\"continue\" href=\"https:\/\/ort.fi\/turku\/tno\/\">Continue Reading<span> Turun Nuoret Ortodoksit \u2013 TNO<\/span><\/a><\/p>\n","protected":false},"author":3,"featured_media":4969,"parent":0,"menu_order":0,"comment_status":"closed","ping_status":"closed","template":"","meta":{"slim_seo":{"title":"Turun Nuoret Ortodoksit \u2013 TNO - Turun ortodoksinen seurakunta","description":"TNO on nuorille n. 15-25-vuotiaille tarkoitettu matalakynnyksinen kerho. Kerhon tarkoituksena on vahvistaa seurakuntamme ortodoksinuorten yhteydenpitoa ja keksi"},"footnotes":""},"class_list":["post-417","page","type-page","status-publish","has-post-thumbnail"],"_links":{"self":[{"href":"https:\/\/ort.fi\/turku\/wp-json\/wp\/v2\/pages\/417","targetHints":{"allow":["GET"]}}],"collection":[{"href":"https:\/\/ort.fi\/turku\/wp-json\/wp\/v2\/pages"}],"about":[{"href":"https:\/\/ort.fi\/turku\/wp-json\/wp\/v2\/types\/page"}],"author":[{"embeddable":true,"href":"https:\/\/ort.fi\/turku\/wp-json\/wp\/v2\/users\/3"}],"replies":[{"embeddable":true,"href":"https:\/\/ort.fi\/turku\/wp-json\/wp\/v2\/comments?post=417"}],"version-history":[{"count":5,"href":"https:\/\/ort.fi\/turku\/wp-json\/wp\/v2\/pages\/417\/revisions"}],"predecessor-version":[{"id":9411,"href":"https:\/\/ort.fi\/turku\/wp-json\/wp\/v2\/pages\/417\/revisions\/9411"}],"wp:featuredmedia":[{"embeddable":true,"href":"https:\/\/ort.fi\/turku\/wp-json\/wp\/v2\/media\/4969"}],"wp:attachment":[{"href":"https:\/\/ort.fi\/turku\/wp-json\/wp\/v2\/media?parent=417"}],"curies":[{"name":"wp","href":"https:\/\/api.w.org\/{rel}","templated":true}]}}