{"id":3867,"date":"2024-12-13T21:04:22","date_gmt":"2024-12-13T19:04:22","guid":{"rendered":"https:\/\/ort.fi\/ortturkusrk\/?page_id=3867"},"modified":"2025-01-29T13:14:59","modified_gmt":"2025-01-29T11:14:59","slug":"%d0%bd%d0%be%d0%b2%d0%be%d1%81%d1%82%d0%b8-%d0%b8-%d1%81%d0%be%d1%86-%d1%81%d0%b5%d1%82%d0%b8","status":"publish","type":"page","link":"https:\/\/ort.fi\/turku\/%d0%bd%d0%be%d0%b2%d0%be%d1%81%d1%82%d0%b8-%d0%b8-%d1%81%d0%be%d1%86-%d1%81%d0%b5%d1%82%d0%b8\/","title":{"rendered":"\u041d\u043e\u0432\u043e\u0441\u0442\u0438 \u0438 \u0441\u043e\u0446.\u0441\u0435\u0442\u0438"},"content":{"rendered":"\n<h5 class=\"wp-block-heading\"><strong><em>\u041d\u043e\u0432\u043e\u0441\u0442\u0438 <\/em><\/strong><\/h5>\n\n\n<ul class=\"wp-block-latest-posts__list has-dates wp-block-latest-posts\"><li><div class=\"wp-block-latest-posts__featured-image\"><img loading=\"lazy\" decoding=\"async\" width=\"300\" height=\"202\" src=\"https:\/\/ort.fi\/turku\/wp-content\/uploads\/2026\/04\/1000051820-300x202.jpg\" class=\"attachment-medium size-medium wp-post-image\" alt=\"1000051820\" style=\"\" srcset=\"https:\/\/ort.fi\/turku\/wp-content\/uploads\/2026\/04\/1000051820-300x202.jpg 300w, https:\/\/ort.fi\/turku\/wp-content\/uploads\/2026\/04\/1000051820-1024x690.jpg 1024w, https:\/\/ort.fi\/turku\/wp-content\/uploads\/2026\/04\/1000051820-768x517.jpg 768w, https:\/\/ort.fi\/turku\/wp-content\/uploads\/2026\/04\/1000051820-1536x1034.jpg 1536w, https:\/\/ort.fi\/turku\/wp-content\/uploads\/2026\/04\/1000051820.jpg 2027w\" sizes=\"auto, (max-width: 300px) 100vw, 300px\" \/><\/div><a class=\"wp-block-latest-posts__post-title\" href=\"https:\/\/ort.fi\/turku\/2026\/04\/03\/live-youtube-lahetys-suuren-perjantain-ehtoopalvelus-klo-14\/\">Live Youtube-l\u00e4hetys;  Suuren perjantain ehtoopalvelus klo 14<\/a><time datetime=\"2026-04-03T13:08:52+03:00\" class=\"wp-block-latest-posts__post-date\">3.4.2026<\/time><div class=\"wp-block-latest-posts__post-excerpt\"><\/div><\/li>\n<li><div class=\"wp-block-latest-posts__featured-image\"><img loading=\"lazy\" decoding=\"async\" width=\"300\" height=\"202\" src=\"https:\/\/ort.fi\/turku\/wp-content\/uploads\/2026\/04\/1000051819-300x202.jpg\" class=\"attachment-medium size-medium wp-post-image\" alt=\"1000051819\" style=\"\" srcset=\"https:\/\/ort.fi\/turku\/wp-content\/uploads\/2026\/04\/1000051819-300x202.jpg 300w, https:\/\/ort.fi\/turku\/wp-content\/uploads\/2026\/04\/1000051819-1024x688.jpg 1024w, https:\/\/ort.fi\/turku\/wp-content\/uploads\/2026\/04\/1000051819-768x516.jpg 768w, https:\/\/ort.fi\/turku\/wp-content\/uploads\/2026\/04\/1000051819-1536x1033.jpg 1536w, https:\/\/ort.fi\/turku\/wp-content\/uploads\/2026\/04\/1000051819-2048x1377.jpg 2048w\" sizes=\"auto, (max-width: 300px) 100vw, 300px\" \/><\/div><a class=\"wp-block-latest-posts__post-title\" href=\"https:\/\/ort.fi\/turku\/2026\/04\/03\/live-kristuksen-hautauspalvelus-klo-17\/\">Live Youtube-l\u00e4hetys; Kristuksen hautauspalvelus, klo 17<\/a><time datetime=\"2026-04-03T12:44:53+03:00\" class=\"wp-block-latest-posts__post-date\">3.4.2026<\/time><div class=\"wp-block-latest-posts__post-excerpt\"><\/div><\/li>\n<li><div class=\"wp-block-latest-posts__featured-image\"><img loading=\"lazy\" decoding=\"async\" width=\"225\" height=\"300\" src=\"https:\/\/ort.fi\/turku\/wp-content\/uploads\/2026\/03\/20250419_214746-225x300.jpg\" class=\"attachment-medium size-medium wp-post-image\" alt=\"Turun pyh\u00e4n Aleksandran kirkko p\u00e4\u00e4si\u00e4isy\u00f6n\u00e4 2025.\" style=\"\" srcset=\"https:\/\/ort.fi\/turku\/wp-content\/uploads\/2026\/03\/20250419_214746-225x300.jpg 225w, https:\/\/ort.fi\/turku\/wp-content\/uploads\/2026\/03\/20250419_214746-768x1024.jpg 768w, https:\/\/ort.fi\/turku\/wp-content\/uploads\/2026\/03\/20250419_214746-1152x1536.jpg 1152w, https:\/\/ort.fi\/turku\/wp-content\/uploads\/2026\/03\/20250419_214746-1536x2048.jpg 1536w, https:\/\/ort.fi\/turku\/wp-content\/uploads\/2026\/03\/20250419_214746-scaled.jpg 1920w\" sizes=\"auto, (max-width: 225px) 100vw, 225px\" \/><\/div><a class=\"wp-block-latest-posts__post-title\" href=\"https:\/\/ort.fi\/turku\/2026\/03\/27\/%d0%b8%d0%bd%d1%84%d0%be%d1%80%d0%bc%d0%b0%d1%86%d0%b8%d1%8f-%d0%be-%d0%bf%d0%b0%d1%81%d1%85%d0%b0%d0%bb%d1%8c%d0%bd%d0%be%d0%bc-%d0%bd%d0%be%d1%87%d0%bd%d0%be%d0%bc-%d0%b1%d0%be%d0%b3%d0%be%d1%81\/\">\u0418\u043d\u0444\u043e\u0440\u043c\u0430\u0446\u0438\u044f \u043e \u043f\u0430\u0441\u0445\u0430\u043b\u044c\u043d\u043e\u043c \u043d\u043e\u0447\u043d\u043e\u043c \u0431\u043e\u0433\u043e\u0441\u043b\u0443\u0436\u0435\u043d\u0438\u0438\u0432 \u041f\u0440\u0430\u0432\u043e\u0441\u043b\u0430\u0432\u043d\u043e\u043c \u043f\u0440\u0438\u0445\u043e\u0434\u0435 \u0422\u0443\u0440\u043a\u0443<\/a><time datetime=\"2026-03-27T20:10:09+02:00\" class=\"wp-block-latest-posts__post-date\">27.3.2026<\/time><div class=\"wp-block-latest-posts__post-excerpt\">\u0412 \u044d\u0442\u043e\u043c \u0433\u043e\u0434\u0443 \u043f\u0430\u0441\u0445\u0430\u043b\u044c\u043d\u044b\u0435 \u043d\u043e\u0447\u043d\u044b\u0435 \u0431\u043e\u0433\u043e\u0441\u043b\u0443\u0436\u0435\u043d\u0438\u044f \u0432 \u041f\u0440\u0430\u0432\u043e\u0441\u043b\u0430\u0432\u043d\u043e\u043c \u043f\u0440\u0438\u0445\u043e\u0434\u0435 \u0422\u0443\u0440\u043a\u0443 \u0431\u0443\u0434\u0443\u0442 \u043e\u0441\u043e\u0431\u0435\u043d\u043d\u043e \u0442\u043e\u0440\u0436\u0435\u0441\u0442\u0432\u0435\u043d\u043d\u044b\u043c\u0438: \u0438\u0445 \u0432\u043e\u0437\u0433\u043b\u0430\u0432\u0438\u0442 \u0411\u043b\u0430\u0436\u0435\u043d\u043d\u0435\u0439\u0448\u0438\u0439 \u0418\u043b\u0438\u044f, \u0410\u0440\u0445\u0438\u0435\u043f\u0438\u0441\u043a\u043e\u043f \u0425\u0435\u043b\u044c\u0441\u0438\u043d\u043a\u0438 \u0438 \u0432\u0441\u0435\u0439 \u0424\u0438\u043d\u043b\u044f\u043d\u0434\u0438\u0438. \u041a\u0440\u0435\u0441\u0442\u043d\u044b\u0439 \u0445\u043e\u0434, \u0443\u0442\u0440\u0435\u043d\u044f \u0438 \u0411\u043e\u0436\u0435\u0441\u0442\u0432\u0435\u043d\u043d\u0430\u044f \u043b\u0438\u0442\u0443\u0440\u0433\u0438\u044f \u0431\u0443\u0434\u0443\u0442 \u0442\u0430\u043a\u0436\u0435 \u0442\u0440\u0430\u043d\u0441\u043b\u0438\u0440\u043e\u0432\u0430\u0442\u044c\u0441\u044f \u043f\u043e \u0442\u0435\u043b\u0435\u0432\u0438\u0434\u0435\u043d\u0438\u044e. \u0411\u043e\u0433\u043e\u0441\u043b\u0443\u0436\u0435\u043d\u0438\u0435 \u043d\u0430\u0447\u043d\u0451\u0442\u0441\u044f \u043f\u043e\u043b\u0443\u043d\u043e\u0449\u043d\u0438\u0446\u0435\u0439 \u0432 23:15. \u0422\u0435\u043b\u0435\u0442\u0440\u0430\u043d\u0441\u043b\u044f\u0446\u0438\u044f \u043d\u0430\u0447\u043d\u0451\u0442\u0441\u044f \u0432 23:55. \u041f\u0430\u0441\u0445\u0430\u043b\u044c\u043d\u0430\u044f \u043d\u043e\u0447\u044c \u2014 \u0432\u0435\u043b\u0438\u0447\u0430\u0439\u0448\u0438\u0439 \u0438 \u0441\u0430\u043c\u044b\u0439 \u0440\u0430\u0434\u043e\u0441\u0442\u043d\u044b\u0439 \u043f\u0440\u0430\u0437\u0434\u043d\u0438\u043a \u0446\u0435\u0440\u043a\u043e\u0432\u043d\u043e\u0433\u043e \u0433\u043e\u0434\u0430. \u041e\u0436\u0438\u0434\u0430\u0435\u0442\u0441\u044f, \u0447\u0442\u043e \u0432&hellip; <a class=\"continue\" href=\"https:\/\/ort.fi\/turku\/%d0%bd%d0%be%d0%b2%d0%be%d1%81%d1%82%d0%b8-%d0%b8-%d1%81%d0%be%d1%86-%d1%81%d0%b5%d1%82%d0%b8\/\">Continue Reading<span> \u041d\u043e\u0432\u043e\u0441\u0442\u0438 \u0438 \u0441\u043e\u0446.\u0441\u0435\u0442\u0438<\/span><\/a><\/div><\/li>\n<li><div class=\"wp-block-latest-posts__featured-image\"><img loading=\"lazy\" decoding=\"async\" width=\"240\" height=\"300\" src=\"https:\/\/ort.fi\/turku\/wp-content\/uploads\/2025\/12\/3-240x300.png\" class=\"attachment-medium size-medium wp-post-image\" alt=\"3\" style=\"\" srcset=\"https:\/\/ort.fi\/turku\/wp-content\/uploads\/2025\/12\/3-240x300.png 240w, https:\/\/ort.fi\/turku\/wp-content\/uploads\/2025\/12\/3-819x1024.png 819w, https:\/\/ort.fi\/turku\/wp-content\/uploads\/2025\/12\/3-768x960.png 768w, https:\/\/ort.fi\/turku\/wp-content\/uploads\/2025\/12\/3-e1765126472615.png 400w\" sizes=\"auto, (max-width: 240px) 100vw, 240px\" \/><\/div><a class=\"wp-block-latest-posts__post-title\" href=\"https:\/\/ort.fi\/turku\/2025\/12\/18\/%d1%80%d0%be%d0%b6%d0%b4%d0%b5%d1%81%d1%82%d0%b2%d0%b5%d0%bd%d1%81%d0%ba%d0%b8%d0%b5-%d0%b1%d0%be%d0%b3%d0%be%d1%81%d0%bb%d1%83%d0%b6%d0%b5%d0%bd%d0%b8%d1%8f\/\">\u0420\u043e\u0436\u0434\u0435\u0441\u0442\u0432\u0435\u043d\u0441\u043a\u0438\u0435 \u0431\u043e\u0433\u043e\u0441\u043b\u0443\u0436\u0435\u043d\u0438\u044f<\/a><time datetime=\"2025-12-18T09:30:00+02:00\" class=\"wp-block-latest-posts__post-date\">18.12.2025<\/time><div class=\"wp-block-latest-posts__post-excerpt\">\u0414\u043e\u0431\u0440\u043e \u043f\u043e\u0436\u0430\u043b\u043e\u0432\u0430\u0442\u044c \u043f\u0440\u0430\u0437\u0434\u043d\u043e\u0432\u0430\u0442\u044c \u0420\u043e\u0436\u0434\u0435\u0441\u0442\u0432\u043e \u0432\u043c\u0435\u0441\u0442\u0435 \u0441 \u043d\u0430\u043c\u0438!\u0420\u043e\u0436\u0434\u0435\u0441\u0442\u0432\u0435\u043d\u0441\u043a\u0438\u0435 \u0431\u043e\u0433\u043e\u0441\u043b\u0443\u0436\u0435\u043d\u0438\u044f \u043f\u0440\u0438\u0445\u043e\u0434\u0430 \u0441\u043e\u0441\u0442\u043e\u044f\u0442\u0441\u044f \u0432 \u0420\u0430\u0443\u043c\u0435, \u0421\u0430\u043b\u043e \u0438 \u0422\u0443\u0440\u043a\u0443 \u0441\u043e\u0433\u043b\u0430\u0441\u043d\u043e \u0443\u043a\u0430\u0437\u0430\u043d\u043d\u043e\u043c\u0443 \u0440\u0430\u0441\u043f\u0438\u0441\u0430\u043d\u0438\u044e.\u0421\u0435\u0440\u0434\u0435\u0447\u043d\u043e \u043f\u0440\u0438\u0433\u043b\u0430\u0448\u0430\u0435\u043c!<\/div><\/li>\n<li><div class=\"wp-block-latest-posts__featured-image\"><img loading=\"lazy\" decoding=\"async\" width=\"300\" height=\"225\" src=\"https:\/\/ort.fi\/turku\/wp-content\/uploads\/2025\/05\/20230612_085517-300x225.jpg\" class=\"attachment-medium size-medium wp-post-image\" alt=\"20230612\" style=\"\" srcset=\"https:\/\/ort.fi\/turku\/wp-content\/uploads\/2025\/05\/20230612_085517-300x225.jpg 300w, https:\/\/ort.fi\/turku\/wp-content\/uploads\/2025\/05\/20230612_085517-1024x768.jpg 1024w, https:\/\/ort.fi\/turku\/wp-content\/uploads\/2025\/05\/20230612_085517-768x576.jpg 768w, https:\/\/ort.fi\/turku\/wp-content\/uploads\/2025\/05\/20230612_085517-1536x1152.jpg 1536w, https:\/\/ort.fi\/turku\/wp-content\/uploads\/2025\/05\/20230612_085517-2048x1536.jpg 2048w\" sizes=\"auto, (max-width: 300px) 100vw, 300px\" \/><\/div><a class=\"wp-block-latest-posts__post-title\" href=\"https:\/\/ort.fi\/turku\/2025\/10\/08\/den-gudomliga-liturgin-lordagen-den-11-oktober-kl-10-00-i-st-gorankyrkan\/\">Den gudomliga liturgin l\u00f6rdagen den 11 oktober kl. 10.00 i St. G\u00f6rankyrkan<\/a><time datetime=\"2025-10-08T14:10:20+03:00\" class=\"wp-block-latest-posts__post-date\">8.10.2025<\/time><div class=\"wp-block-latest-posts__post-excerpt\">Den gudomliga liturgin l\u00f6rdagen den 11 oktober kl. 10.00 i St. G\u00f6rankyrkan. \u00c4rkebiskop Elia av Finland kommer att leda gudstj\u00e4nsten. St. G\u00f6ran kyrka, \u00d6stra Esplanadgatan 6, 22100 Mariehamn V\u00e4lkommen!<\/div><\/li>\n<\/ul>\n\n\n<p><\/p>\n","protected":false},"excerpt":{"rendered":"<p>\u041d\u043e\u0432\u043e\u0441\u0442\u0438<\/p>\n","protected":false},"author":21,"featured_media":0,"parent":0,"menu_order":0,"comment_status":"closed","ping_status":"closed","template":"","meta":{"slim_seo":{"title":"\u041d\u043e\u0432\u043e\u0441\u0442\u0438 \u0438 \u0441\u043e\u0446.\u0441\u0435\u0442\u0438 - Turun ortodoksinen seurakunta","description":"\u041d\u043e\u0432\u043e\u0441\u0442\u0438"},"footnotes":""},"class_list":["post-3867","page","type-page","status-publish"],"_links":{"self":[{"href":"https:\/\/ort.fi\/turku\/wp-json\/wp\/v2\/pages\/3867","targetHints":{"allow":["GET"]}}],"collection":[{"href":"https:\/\/ort.fi\/turku\/wp-json\/wp\/v2\/pages"}],"about":[{"href":"https:\/\/ort.fi\/turku\/wp-json\/wp\/v2\/types\/page"}],"author":[{"embeddable":true,"href":"https:\/\/ort.fi\/turku\/wp-json\/wp\/v2\/users\/21"}],"replies":[{"embeddable":true,"href":"https:\/\/ort.fi\/turku\/wp-json\/wp\/v2\/comments?post=3867"}],"version-history":[{"count":0,"href":"https:\/\/ort.fi\/turku\/wp-json\/wp\/v2\/pages\/3867\/revisions"}],"wp:attachment":[{"href":"https:\/\/ort.fi\/turku\/wp-json\/wp\/v2\/media?parent=3867"}],"curies":[{"name":"wp","href":"https:\/\/api.w.org\/{rel}","templated":true}]}}