{"id":385,"date":"2024-04-30T10:32:48","date_gmt":"2024-04-30T07:32:48","guid":{"rendered":"https:\/\/ort.fi\/ortturkusrk\/?page_id=385"},"modified":"2025-02-02T15:12:00","modified_gmt":"2025-02-02T13:12:00","slug":"seurakunnanvaltuusto","status":"publish","type":"page","link":"https:\/\/ort.fi\/turku\/seurakunnanvaltuusto\/","title":{"rendered":"Seurakunnanvaltuusto"},"content":{"rendered":"\n<p>Laki ortodoksista kirkosta pyk\u00e4l\u00e4n 56 ja kirkkoj\u00e4rjestyksen pyk\u00e4l\u00e4n 87 mukaan seurakunnan korkein elin on seurakunnanvaltuusto, joka k\u00e4ytt\u00e4\u00e4 seurakunnan p\u00e4\u00e4t\u00f6svaltaa. Seurakunnanvaltuusto on tietyiss\u00e4 asioissa alisteinen hiippakunnan piispalle.<\/p>\n\n\n\n<p>Turun ortodoksisen seurakunnan seurakunnanvaltuuston j\u00e4senet kaudelle 2024-2027 ovat: Florea Maria, Harikkala-Laihinen Riikka, (varapuheenjohtaja), Kaari Tapio, Koponen Riitta, Kulmala Kalle, Kuusela Maisa (varapuheenjohtaja), Lampropoulos Ioannis (kirkkoherra), Lehtinen Leena, Nikolaev Kirill, Ojanen Tarja, Oksa Valtteri, Rantanen Veera, Ratilainen Niina, Sigfridsson Lenni, Viitaniemi Vesa (puheenjohtaja), Ylinen Mikko.<\/p>\n\n\n\n<p>Seurakunnanvaltuuston teht\u00e4v\u00e4n\u00e4 on mm. edist\u00e4\u00e4 seurakunnan hengellist\u00e4 el\u00e4m\u00e4\u00e4 sek\u00e4 ohjata ja valvoa kasvatus-, nuoriso- ja diakoniatoimintaa; valita hiippakuntaneuvoston, seurakunnanneuvoston, kappelineuvoston, vaalilautakunnan ja kiinteist\u00f6lautakunnan j\u00e4senet sek\u00e4 kirkonis\u00e4nn\u00f6itsij\u00e4t ja rukoushuoneiden is\u00e4nn\u00f6itsij\u00e4t; p\u00e4\u00e4tt\u00e4\u00e4 papiston ja kanttorien teht\u00e4vien perustamisesta, lakkauttamisesta ja muuttamisesta; valita papit, diakonit ja kanttorit; p\u00e4\u00e4tt\u00e4\u00e4 hautausmaan perustamisesta, laajentamisesta ja lakkauttamisesta; hyv\u00e4ksy\u00e4 seurakunnan toiminta- ja taloussuunnitelma; ja hyv\u00e4ksy\u00e4 seurakunnan talousarvio.<\/p>\n\n\n\n<p><a href=\"https:\/\/ort.fi\/turku\/vuoden-2025-seurakunnanvaltuuston-poytakirjat\/\">Vuoden 2025 seurakunnanvaltuuston p\u00f6yt\u00e4kirjat<\/a> (linkki)<\/p>\n\n\n\n<p><a href=\"https:\/\/ort.fi\/turku\/vuoden-2024-seurakunnanvaltuuston-poytakirjat\/\">Vuoden 2024 seurakunnanvaltuuston p\u00f6yt\u00e4kirjat<\/a> (linkki)<\/p>\n\n\n\n<p><a href=\"https:\/\/ort.fi\/turku\/vuoden-2023-seurakunnanvaltuuston-poytakirjat\/\">Vuoden 2023 seurakunnanvaltuuston p\u00f6yt\u00e4kirjat<\/a> (linkki)<\/p>\n","protected":false},"excerpt":{"rendered":"<p>Laki ortodoksista kirkosta pyk\u00e4l\u00e4n 56 ja kirkkoj\u00e4rjestyksen pyk\u00e4l\u00e4n 87 mukaan seurakunnan korkein elin on seurakunnanvaltuusto, joka k\u00e4ytt\u00e4\u00e4 seurakunnan p\u00e4\u00e4t\u00f6svaltaa. Seurakunnanvaltuusto on tietyiss\u00e4 asioissa alisteinen hiippakunnan piispalle. Turun ortodoksisen seurakunnan seurakunnanvaltuuston j\u00e4senet kaudelle 2024-2027 ovat: Florea Maria, Harikkala-Laihinen Riikka, (varapuheenjohtaja), Kaari Tapio, Koponen Riitta, Kulmala Kalle, Kuusela Maisa (varapuheenjohtaja), Lampropoulos Ioannis (kirkkoherra), Lehtinen Leena, Nikolaev Kirill,&hellip; <a class=\"continue\" href=\"https:\/\/ort.fi\/turku\/seurakunnanvaltuusto\/\">Continue Reading<span> Seurakunnanvaltuusto<\/span><\/a><\/p>\n","protected":false},"author":3,"featured_media":0,"parent":0,"menu_order":0,"comment_status":"closed","ping_status":"closed","template":"","meta":{"slim_seo":{"title":"Seurakunnanvaltuusto - Turun ortodoksinen seurakunta","description":"Laki ortodoksista kirkosta pyk\u00e4l\u00e4n 56 ja kirkkoj\u00e4rjestyksen pyk\u00e4l\u00e4n 87 mukaan seurakunnan korkein elin on seurakunnanvaltuusto, joka k\u00e4ytt\u00e4\u00e4 seurakunnan p\u00e4\u00e4t\u00f6sv"},"footnotes":""},"class_list":["post-385","page","type-page","status-publish"],"_links":{"self":[{"href":"https:\/\/ort.fi\/turku\/wp-json\/wp\/v2\/pages\/385","targetHints":{"allow":["GET"]}}],"collection":[{"href":"https:\/\/ort.fi\/turku\/wp-json\/wp\/v2\/pages"}],"about":[{"href":"https:\/\/ort.fi\/turku\/wp-json\/wp\/v2\/types\/page"}],"author":[{"embeddable":true,"href":"https:\/\/ort.fi\/turku\/wp-json\/wp\/v2\/users\/3"}],"replies":[{"embeddable":true,"href":"https:\/\/ort.fi\/turku\/wp-json\/wp\/v2\/comments?post=385"}],"version-history":[{"count":0,"href":"https:\/\/ort.fi\/turku\/wp-json\/wp\/v2\/pages\/385\/revisions"}],"wp:attachment":[{"href":"https:\/\/ort.fi\/turku\/wp-json\/wp\/v2\/media?parent=385"}],"curies":[{"name":"wp","href":"https:\/\/api.w.org\/{rel}","templated":true}]}}