{"id":3815,"date":"2024-12-12T13:03:31","date_gmt":"2024-12-12T11:03:31","guid":{"rendered":"https:\/\/ort.fi\/ortturkusrk\/?page_id=3815"},"modified":"2025-12-21T15:40:18","modified_gmt":"2025-12-21T13:40:18","slug":"aleksandran-kahvila","status":"publish","type":"page","link":"https:\/\/ort.fi\/turku\/aleksandran-kahvila\/","title":{"rendered":"Aleksandran kahvila"},"content":{"rendered":"\n<p>Tervetuloa Aleksandran kahvilaan kuukausittain <strong>keskiviikkoisin klo 15 \u201319.30<\/strong>: Kahvilassa on mahdollisuus seurustella kahvikupin \u00e4\u00e4rell\u00e4, pelata lautapelej\u00e4, lainata seurakunnan kirjastosta kirjoja ja neuloa k\u00e4sit\u00f6it\u00e4. Alla olevassa kalenterissa on n\u00e4kyvill\u00e4 kahvilan kokoontumisp\u00e4iv\u00e4t. Kahvilatoiminta on tauolla kes\u00e4- ja hein\u00e4kuussa.<\/p>\n\n\n\n<p>Kev\u00e4\u00e4ll\u00e4 2026 kahvila avoinna keskiviikkoisin klo 15-19.30: 4.2., 11.3., 15.4., 6.5.<\/p>\n\n\n\n<p>Osoite: Aleksandra-sali Yliopistonkatu 19B3, 20100 Turku<\/p>\n\n\n\n<p>L\u00e4mpim\u00e4sti tervetuloa!<\/p>\n\n\n\n<iframe width='1300' height='1000' frameborder='0' scrolling='auto'\nmarginheight='0' marginwidth='0' style=\".otsikko {font-size: large;}\"\nsrc='https:\/\/www.mvsoy.fi\/data\/ort\/turku\/lehteen\/tapahtumat.phtml?hakualue%5B%5D=Aleksandran kahvila'><\/iframe>\n","protected":false},"excerpt":{"rendered":"<p>Tervetuloa Aleksandran kahvilaan kuukausittain keskiviikkoisin klo 15 \u201319.30: Kahvilassa on mahdollisuus seurustella kahvikupin \u00e4\u00e4rell\u00e4, pelata lautapelej\u00e4, lainata seurakunnan kirjastosta kirjoja ja neuloa k\u00e4sit\u00f6it\u00e4. Alla olevassa kalenterissa on n\u00e4kyvill\u00e4 kahvilan kokoontumisp\u00e4iv\u00e4t. Kahvilatoiminta on tauolla kes\u00e4- ja hein\u00e4kuussa. Kev\u00e4\u00e4ll\u00e4 2026 kahvila avoinna keskiviikkoisin klo 15-19.30: 4.2., 11.3., 15.4., 6.5. Osoite: Aleksandra-sali Yliopistonkatu 19B3, 20100 Turku L\u00e4mpim\u00e4sti tervetuloa!<\/p>\n","protected":false},"author":13,"featured_media":9361,"parent":0,"menu_order":0,"comment_status":"closed","ping_status":"closed","template":"","meta":{"slim_seo":{"title":"Aleksandran kahvila - Turun ortodoksinen seurakunta","description":"Tervetuloa Aleksandran kahvilaan kuukausittain keskiviikkoisin klo 15 \u201319.30 : Kahvilassa on mahdollisuus seurustella kahvikupin \u00e4\u00e4rell\u00e4, pelata lautapelej\u00e4, la"},"footnotes":""},"class_list":["post-3815","page","type-page","status-publish","has-post-thumbnail"],"_links":{"self":[{"href":"https:\/\/ort.fi\/turku\/wp-json\/wp\/v2\/pages\/3815","targetHints":{"allow":["GET"]}}],"collection":[{"href":"https:\/\/ort.fi\/turku\/wp-json\/wp\/v2\/pages"}],"about":[{"href":"https:\/\/ort.fi\/turku\/wp-json\/wp\/v2\/types\/page"}],"author":[{"embeddable":true,"href":"https:\/\/ort.fi\/turku\/wp-json\/wp\/v2\/users\/13"}],"replies":[{"embeddable":true,"href":"https:\/\/ort.fi\/turku\/wp-json\/wp\/v2\/comments?post=3815"}],"version-history":[{"count":7,"href":"https:\/\/ort.fi\/turku\/wp-json\/wp\/v2\/pages\/3815\/revisions"}],"predecessor-version":[{"id":9365,"href":"https:\/\/ort.fi\/turku\/wp-json\/wp\/v2\/pages\/3815\/revisions\/9365"}],"wp:featuredmedia":[{"embeddable":true,"href":"https:\/\/ort.fi\/turku\/wp-json\/wp\/v2\/media\/9361"}],"wp:attachment":[{"href":"https:\/\/ort.fi\/turku\/wp-json\/wp\/v2\/media?parent=3815"}],"curies":[{"name":"wp","href":"https:\/\/api.w.org\/{rel}","templated":true}]}}