{"id":369,"date":"2024-04-30T10:26:42","date_gmt":"2024-04-30T07:26:42","guid":{"rendered":"https:\/\/ort.fi\/ortturkusrk\/?page_id=369"},"modified":"2026-02-05T12:11:46","modified_gmt":"2026-02-05T10:11:46","slug":"seurakunnanneuvosto","status":"publish","type":"page","link":"https:\/\/ort.fi\/turku\/seurakunnanneuvosto\/","title":{"rendered":"Seurakunnanneuvosto"},"content":{"rendered":"\n<p class=\"has-medium-font-size\">Laki ortodoksista kirkosta 59 pyk\u00e4l\u00e4n mukaan seurakunnanneuvoston teht\u00e4v\u00e4n\u00e4 on edist\u00e4\u00e4 seurakunnan hengellist\u00e4 el\u00e4m\u00e4\u00e4, vastata seurakunnan hallinnosta ja taloudenhoidosta sek\u00e4 seurakunnanvaltuuston p\u00e4\u00e4t\u00f6sten valmistelusta, laillisuuden valvonnasta ja t\u00e4yt\u00e4nt\u00f6\u00f6npanosta. Lis\u00e4ksi, seurakunnanneuvosto valvoo seurakunnan etua, edustaa seurakuntaa ja k\u00e4ytt\u00e4\u00e4 sen puhevaltaa, jollei t\u00e4ss\u00e4 laissa tai kirkkoj\u00e4rjestyksess\u00e4 toisin s\u00e4\u00e4det\u00e4.<\/p>\n\n\n\n<p class=\"has-medium-font-size\">Turun ortodoksisen seurakunnan seurakunnanneuvoston j\u00e4senet kaudelle 2024-2027 ovat: Raija Kivim\u00e4ki, Mauno S\u00e4rkk\u00e4, Hannele Kontsas-V\u00e4h\u00e4silta, Anna-Leena Maunila, Lenni Sigfridsson (varapuheenjohtaja), Kalle Kulmala ja Jyri Luonila. Lis\u00e4ksi seurakunnan neuvoston j\u00e4senin\u00e4 ovat kirkkoherra Ioannis Lampropoulos (puheenjohtaja) ja p\u00e4\u00e4kirkon is\u00e4nn\u00f6itsij\u00e4 Kaisa Ivaska-Papaioannou. Ty\u00f6ntekij\u00f6iden (pappien ja kanttorien) edustaja toimii is\u00e4 Vladimiros Rusanen (31.8.2025 saakka).<\/p>\n\n\n\n<p class=\"has-medium-font-size\"><a href=\"https:\/\/ort.fi\/turku\/vuoden-2026-seurakunnanneuvoston-poytakirjat\/\" title=\"\">Vuoden 2026 seurakunnanneuvoston p\u00f6yt\u00e4kirjat (linkki)<\/a><\/p>\n\n\n\n<p class=\"has-medium-font-size\"><a href=\"https:\/\/ort.fi\/turku\/vuoden-2025-seurakunnanneuvoston-poytakirjat\/\">Vuoden 2025 seurakunnanneuvoston p\u00f6yt\u00e4kirjat (linkki)<\/a><\/p>\n\n\n\n<p class=\"has-medium-font-size\"><a href=\"https:\/\/ort.fi\/turku\/vuoden-2024-poytakirjat\/\">Vuoden 2024 seurakunnanneuvoston p\u00f6yt\u00e4kirjat (linkki)<\/a><\/p>\n\n\n\n<p class=\"has-medium-font-size\"><a href=\"https:\/\/ort.fi\/turku\/vuoden-2023-seurakunnanneuvoston-poytakirjat\/\">Vuoden 2023 seurakunnanneuvoston p\u00f6yt\u00e4kirjat (linkki)<\/a><\/p>\n","protected":false},"excerpt":{"rendered":"<p>Laki ortodoksista kirkosta 59 pyk\u00e4l\u00e4n mukaan seurakunnanneuvoston teht\u00e4v\u00e4n\u00e4 on edist\u00e4\u00e4 seurakunnan hengellist\u00e4 el\u00e4m\u00e4\u00e4, vastata seurakunnan hallinnosta ja taloudenhoidosta sek\u00e4 seurakunnanvaltuuston p\u00e4\u00e4t\u00f6sten valmistelusta, laillisuuden valvonnasta ja t\u00e4yt\u00e4nt\u00f6\u00f6npanosta. Lis\u00e4ksi, seurakunnanneuvosto valvoo seurakunnan etua, edustaa seurakuntaa ja k\u00e4ytt\u00e4\u00e4 sen puhevaltaa, jollei t\u00e4ss\u00e4 laissa tai kirkkoj\u00e4rjestyksess\u00e4 toisin s\u00e4\u00e4det\u00e4. Turun ortodoksisen seurakunnan seurakunnanneuvoston j\u00e4senet kaudelle 2024-2027 ovat: Raija Kivim\u00e4ki, Mauno&hellip; <a class=\"continue\" href=\"https:\/\/ort.fi\/turku\/seurakunnanneuvosto\/\">Continue Reading<span> Seurakunnanneuvosto<\/span><\/a><\/p>\n","protected":false},"author":3,"featured_media":4977,"parent":0,"menu_order":0,"comment_status":"closed","ping_status":"closed","template":"","meta":{"slim_seo":{"title":"Seurakunnanneuvosto - Turun ortodoksinen seurakunta","description":"Laki ortodoksista kirkosta 59 pyk\u00e4l\u00e4n mukaan seurakunnanneuvoston teht\u00e4v\u00e4n\u00e4 on edist\u00e4\u00e4 seurakunnan hengellist\u00e4 el\u00e4m\u00e4\u00e4, vastata seurakunnan hallinnosta ja taloud"},"footnotes":""},"class_list":["post-369","page","type-page","status-publish","has-post-thumbnail"],"_links":{"self":[{"href":"https:\/\/ort.fi\/turku\/wp-json\/wp\/v2\/pages\/369","targetHints":{"allow":["GET"]}}],"collection":[{"href":"https:\/\/ort.fi\/turku\/wp-json\/wp\/v2\/pages"}],"about":[{"href":"https:\/\/ort.fi\/turku\/wp-json\/wp\/v2\/types\/page"}],"author":[{"embeddable":true,"href":"https:\/\/ort.fi\/turku\/wp-json\/wp\/v2\/users\/3"}],"replies":[{"embeddable":true,"href":"https:\/\/ort.fi\/turku\/wp-json\/wp\/v2\/comments?post=369"}],"version-history":[{"count":4,"href":"https:\/\/ort.fi\/turku\/wp-json\/wp\/v2\/pages\/369\/revisions"}],"predecessor-version":[{"id":9895,"href":"https:\/\/ort.fi\/turku\/wp-json\/wp\/v2\/pages\/369\/revisions\/9895"}],"wp:featuredmedia":[{"embeddable":true,"href":"https:\/\/ort.fi\/turku\/wp-json\/wp\/v2\/media\/4977"}],"wp:attachment":[{"href":"https:\/\/ort.fi\/turku\/wp-json\/wp\/v2\/media?parent=369"}],"curies":[{"name":"wp","href":"https:\/\/api.w.org\/{rel}","templated":true}]}}